{"id":96,"date":"2018-08-08T10:55:41","date_gmt":"2018-08-08T08:55:41","guid":{"rendered":"https:\/\/visionsdafrique.fr\/2024\/?page_id=96"},"modified":"2024-09-17T14:26:41","modified_gmt":"2024-09-17T12:26:41","slug":"archives","status":"publish","type":"page","link":"https:\/\/visionsdafrique.fr\/2024\/archives\/","title":{"rendered":"\u00c9ditions pr\u00e9c\u00e9dentes"},"content":{"rendered":"\n<div class=\"wp-block-uagb-container uagb-block-89696477 alignfull uagb-is-root-container\"><div class=\"uagb-container-inner-blocks-wrap\">\n<blockquote class=\"wp-block-quote is-layout-flow wp-block-quote-is-layout-flow\">\n<h2 class=\"wp-block-heading\">Retour sur les moments forts<br>du festival <em>Visions d&rsquo;Afrique<\/em><\/h2>\n\n\n\n<p>Acc\u00e9dez aux films pr\u00e9sent\u00e9s lors des anciennes \u00e9ditions du festival <em>Visions d&rsquo;Afrique<\/em>, les cin\u00e9astes et auteurs invit\u00e9s, ainsi que conf\u00e9rences, toutes les photos et vid\u00e9os.<\/p>\n<\/blockquote>\n\n\n\n<div style=\"height:3rem\" aria-hidden=\"true\" class=\"wp-block-spacer\"><\/div>\n\n\n\n<div class=\"wp-block-uagb-container uagb-layout-grid uagb-block-3a464ca0 alignfull uagb-is-root-container\"><div class=\"uagb-container-inner-blocks-wrap\">\n<div class=\"wp-block-uagb-container film-page-card uagb-block-4faf8c2a\">\n<div class=\"wp-block-uagb-info-box uagb-block-39e7f1ac uagb-infobox__content-wrap  uagb-infobox_cta-type-all uagb-infobox-icon-above-title uagb-infobox-image-valign-top\"><a href=\"\/editions\/2023\" class=\"uagb-infobox-link-wrap uagb-infbox__link-to-all\" target=\"_self\" aria-label=\"Infobox Link\" rel=\"noopener noreferrer\" onclick=\"return true;\"><\/a><div class=\"uagb-ifb-content\"><div class=\"uagb-ifb-image-content\"><img decoding=\"async\" src=\"https:\/\/visionsdafrique.fr\/2024\/wp-content\/uploads\/sites\/9\/2023\/09\/VISIONS-D-AFRIQUE_AFFICHE_2023.jpg\" alt=\"Visions d'Afrique - 1'e \u00e9dition 2023 - Du 18 au 24 octobre - LEs Rencontres Cin\u00e9matographiques du pays Marennes Ol\u00e9ron\" width=\"100\" height=\"141\" loading=\"lazy\"\/><\/div><div class=\"uagb-ifb-title-wrap\"><h3 class=\"uagb-ifb-title\">14<sup>e<\/sup> \u00e9dition<\/h3><\/div><p class=\"uagb-ifb-desc\">Du 18 au 24 octobre 2023<\/p><div class=\"uagb-ifb-button-wrapper wp-block-button\"><\/div><\/div><\/div>\n<\/div>\n\n\n\n<div class=\"wp-block-uagb-container film-page-card uagb-block-9cf974be\">\n<div class=\"wp-block-uagb-info-box uagb-block-d26c317d uagb-infobox__content-wrap  uagb-infobox_cta-type-all uagb-infobox-icon-above-title uagb-infobox-image-valign-top\"><a href=\"\/editions\/2022\" class=\"uagb-infobox-link-wrap uagb-infbox__link-to-all\" target=\"_self\" aria-label=\"Infobox Link\" rel=\"noopener noreferrer\" onclick=\"return true;\"><\/a><div class=\"uagb-ifb-content\"><div class=\"uagb-ifb-image-content\"><img decoding=\"async\" src=\"https:\/\/visionsdafrique.fr\/2024\/wp-content\/uploads\/sites\/9\/2022\/07\/Visuel_facebook_VISIONS-D-AFRIQUE_AFFICHE_2022.jpg\" alt=\"\" width=\"100\" height=\"141\" loading=\"lazy\"\/><\/div><div class=\"uagb-ifb-title-wrap\"><h3 class=\"uagb-ifb-title\">13<sup>e<\/sup> \u00e9dition<\/h3><\/div><p class=\"uagb-ifb-desc\">Du 19 au 25 octobre 2022<\/p><div class=\"uagb-ifb-button-wrapper wp-block-button\"><\/div><\/div><\/div>\n<\/div>\n\n\n\n<div class=\"wp-block-uagb-container film-page-card uagb-block-20588e80\">\n<div class=\"wp-block-uagb-info-box uagb-block-112c489a uagb-infobox__content-wrap  uagb-infobox_cta-type-all uagb-infobox-icon-above-title uagb-infobox-image-valign-top\"><a href=\"\/editions\/2021\" class=\"uagb-infobox-link-wrap uagb-infbox__link-to-all\" target=\"_self\" aria-label=\"Infobox Link\" rel=\"noopener noreferrer\" onclick=\"return true;\"><\/a><div class=\"uagb-ifb-content\"><div class=\"uagb-ifb-image-content\"><img decoding=\"async\" src=\"https:\/\/visionsdafrique.fr\/2024\/wp-content\/uploads\/sites\/9\/2021\/08\/VISIONS-D-AFRIQUE_AFFICHE_2021_RVB.jpg\" alt=\"\" width=\"100\" height=\"141\" loading=\"lazy\"\/><\/div><div class=\"uagb-ifb-title-wrap\"><h3 class=\"uagb-ifb-title\">12<sup>e<\/sup> \u00e9dition<\/h3><\/div><p class=\"uagb-ifb-desc\">Du 20 au 26 octobre 2021<\/p><div class=\"uagb-ifb-button-wrapper wp-block-button\"><\/div><\/div><\/div>\n<\/div>\n\n\n\n<div class=\"wp-block-uagb-container film-page-card uagb-block-8ef866a3\">\n<div class=\"wp-block-uagb-info-box uagb-block-b19d8add uagb-infobox__content-wrap  uagb-infobox_cta-type-all uagb-infobox-icon-above-title uagb-infobox-image-valign-top\"><a href=\"\/editions\/2020\" class=\"uagb-infobox-link-wrap uagb-infbox__link-to-all\" target=\"_self\" aria-label=\"Infobox Link\" rel=\"noopener noreferrer\" onclick=\"return true;\"><\/a><div class=\"uagb-ifb-content\"><div class=\"uagb-ifb-image-content\"><img decoding=\"async\" src=\"https:\/\/visionsdafrique.fr\/2024\/wp-content\/uploads\/sites\/9\/2020\/09\/VISIONS-D-AFRIQUE_AFFICHE_2020.jpg\" alt=\"\" width=\"100\" height=\"141\" loading=\"lazy\"\/><\/div><div class=\"uagb-ifb-title-wrap\"><h3 class=\"uagb-ifb-title\">11<sup>e<\/sup> \u00e9dition<\/h3><\/div><p class=\"uagb-ifb-desc\">Du 14 au 20 octobre 2020<br><strong style=\"font-size: 16px; color: #191e23;\">10 ans de Visions d&rsquo;Afrique<\/strong><\/p><div class=\"uagb-ifb-button-wrapper wp-block-button\"><\/div><\/div><\/div>\n<\/div>\n\n\n\n<div class=\"wp-block-uagb-container film-page-card uagb-block-5616af5e\">\n<div class=\"wp-block-uagb-info-box uagb-block-ccf4fbe5 uagb-infobox__content-wrap  uagb-infobox_cta-type-all uagb-infobox-icon-above-title uagb-infobox-image-valign-top\"><a href=\"\/editions\/2019\" class=\"uagb-infobox-link-wrap uagb-infbox__link-to-all\" target=\"_self\" aria-label=\"Infobox Link\" rel=\"noopener noreferrer\" onclick=\"return true;\"><\/a><div class=\"uagb-ifb-content\"><div class=\"uagb-ifb-image-content\"><img decoding=\"async\" src=\"https:\/\/visionsdafrique.fr\/2024\/wp-content\/uploads\/sites\/9\/2019\/08\/2019_AFFICHE_VISIONS-DAFRIQUE.png\" alt=\"\" width=\"100\" height=\"141\" loading=\"lazy\"\/><\/div><div class=\"uagb-ifb-title-wrap\"><h3 class=\"uagb-ifb-title\">10<sup>e<\/sup> \u00e9dition<\/h3><\/div><p class=\"uagb-ifb-desc\">Du 16 au 22 octobre 2019<\/p><div class=\"uagb-ifb-button-wrapper wp-block-button\"><\/div><\/div><\/div>\n<\/div>\n\n\n\n<div class=\"wp-block-uagb-container film-page-card uagb-block-89710d9c\">\n<div class=\"wp-block-uagb-info-box uagb-block-7f09e2ac uagb-infobox__content-wrap  uagb-infobox_cta-type-all uagb-infobox-icon-above-title uagb-infobox-image-valign-top\"><a href=\"\/editions\/2018\" class=\"uagb-infobox-link-wrap uagb-infbox__link-to-all\" target=\"_self\" aria-label=\"Infobox Link\" rel=\"noopener noreferrer\" onclick=\"return true;\"><\/a><div class=\"uagb-ifb-content\"><div class=\"uagb-ifb-image-content\"><img decoding=\"async\" src=\"https:\/\/visionsdafrique.fr\/2024\/wp-content\/uploads\/sites\/9\/2018\/09\/visions-d-afrique_affiche2018.jpg\" alt=\"\" width=\"100\" height=\"140\" loading=\"lazy\"\/><\/div><div class=\"uagb-ifb-title-wrap\"><h3 class=\"uagb-ifb-title\">9<sup>e<\/sup> \u00e9dition<\/h3><\/div><p class=\"uagb-ifb-desc\">Du 17 au 23 octobre 2018<br><strong style=\"font-size: 16px; color: #191e23;\">Hommage \u00e0 Paul Vieyra<\/strong><\/p><div class=\"uagb-ifb-button-wrapper wp-block-button\"><\/div><\/div><\/div>\n<\/div>\n\n\n\n<div class=\"wp-block-uagb-container film-page-card uagb-block-0266ce79\">\n<div class=\"wp-block-uagb-info-box uagb-block-ce459a2d uagb-infobox__content-wrap  uagb-infobox_cta-type-all uagb-infobox-icon-above-title uagb-infobox-image-valign-top\"><a href=\"\/editions\/2017\" class=\"uagb-infobox-link-wrap uagb-infbox__link-to-all\" target=\"_self\" aria-label=\"Infobox Link\" rel=\"noopener noreferrer\" onclick=\"return true;\"><\/a><div class=\"uagb-ifb-content\"><div class=\"uagb-ifb-image-content\"><img decoding=\"async\" src=\"https:\/\/visionsdafrique.fr\/2024\/wp-content\/uploads\/sites\/9\/2018\/09\/visionsdafrique-affiche-2017.jpg\" alt=\"\" width=\"100\" height=\"141\" loading=\"lazy\"\/><\/div><div class=\"uagb-ifb-title-wrap\"><h3 class=\"uagb-ifb-title\">8<sup>e<\/sup> \u00e9dition<\/h3><\/div><p class=\"uagb-ifb-desc\">Du 18 au 24 octobre 2017<br><strong style=\"font-size: 16px; color: #191e23;\">Jean Rouch et son oeuvre<\/strong><\/p><div class=\"uagb-ifb-button-wrapper wp-block-button\"><\/div><\/div><\/div>\n<\/div>\n\n\n\n<div class=\"wp-block-uagb-container film-page-card uagb-block-15f791bb\">\n<div class=\"wp-block-uagb-info-box uagb-block-eb7719e9 uagb-infobox__content-wrap  uagb-infobox_cta-type-all uagb-infobox-icon-above-title uagb-infobox-image-valign-top\"><a href=\"\/editions\/2016\" class=\"uagb-infobox-link-wrap uagb-infbox__link-to-all\" target=\"_self\" aria-label=\"Infobox Link\" rel=\"noopener noreferrer\" onclick=\"return true;\"><\/a><div class=\"uagb-ifb-content\"><div class=\"uagb-ifb-image-content\"><img decoding=\"async\" src=\"https:\/\/visionsdafrique.fr\/2024\/wp-content\/uploads\/sites\/9\/2018\/09\/visionsdafrique-affiche-2016.jpg\" alt=\"\" width=\"100\" height=\"141\" loading=\"lazy\"\/><\/div><div class=\"uagb-ifb-title-wrap\"><h3 class=\"uagb-ifb-title\">7<sup>e<\/sup> \u00e9dition<\/h3><\/div><p class=\"uagb-ifb-desc\">Du 12 au 18 octobre 2016<br><strong style=\"font-size: 16px; color: #191e23;\">L&rsquo;Afrique, continent de l &lsquo;Avenir ?<\/strong><\/p><div class=\"uagb-ifb-button-wrapper wp-block-button\"><\/div><\/div><\/div>\n<\/div>\n\n\n\n<div class=\"wp-block-uagb-container film-page-card uagb-block-d851c081\">\n<div class=\"wp-block-uagb-info-box uagb-block-157236aa uagb-infobox__content-wrap  uagb-infobox_cta-type-all uagb-infobox-icon-above-title uagb-infobox-image-valign-top\"><a href=\"\/editions\/2015\" class=\"uagb-infobox-link-wrap uagb-infbox__link-to-all\" target=\"_self\" aria-label=\"Infobox Link\" rel=\"noopener noreferrer\" onclick=\"return true;\"><\/a><div class=\"uagb-ifb-content\"><div class=\"uagb-ifb-image-content\"><img decoding=\"async\" src=\"https:\/\/visionsdafrique.fr\/2024\/wp-content\/uploads\/sites\/9\/2018\/09\/visionsdafrique-affiche-2015.jpg\" alt=\"\" width=\"100\" height=\"141\" loading=\"lazy\"\/><\/div><div class=\"uagb-ifb-title-wrap\"><h3 class=\"uagb-ifb-title\">6<sup>e<\/sup> \u00e9dition<\/h3><\/div><p class=\"uagb-ifb-desc\">Du 14 au 20 octobre 2015<br><strong style=\"font-size: 16px; color: #191e23;\">Le Burkina Faso : Bient\u00f4t la D\u00e9mocratie ?<\/strong><\/p><div class=\"uagb-ifb-button-wrapper wp-block-button\"><\/div><\/div><\/div>\n<\/div>\n\n\n\n<div class=\"wp-block-uagb-container film-page-card uagb-block-deec93da\">\n<div class=\"wp-block-uagb-info-box uagb-block-5ead7d36 uagb-infobox__content-wrap  uagb-infobox_cta-type-all uagb-infobox-icon-above-title uagb-infobox-image-valign-top\"><a href=\"\/editions\/2014\" class=\"uagb-infobox-link-wrap uagb-infbox__link-to-all\" target=\"_self\" aria-label=\"Infobox Link\" rel=\"noopener noreferrer\" onclick=\"return true;\"><\/a><div class=\"uagb-ifb-content\"><div class=\"uagb-ifb-image-content\"><img decoding=\"async\" src=\"https:\/\/visionsdafrique.fr\/2024\/wp-content\/uploads\/sites\/9\/2018\/09\/visionsdafrique-affiche-2014.jpg\" alt=\"\" width=\"100\" height=\"141\" loading=\"lazy\"\/><\/div><div class=\"uagb-ifb-title-wrap\"><h3 class=\"uagb-ifb-title\">5<sup>e<\/sup> \u00e9dition<\/h3><\/div><p class=\"uagb-ifb-desc\">Du 15 au 21 octobre 2014<br><strong style=\"font-size: 16px; color: #191e23;\">Les tirailleurs noirs<\/strong><\/p><div class=\"uagb-ifb-button-wrapper wp-block-button\"><\/div><\/div><\/div>\n<\/div>\n\n\n\n<div class=\"wp-block-uagb-container film-page-card uagb-block-27360a34\">\n<div class=\"wp-block-uagb-info-box uagb-block-bd13e937 uagb-infobox__content-wrap  uagb-infobox_cta-type-all uagb-infobox-icon-above-title uagb-infobox-image-valign-top\"><a href=\"\/editions\/2013\" class=\"uagb-infobox-link-wrap uagb-infbox__link-to-all\" target=\"_self\" aria-label=\"Infobox Link\" rel=\"noopener noreferrer\" onclick=\"return true;\"><\/a><div class=\"uagb-ifb-content\"><div class=\"uagb-ifb-image-content\"><img decoding=\"async\" src=\"https:\/\/visionsdafrique.fr\/2024\/wp-content\/uploads\/sites\/9\/2018\/09\/visionsdafrique-2013-e1537945690551.jpg\" alt=\"\" width=\"100\" height=\"141\" loading=\"lazy\"\/><\/div><div class=\"uagb-ifb-title-wrap\"><h3 class=\"uagb-ifb-title\">4<sup>e<\/sup> \u00e9dition<\/h3><\/div><p class=\"uagb-ifb-desc\">Du 16 au 22 octobre 2013<br><strong style=\"font-size: 16px; color: #191e23;\">Le Mali, miroir du Monde ?<\/strong><\/p><div class=\"uagb-ifb-button-wrapper wp-block-button\"><\/div><\/div><\/div>\n<\/div>\n\n\n\n<div class=\"wp-block-uagb-container film-page-card uagb-block-59ba78f2\">\n<div class=\"wp-block-uagb-info-box uagb-block-d1dd75ec uagb-infobox__content-wrap  uagb-infobox_cta-type-all uagb-infobox-icon-above-title uagb-infobox-image-valign-top\"><a href=\"\/editions\/2012\" class=\"uagb-infobox-link-wrap uagb-infbox__link-to-all\" target=\"_self\" aria-label=\"Infobox Link\" rel=\"noopener noreferrer\" onclick=\"return true;\"><\/a><div class=\"uagb-ifb-content\"><div class=\"uagb-ifb-image-content\"><img decoding=\"async\" src=\"https:\/\/visionsdafrique.fr\/2024\/wp-content\/uploads\/sites\/9\/2018\/09\/visionsdafrique-2012.jpg\" alt=\"\" width=\"100\" height=\"141\" loading=\"lazy\"\/><\/div><div class=\"uagb-ifb-title-wrap\"><h3 class=\"uagb-ifb-title\">3<sup>e<\/sup> \u00e9dition<\/h3><\/div><p class=\"uagb-ifb-desc\">Du 24 au 30 octobre 2012<br><strong style=\"font-size: 16px; color: #191e23;\">Le cin\u00e9ma au service du combat contre le sida<\/strong><\/p><div class=\"uagb-ifb-button-wrapper wp-block-button\"><\/div><\/div><\/div>\n<\/div>\n\n\n\n<div class=\"wp-block-uagb-container film-page-card uagb-block-f2ae1b69\">\n<div class=\"wp-block-uagb-info-box uagb-block-cbe5b523 uagb-infobox__content-wrap  uagb-infobox_cta-type-all uagb-infobox-icon-above-title uagb-infobox-image-valign-top\"><a href=\"\/editions\/2011\" class=\"uagb-infobox-link-wrap uagb-infbox__link-to-all\" target=\"_self\" aria-label=\"Infobox Link\" rel=\"noopener noreferrer\" onclick=\"return true;\"><\/a><div class=\"uagb-ifb-content\"><div class=\"uagb-ifb-image-content\"><img decoding=\"async\" src=\"https:\/\/visionsdafrique.fr\/2024\/wp-content\/uploads\/sites\/9\/2019\/01\/affiche-2011.jpg\" alt=\"\" width=\"100\" height=\"141\" loading=\"lazy\"\/><\/div><div class=\"uagb-ifb-title-wrap\"><h3 class=\"uagb-ifb-title\">2<sup>e<\/sup> \u00e9dition<\/h3><\/div><p class=\"uagb-ifb-desc\">Du 19 au 25 octobre 2011<br><strong style=\"font-size: 16px; color: #191e23;\">Le paysan africain face \u00e0 la mondialisation : le cas du coton<\/strong><\/p><div class=\"uagb-ifb-button-wrapper wp-block-button\"><\/div><\/div><\/div>\n<\/div>\n\n\n\n<div class=\"wp-block-uagb-container film-page-card uagb-block-0ab8f213\">\n<div class=\"wp-block-uagb-info-box uagb-block-c7cea306 uagb-infobox__content-wrap  uagb-infobox_cta-type-all uagb-infobox-icon-above-title uagb-infobox-image-valign-top\"><a href=\"\/editions\/2010\" class=\"uagb-infobox-link-wrap uagb-infbox__link-to-all\" target=\"_self\" aria-label=\"Infobox Link\" rel=\"noopener noreferrer\" onclick=\"return true;\"><\/a><div class=\"uagb-ifb-content\"><div class=\"uagb-ifb-image-content\"><img decoding=\"async\" src=\"https:\/\/visionsdafrique.fr\/2024\/wp-content\/uploads\/sites\/9\/2019\/01\/affiche-2010.jpg\" alt=\"\" width=\"100\" height=\"143\" loading=\"lazy\"\/><\/div><div class=\"uagb-ifb-title-wrap\"><h3 class=\"uagb-ifb-title\">1<sup>\u00e8re<\/sup> \u00e9dition<\/h3><\/div><p class=\"uagb-ifb-desc\">Du 24 au 30 novembre 2010<br><strong style=\"font-size: 16px; color: #191e23;\">Afrique, 50 ans d\u2019ind\u00e9pendance ou de nouvelles d\u00e9pendances ?<\/strong><\/p><div class=\"uagb-ifb-button-wrapper wp-block-button\"><\/div><\/div><\/div>\n<\/div>\n<\/div><\/div>\n\n\n\n<div class=\"wp-block-group\"><div class=\"wp-block-group__inner-container is-layout-constrained wp-block-group-is-layout-constrained\">\n<div style=\"height:5rem\" aria-hidden=\"true\" class=\"wp-block-spacer\"><\/div>\n\n\n\n<h2 class=\"wp-block-heading\">Naissance des rencontres des cin\u00e9mas d\u2019Afrique<\/h2>\n\n\n\n<p>\u00ab&nbsp;Ce jour-l\u00e0, le temps \u00e9tait frais et pluvieux&nbsp;; c\u2019\u00e9tait le mercredi 24 novembre 2010.&nbsp;&nbsp;<br>\u00c0 18h, au cin\u00e9ma l\u2019Eldorado, \u00e0 Saint-Pierre d\u2019Ol\u00e9ron, eut lieu la projection de <em>L\u2019Homme qui crie<\/em> du Tchadien Mahamat Saleh Haroun, suivie \u00e0 21h par celle de <em>Touki Bouki<\/em>, le chef d\u2019\u0153uvre de Djibril Diop Mambety\u2026 29 spectateurs au total pour les deux s\u00e9ances de ce premier jour&nbsp;!&nbsp;<\/p>\n\n\n\n<p><em>Visions d\u2019Afrique<\/em> venait de na\u00eetre, gr\u00e2ce \u00e0 un \u00e9tonnant concours de circonstances improbables.&nbsp;<\/p>\n\n\n\n<p>Au point de d\u00e9part, un groupe d\u2019amis attach\u00e9s \u00e0 l\u2019Afrique que d\u2019autres amis de Rochefort (Festival Rochefort Pacifique) persuadent de cr\u00e9er un festival des cin\u00e9mas d\u2019Afrique. Tr\u00e8s vite, avec la bienveillance des dieux du septi\u00e8me art, le groupe trouve les fonds n\u00e9cessaires \u00e0 l\u2019op\u00e9ration gr\u00e2ce au soutien du d\u00e9partement de Charente-Maritime dont un vice-pr\u00e9sident,&nbsp;cin\u00e9phile, r\u00e9agit avec promptitude, puis gr\u00e2ce au concours d\u00e9cisif du Secr\u00e9tariat g\u00e9n\u00e9ral du Cinquantenaire des ind\u00e9pendances africaines\u2026 Pour les films, la cin\u00e9math\u00e8que Afrique de l\u2019Institut fran\u00e7ais (Paris) se r\u00e9v\u00e9la un partenaire essentiel, fournissant la moiti\u00e9 des copies du programme. Sans doute s\u00e9duit par la na\u00efvet\u00e9 (ou la passion) de notre groupe, l\u2019un des ma\u00eetres incontest\u00e9s des cin\u00e9mas d\u2019Afrique, le Burkinab\u00e9 Gaston Kabor\u00e9, accepta de parrainer la manifestation naissante et de venir pr\u00e9senter ses films, tout comme la jeune cin\u00e9aste s\u00e9n\u00e9galaise Dyana Gaye (<em>Un Transport en commun<\/em>).&nbsp;<\/p>\n\n\n\n<p>Nous disposions donc des \u00ab sous&nbsp;\u00bb, des films et des cin\u00e9astes&nbsp;; nous \u00e9tions sur un petit nuage.&nbsp;<\/p>\n\n\n\n<p>H\u00e9las, le projet ne recueillit pas l\u2019accueil esp\u00e9r\u00e9 \u00e0 Rochefort, la Cit\u00e9 des Demoiselles, pas plus c\u00f4t\u00e9 cin\u00e9ma que c\u00f4t\u00e9 municipalit\u00e9. Douche froide, donc\u2026&nbsp;<\/p>\n\n\n\n<p>C\u2019est alors (sans doute une nouvelle intervention des dieux de la pellicule) que les responsables de la culture au d\u00e9partement nous sugg\u00e9r\u00e8rent de pr\u00e9senter le projet \u00e0 de \u00ab&nbsp;grands professionnels cin\u00e9philes \u00bb dirigeant les cin\u00e9mas du Pays Marennes Ol\u00e9ron, par ailleurs fortement soutenus par les municipalit\u00e9s. Quelques jours plus tard, rendez-vous au cin\u00e9ma l\u2019Eldorado, avec son directeur, Philippe Chagneau. Un peu surpris par cette proposition de festival \u201cafricain\u201d formul\u00e9e par un couple inconnu, il ne lui fallut pourtant que quelques dizaines de minutes pour impliquer dans ce projet l\u2019Association <em>Le Local<\/em>, gestionnaire de l\u2019Eldorado (Saint-Pierre-d\u2019Ol\u00e9ron) et de l\u2019Estran (Marennes) des cin\u00e9mas plut\u00f4t art et essai, on s\u2019en doute. Il fut d\u00e9cid\u00e9 de mettre en chantier, pour novembre 2010, la premi\u00e8re \u00e9dition de ces rencontres baptis\u00e9es \u00abRencontres cin\u00e9matographiques du Pays Marennes Ol\u00e9ron-Visions d\u2019Afrique\u00bb.&nbsp;<\/p>\n\n\n\n<blockquote class=\"wp-block-quote is-layout-flow wp-block-quote-is-layout-flow\">\n<p><strong>Ainsi commen\u00e7a l\u2019aventure&nbsp;!&nbsp;<br><\/strong>La premi\u00e8re \u00e9dition (24 au 30 novembre 2010) rassembla plus de 600 personnes en 24 s\u00e9ances de cin\u00e9ma (17 \u00e0 l\u2019Eldorado et 7 \u00e0 l\u2019Estran). Tous convinrent qu&rsquo;apr\u00e8s ce bon d\u00e9but, une deuxi\u00e8me session s\u2019imposait, programm\u00e9e en octobre 2011\u2026<\/p>\n\n\n\n<p>Depuis, ann\u00e9es et \u00e9ditions se sont succ\u00e9d\u00e9es chaque mois d\u2019octobre !&nbsp;Jusqu\u2019\u00e0 cette 15<sup>e<\/sup> \u00e9dition de <em>Visions d\u2019Afrique (<\/em>16 au 22 octobre 2024).<\/p>\n<\/blockquote>\n\n\n\n<p><strong>G\u00e9rard La Cognata<\/strong><\/p>\n\n\n\n<div class=\"wp-block-uagb-image alignleft uagb-block-8a59c7bf wp-block-uagb-image--layout-default wp-block-uagb-image--effect-static wp-block-uagb-image--align-left\"><figure class=\"wp-block-uagb-image__figure\"><img decoding=\"async\" srcset=\"https:\/\/visionsdafrique.fr\/2024\/wp-content\/uploads\/sites\/9\/2024\/09\/gerard-la-cognata.webp ,https:\/\/visionsdafrique.fr\/2024\/wp-content\/uploads\/sites\/9\/2024\/09\/gerard-la-cognata.webp 780w, https:\/\/visionsdafrique.fr\/2024\/wp-content\/uploads\/sites\/9\/2024\/09\/gerard-la-cognata.webp 360w\" sizes=\"auto, (max-width: 480px) 150px\" src=\"https:\/\/visionsdafrique.fr\/2024\/wp-content\/uploads\/sites\/9\/2024\/09\/gerard-la-cognata.webp\" alt=\"\" class=\"uag-image-6116\" width=\"240\" height=\"240\" title=\"gerard-la-cognata\" loading=\"lazy\" role=\"img\"\/><\/figure><\/div>\n\n\n\n<div style=\"height:5rem\" aria-hidden=\"true\" class=\"wp-block-spacer\"><\/div>\n<\/div><\/div>\n<\/div><\/div>\n","protected":false},"excerpt":{"rendered":"<p>Retour sur les moments fortsdu festival Visions d&rsquo;Afrique Acc\u00e9dez aux films pr\u00e9sent\u00e9s lors des anciennes \u00e9ditions du festival Visions d&rsquo;Afrique, les cin\u00e9astes et auteurs invit\u00e9s, ainsi que conf\u00e9rences, toutes les photos et vid\u00e9os. Naissance des rencontres des cin\u00e9mas d\u2019Afrique \u00ab&nbsp;Ce jour-l\u00e0, le temps \u00e9tait frais et pluvieux&nbsp;; c\u2019\u00e9tait le mercredi 24 novembre 2010.&nbsp;&nbsp;\u00c0 18h, au [&hellip;]<\/p>\n","protected":false},"author":1,"featured_media":0,"parent":0,"menu_order":12,"comment_status":"closed","ping_status":"closed","template":"","meta":{"_acf_changed":false,"_uag_custom_page_level_css":"","footnotes":""},"class_list":["post-96","page","type-page","status-publish","hentry"],"acf":[],"uagb_featured_image_src":{"full":false,"thumbnail":false,"medium":false,"medium_large":false,"large":false,"1536x1536":false,"2048x2048":false},"uagb_author_info":{"display_name":"Julien","author_link":"https:\/\/visionsdafrique.fr\/2024\/author\/hapi_admin\/"},"uagb_comment_info":0,"uagb_excerpt":"Retour sur les moments fortsdu festival Visions d&rsquo;Afrique Acc\u00e9dez aux films pr\u00e9sent\u00e9s lors des anciennes \u00e9ditions du festival Visions d&rsquo;Afrique, les cin\u00e9astes et auteurs invit\u00e9s, ainsi que conf\u00e9rences, toutes les photos et vid\u00e9os. Naissance des rencontres des cin\u00e9mas d\u2019Afrique \u00ab&nbsp;Ce jour-l\u00e0, le temps \u00e9tait frais et pluvieux&nbsp;; c\u2019\u00e9tait le mercredi 24 novembre 2010.&nbsp;&nbsp;\u00c0 18h, au\u2026","_links":{"self":[{"href":"https:\/\/visionsdafrique.fr\/2024\/wp-json\/wp\/v2\/pages\/96","targetHints":{"allow":["GET"]}}],"collection":[{"href":"https:\/\/visionsdafrique.fr\/2024\/wp-json\/wp\/v2\/pages"}],"about":[{"href":"https:\/\/visionsdafrique.fr\/2024\/wp-json\/wp\/v2\/types\/page"}],"author":[{"embeddable":true,"href":"https:\/\/visionsdafrique.fr\/2024\/wp-json\/wp\/v2\/users\/1"}],"replies":[{"embeddable":true,"href":"https:\/\/visionsdafrique.fr\/2024\/wp-json\/wp\/v2\/comments?post=96"}],"version-history":[{"count":74,"href":"https:\/\/visionsdafrique.fr\/2024\/wp-json\/wp\/v2\/pages\/96\/revisions"}],"predecessor-version":[{"id":6642,"href":"https:\/\/visionsdafrique.fr\/2024\/wp-json\/wp\/v2\/pages\/96\/revisions\/6642"}],"wp:attachment":[{"href":"https:\/\/visionsdafrique.fr\/2024\/wp-json\/wp\/v2\/media?parent=96"}],"curies":[{"name":"wp","href":"https:\/\/api.w.org\/{rel}","templated":true}]}}