{"id":94,"date":"2018-08-08T10:55:23","date_gmt":"2018-08-08T08:55:23","guid":{"rendered":"https:\/\/visionsdafrique.fr\/2024\/?page_id=94"},"modified":"2024-09-17T10:03:35","modified_gmt":"2024-09-17T08:03:35","slug":"infos-pratiques-contact","status":"publish","type":"page","link":"https:\/\/visionsdafrique.fr\/2024\/infos-pratiques-contact\/","title":{"rendered":"Infos pratiques \/ contact"},"content":{"rendered":"\n<div class=\"wp-block-uagb-container uagb-block-41a2006c alignfull uagb-is-root-container\"><div class=\"uagb-container-inner-blocks-wrap\">\n<h2 class=\"wp-block-heading\">Les s\u00e9ances<\/h2>\n\n\n\n<blockquote class=\"wp-block-quote is-layout-flow wp-block-quote-is-layout-flow\">\n<p><strong>Les Rencontres se d\u00e9roulent dans les salles de cin\u00e9ma de l&rsquo;Eldorado \u00e0 Saint-Pierre d&rsquo;Ol\u00e9ron et de l&rsquo;Estran \u00e0 Marennes.<\/strong><\/p>\n<\/blockquote>\n\n\n\n<div class=\"wp-block-columns is-layout-flex wp-container-core-columns-is-layout-9d6595d7 wp-block-columns-is-layout-flex\">\n<div class=\"wp-block-column is-layout-flow wp-block-column-is-layout-flow\">\n<h3 class=\"wp-block-heading\">Cin\u00e9ma l&rsquo;Eldorado<\/h3>\n\n\n\n<p>5, rue de la R\u00e9publique<br>17310 St Pierre d\u2019Oleron<br>05 46 47 82 31<br><span style=\"font-size: revert; color: initial; font-family: -apple-system, BlinkMacSystemFont, &quot;Segoe UI&quot;, Roboto, Oxygen-Sans, Ubuntu, Cantarell, &quot;Helvetica Neue&quot;, sans-serif;\">local.marennes@bbox.fr<\/span><br>@cin\u00e9ma.eldorado.7<\/p>\n\n\n\t\t\t<div \n\t\t\tclass=\"wp-block-uagb-google-map uagb-google-map__wrap uagb-block-a1de4105     \"\n\t\t\tstyle=\"\" >\n\t\t\t\t<embed\n\t\t\t\t\tclass=\"uagb-google-map__iframe\"\n\t\t\t\t\ttitle=\"Carte Google pour \"\n\t\t\t\t\tsrc=\"https:\/\/maps.google.com\/maps?q=Cin%C3%A9ma%20l%27Eldorado%20%205%2C%20rue%20de%20la%20R%C3%A9publique%2017310%20St%20Pierre%20d%E2%80%99Oleron&#038;z=15&#038;hl=fr&#038;t=m&#038;output=embed&#038;iwloc=near\"\n\t\t\t\t\twidth=\"640\"\n\t\t\t\t\theight=\"300\"\n\t\t\t\t\tloading=\"lazy\"\n\t\t\t\t><\/embed>\n\t\t\t<\/div>\n\t\t\t<\/div>\n\n\n\n<div class=\"wp-block-column is-layout-flow wp-block-column-is-layout-flow\">\n<h3 class=\"wp-block-heading\">Cin\u00e9ma&nbsp;l\u2019Estran<\/h3>\n\n\n\n<p>Place Carnot<br>17320 Marennes<br>05 46 36 30 61<br>local.marennes@gmail.com<br>@estran.marennes<\/p>\n\n\n\t\t\t<div \n\t\t\tclass=\"wp-block-uagb-google-map uagb-google-map__wrap uagb-block-8d1d3908     \"\n\t\t\tstyle=\"\" >\n\t\t\t\t<embed\n\t\t\t\t\tclass=\"uagb-google-map__iframe\"\n\t\t\t\t\ttitle=\"Carte Google pour \"\n\t\t\t\t\tsrc=\"https:\/\/maps.google.com\/maps?q=cin%C3%A9ma%20l%27estran%20Place%20Carnot%2017320%20Marennes&#038;z=15&#038;hl=fr&#038;t=m&#038;output=embed&#038;iwloc=near\"\n\t\t\t\t\twidth=\"640\"\n\t\t\t\t\theight=\"300\"\n\t\t\t\t\tloading=\"lazy\"\n\t\t\t\t><\/embed>\n\t\t\t<\/div>\n\t\t\t<\/div>\n<\/div>\n\n\n\n<div class=\"wp-block-group p-5 has-background\" style=\"background-color:#f1f1f1\"><div class=\"wp-block-group__inner-container is-layout-constrained wp-block-group-is-layout-constrained\">\n<h2 class=\"wp-block-heading mt-0\">Tarifs<\/h2>\n\n\n\n<p><strong>Cin\u00e9ma<\/strong><br>&gt; Tarif normal : 8,00 \u20ac<br>&gt; Adh\u00e9rent LOCAL : 6,50 \u20ac<br>&gt; -14 ans : 4,50 \u20ac<\/p>\n\n\n\n<p><strong>Abonnement 5 films :<\/strong> 25,00 \u20ac<\/p>\n\n\n\n<p><strong>Soir\u00e9e de la 15e \u00e9dition &#8211; vendredi 18 octobre &#8211; Eldorado<br><\/strong>&gt; Tarif normal : 20,00 \u20ac \/<br>&gt; Adh\u00e9rents LOCAL, Afriques en Sc\u00e8ne et UTL : 18,00 \u20ac\/<br>&gt; -25 ans : 14,00 \u20ac<\/p>\n\n\n\n<p><strong>Soir\u00e9e de cl\u00f4ture &#8211; mardi 22 octobre &#8211; Estran<br><\/strong>&gt; Tarif normal : 16,00 \u20ac<br>&gt; Tarif r\u00e9duit : 13,00 \u20ac<\/p>\n\n\n\n<p><strong>Tous les soirs entre 19 h et 21 h au cin\u00e9ma l\u2019Eldorado,<br>Suzy vous propose ses plats et desserts pour 16,00 \u20ac,<br>et Tom ses assiettes de 6 hu\u00eetres \u00e0 6,50 \u20ac.<\/strong><\/p>\n\n\n\n<p><strong>Samedi, dimanche et mardi \u00e0 l\u2019int\u00e9rieur du cin\u00e9ma l\u2019Estran, la cuisine roulante La Chign\u2019iole vous propose entr\u00e9e+plat+dessert pour 15,00 \u20ac.<br>06 33 80 44 29<\/strong><\/p>\n<\/div><\/div>\n\n\n\n<h2 class=\"wp-block-heading\">Contacter l&rsquo;organisation du festival<\/h2>\n\n\n\n<p>www.local-oleron-marennes.fr<\/p>\n\n\n\n<h3 class=\"wp-block-heading\">Afriques en sc\u00e8ne et Le Local<\/h3>\n\n\n\n<p>5, rue de la R\u00e9publique<br>17310 Saint Pierre d\u2019Ol\u00e9ron<br>06 19 29 52 71<br>afriques_en_scene@yahoo.fr<\/p>\n\n\n\n<h2 class=\"wp-block-heading\">Informations sur le pays Marennes Ol\u00e9ron,<br>ses villes et ses villages<\/h2>\n\n\n\n<blockquote class=\"wp-block-quote is-layout-flow wp-block-quote-is-layout-flow\">\n<p>Toutes les informations pour le s\u00e9jour sur les 6 sites suivants qui vous disent tout sur le Pays Marennes Ol\u00e9ron et ses charmes :<\/p>\n<\/blockquote>\n\n\n\n<p><strong>Le Pays<\/strong><br>www.marennes-oleron.com<\/p>\n\n\n\n<p><strong>Le tourisme<\/strong><br>www.ile-oleron-marennes.com<\/p>\n\n\n\n<p><strong>Les hu\u00eetres<\/strong><br>www.huitresmarennesoleron.info<\/p>\n\n\n\n<p><strong>Le Bassin de Marennes<\/strong><br>www.bassin-de-marennes.com<\/p>\n\n\n\n<p><strong>L&rsquo;\u00eele et ses villages<\/strong><br>www.cdc-oleron.com<\/p>\n\n\n\n<p><strong>La cit\u00e9 de Marennes<\/strong><br>www.marennes.fr<\/p>\n\n\n\n<p><strong>La ville de Saint Pierre d&rsquo;Ol\u00e9ron<\/strong><br>www.saint-pierre-oleron.com<\/p>\n<\/div><\/div>\n\n\n\n<div class=\"wp-block-uagb-container uagb-block-7be46411 alignfull uagb-is-root-container\"><div class=\"uagb-container-inner-blocks-wrap\">\n<div class=\"wp-block-uagb-container uagb-block-5855d922\">\n<div class=\"wp-block-uagb-image uagb-block-7646a5fc wp-block-uagb-image--layout-default wp-block-uagb-image--effect-static wp-block-uagb-image--align-none\"><figure class=\"wp-block-uagb-image__figure\"><img decoding=\"async\" srcset=\"https:\/\/visionsdafrique.fr\/2024\/wp-content\/uploads\/sites\/9\/2024\/09\/chez-suyles_pub2024-1024x975.jpg ,https:\/\/visionsdafrique.fr\/2024\/wp-content\/uploads\/sites\/9\/2024\/09\/chez-suyles_pub2024.jpg 780w, https:\/\/visionsdafrique.fr\/2024\/wp-content\/uploads\/sites\/9\/2024\/09\/chez-suyles_pub2024.jpg 360w\" sizes=\"auto, (max-width: 480px) 150px\" src=\"https:\/\/visionsdafrique.fr\/2024\/wp-content\/uploads\/sites\/9\/2024\/09\/chez-suyles_pub2024-1024x975.jpg\" alt=\"\" class=\"uag-image-6592\" width=\"1512\" height=\"1439\" title=\"chez-suyles_pub2024\" loading=\"lazy\" role=\"img\"\/><\/figure><\/div>\n<\/div>\n\n\n\n<div class=\"wp-block-uagb-container uagb-block-11da3a93\">\n<figure class=\"wp-block-image size-large\"><img loading=\"lazy\" decoding=\"async\" width=\"1024\" height=\"973\" src=\"https:\/\/visionsdafrique.fr\/2024\/wp-content\/uploads\/sites\/9\/2024\/09\/pub-la-chigniole-cuisone-roulante-1024x973.jpg\" alt=\"\" class=\"wp-image-6594\" srcset=\"https:\/\/visionsdafrique.fr\/2024\/wp-content\/uploads\/sites\/9\/2024\/09\/pub-la-chigniole-cuisone-roulante-1024x973.jpg 1024w, https:\/\/visionsdafrique.fr\/2024\/wp-content\/uploads\/sites\/9\/2024\/09\/pub-la-chigniole-cuisone-roulante-300x285.jpg 300w, https:\/\/visionsdafrique.fr\/2024\/wp-content\/uploads\/sites\/9\/2024\/09\/pub-la-chigniole-cuisone-roulante-768x730.jpg 768w, https:\/\/visionsdafrique.fr\/2024\/wp-content\/uploads\/sites\/9\/2024\/09\/pub-la-chigniole-cuisone-roulante.jpg 1114w\" sizes=\"auto, (max-width: 1024px) 100vw, 1024px\" \/><\/figure>\n<\/div>\n<\/div><\/div>\n","protected":false},"excerpt":{"rendered":"<p>Les s\u00e9ances Les Rencontres se d\u00e9roulent dans les salles de cin\u00e9ma de l&rsquo;Eldorado \u00e0 Saint-Pierre d&rsquo;Ol\u00e9ron et de l&rsquo;Estran \u00e0 Marennes. Cin\u00e9ma l&rsquo;Eldorado 5, rue de la R\u00e9publique17310 St Pierre d\u2019Oleron05 46 47 82 31local.marennes@bbox.fr@cin\u00e9ma.eldorado.7 Cin\u00e9ma&nbsp;l\u2019Estran Place Carnot17320 Marennes05 46 36 30 61local.marennes@gmail.com@estran.marennes Tarifs Cin\u00e9ma&gt; Tarif normal : 8,00 \u20ac&gt; Adh\u00e9rent LOCAL : 6,50 \u20ac&gt; [&hellip;]<\/p>\n","protected":false},"author":1,"featured_media":6012,"parent":0,"menu_order":11,"comment_status":"closed","ping_status":"closed","template":"","meta":{"_acf_changed":false,"_uag_custom_page_level_css":"","footnotes":""},"class_list":["post-94","page","type-page","status-publish","has-post-thumbnail","hentry"],"acf":[],"uagb_featured_image_src":{"full":["https:\/\/visionsdafrique.fr\/2024\/wp-content\/uploads\/sites\/9\/2024\/09\/VISIONS-DAFRIQUE_AFFICHE_2024_VISUE_2L.jpg",1920,1080,false],"thumbnail":["https:\/\/visionsdafrique.fr\/2024\/wp-content\/uploads\/sites\/9\/2024\/09\/VISIONS-DAFRIQUE_AFFICHE_2024_VISUE_2L-150x150.jpg",150,150,true],"medium":["https:\/\/visionsdafrique.fr\/2024\/wp-content\/uploads\/sites\/9\/2024\/09\/VISIONS-DAFRIQUE_AFFICHE_2024_VISUE_2L-300x169.jpg",300,169,true],"medium_large":["https:\/\/visionsdafrique.fr\/2024\/wp-content\/uploads\/sites\/9\/2024\/09\/VISIONS-DAFRIQUE_AFFICHE_2024_VISUE_2L-768x432.jpg",768,432,true],"large":["https:\/\/visionsdafrique.fr\/2024\/wp-content\/uploads\/sites\/9\/2024\/09\/VISIONS-DAFRIQUE_AFFICHE_2024_VISUE_2L-1024x576.jpg",1024,576,true],"1536x1536":["https:\/\/visionsdafrique.fr\/2024\/wp-content\/uploads\/sites\/9\/2024\/09\/VISIONS-DAFRIQUE_AFFICHE_2024_VISUE_2L-1536x864.jpg",1536,864,true],"2048x2048":["https:\/\/visionsdafrique.fr\/2024\/wp-content\/uploads\/sites\/9\/2024\/09\/VISIONS-DAFRIQUE_AFFICHE_2024_VISUE_2L.jpg",1920,1080,false]},"uagb_author_info":{"display_name":"Julien","author_link":"https:\/\/visionsdafrique.fr\/2024\/author\/hapi_admin\/"},"uagb_comment_info":0,"uagb_excerpt":"Les s\u00e9ances Les Rencontres se d\u00e9roulent dans les salles de cin\u00e9ma de l&rsquo;Eldorado \u00e0 Saint-Pierre d&rsquo;Ol\u00e9ron et de l&rsquo;Estran \u00e0 Marennes. Cin\u00e9ma l&rsquo;Eldorado 5, rue de la R\u00e9publique17310 St Pierre d\u2019Oleron05 46 47 82 31local.marennes@bbox.fr@cin\u00e9ma.eldorado.7 Cin\u00e9ma&nbsp;l\u2019Estran Place Carnot17320 Marennes05 46 36 30 61local.marennes@gmail.com@estran.marennes Tarifs Cin\u00e9ma&gt; Tarif normal : 8,00 \u20ac&gt; Adh\u00e9rent LOCAL : 6,50 \u20ac&gt;\u2026","_links":{"self":[{"href":"https:\/\/visionsdafrique.fr\/2024\/wp-json\/wp\/v2\/pages\/94","targetHints":{"allow":["GET"]}}],"collection":[{"href":"https:\/\/visionsdafrique.fr\/2024\/wp-json\/wp\/v2\/pages"}],"about":[{"href":"https:\/\/visionsdafrique.fr\/2024\/wp-json\/wp\/v2\/types\/page"}],"author":[{"embeddable":true,"href":"https:\/\/visionsdafrique.fr\/2024\/wp-json\/wp\/v2\/users\/1"}],"replies":[{"embeddable":true,"href":"https:\/\/visionsdafrique.fr\/2024\/wp-json\/wp\/v2\/comments?post=94"}],"version-history":[{"count":18,"href":"https:\/\/visionsdafrique.fr\/2024\/wp-json\/wp\/v2\/pages\/94\/revisions"}],"predecessor-version":[{"id":6595,"href":"https:\/\/visionsdafrique.fr\/2024\/wp-json\/wp\/v2\/pages\/94\/revisions\/6595"}],"wp:featuredmedia":[{"embeddable":true,"href":"https:\/\/visionsdafrique.fr\/2024\/wp-json\/wp\/v2\/media\/6012"}],"wp:attachment":[{"href":"https:\/\/visionsdafrique.fr\/2024\/wp-json\/wp\/v2\/media?parent=94"}],"curies":[{"name":"wp","href":"https:\/\/api.w.org\/{rel}","templated":true}]}}