{"id":851,"date":"2018-09-12T17:01:07","date_gmt":"2018-09-12T15:01:07","guid":{"rendered":"https:\/\/visionsdafrique.fr\/2024\/?page_id=851"},"modified":"2024-09-20T08:39:41","modified_gmt":"2024-09-20T06:39:41","slug":"soirees-speciales","status":"publish","type":"page","link":"https:\/\/visionsdafrique.fr\/2024\/soirees-speciales\/","title":{"rendered":"Les soir\u00e9es de Visions d&rsquo;Afrique"},"content":{"rendered":"\n<blockquote class=\"wp-block-quote px-5 mb-0 is-layout-flow wp-block-quote-is-layout-flow\">\n<p class=\"has-large-font-size\" style=\"font-style:normal;font-weight:700\">Deux soir\u00e9es festives : un concert plus un film<\/p>\n\n\n\n<p><strong>\u00c0 l\u2019Eldorado, le vendredi 18 \u00e0 20 h 30<\/strong>, en collaboration avec le service culturel de la ville de Saint-Pierre&nbsp;: Concert <strong>Kanazo\u00e9 Orkestra<\/strong>, projection du film <em><a href=\"https:\/\/visionsdafrique.fr\/2024\/film\/lhistoire-de-souleyman\/\" data-type=\"film\" data-id=\"5926\">L\u2019Histoire de Souleymane<\/a><\/em>.<br><strong>\u00c0 l\u2019Estran, le mardi 22, concert de cl\u00f4ture&nbsp;:<\/strong> <strong>Malick Diaw Trio<\/strong>, et le film <em><a href=\"https:\/\/visionsdafrique.fr\/2024\/film\/mami-wata\/\" data-type=\"film\" data-id=\"5994\">Mami Wata<\/a><\/em>.<\/p>\n<\/blockquote>\n\n\n\n<div data-aos= \"fade-up\" data-aos-duration=\"400\" data-aos-delay=\"0\" data-aos-easing=\"ease\" data-aos-once=\"true\" class=\"wp-block-uagb-container uagb-block-0f4f3f8f alignfull uagb-is-root-container\"><div class=\"uagb-container-inner-blocks-wrap\">\n<div class=\"wp-block-uagb-advanced-heading uagb-block-57fad034\"><h2 class=\"uagb-heading-text\">Soir\u00e9e d&rsquo;ouverture<\/h2><\/div>\n<\/div><\/div>\n\n\n\n<div class=\"wp-block-uagb-container uagb-block-718cec17 alignfull uagb-is-root-container\"><div class=\"uagb-container-inner-blocks-wrap\">\n<div class=\"wp-block-uagb-container uagb-block-d292a77d\">\n<div class=\"wp-block-uagb-container uagb-block-c2e45376\">\n<div class=\"wp-block-uagb-advanced-heading uagb-block-9e3e36e1\"><p class=\"uagb-desc-text\">Concert<\/p><h2 class=\"uagb-heading-text\">Kanazo\u00e9 Orkestra<\/h2><\/div>\n\n\n\n<p><em><strong>Organis\u00e9 en collaboration avec le service culturel de la ville de Saint-Pierre d\u2019Ol\u00e9ron.<\/strong><\/em><\/p>\n<\/div>\n\n\n\n<hr class=\"wp-block-separator has-alpha-channel-opacity\"\/>\n\n\n\n<div class=\"wp-block-uagb-container uagb-block-bf7a5078\">\n<p>Seydou Diabat\u00e9, dit \u00ab Kanazo\u00e9 \u00bb, est reconnu \u00e0 travers toute l\u2019Afrique mandingue comme un jeune g\u00e9nie du balafon pour ses prouesses techniques et sa cr\u00e9ativit\u00e9 ! Il est n\u00e9 au Burkina Faso, dans le village sambla de Tolon So. Les Sambla ne se contentent pas de jouer du balafon, ils parlent avec cet instrument. Form\u00e9 par son p\u00e8re d\u00e8s l\u2019\u00e2ge de cinq ans, il l\u2019assiste dans les c\u00e9r\u00e9monies traditionnelles ou pour encourager les travailleurs aux champs. Orphelin tr\u00e8s jeune, il rejoint son oncle \u00e0 Bobo Dioulasso pour parfaire son art jusqu\u2019\u00e0 avoir l\u2019exp\u00e9rience n\u00e9cessaire pour devenir balafon solo. Son balafon et sa musique l\u2019emm\u00e8nent en France au d\u00e9but des ann\u00e9es 2010 o\u00f9 il cr\u00e9e le groupe <strong>Kanazo\u00e9 Orkestra<\/strong>, avec des musiciens d\u2019horizons diff\u00e9rents pour cr\u00e9er une musique nouvelle et emmener le balafon sur des sentiers inexplor\u00e9s.<\/p>\n\n\n\n<h3 class=\"wp-block-heading\">Kanazo\u00e9 Orkestra, c&rsquo;est :<\/h3>\n\n\n\n<p><strong>10 ans d\u2019existence,<br>3 albums,<br>(Miriya 2016 \/ Tolonso 2019 \/ Folikadi 2022),<br>150 concerts dans 11 pays.<\/strong><\/p>\n<\/div>\n<\/div>\n\n\n\n<div class=\"wp-block-uagb-container uagb-block-6c6b0c7b\">\n<div class=\"wp-block-uagb-container uagb-block-1b488354\">\n<div class=\"wp-block-uagb-advanced-heading uagb-block-994cdc54\"><p class=\"uagb-desc-text\">Cin\u00e9ma l&rsquo;Eldorado<\/p><h2 class=\"uagb-heading-text\">Ven. 18 oct.<\/h2><\/div>\n<\/div>\n\n\n\n<div data-aos= \"fade-down\" data-aos-duration=\"400\" data-aos-delay=\"0\" data-aos-easing=\"ease\" data-aos-once=\"true\" class=\"wp-block-uagb-container uagb-block-98e1afa1\">\n<div class=\"wp-block-uagb-image uagb-block-8c3e909d wp-block-uagb-image--layout-default wp-block-uagb-image--effect-static wp-block-uagb-image--align-none\"><figure class=\"wp-block-uagb-image__figure\"><img decoding=\"async\" srcset=\"https:\/\/visionsdafrique.fr\/2024\/wp-content\/uploads\/sites\/9\/2024\/09\/Kanazo\u201a-Orkestra-Cedrick-Not-HD-11-1024x1024.jpg ,https:\/\/visionsdafrique.fr\/2024\/wp-content\/uploads\/sites\/9\/2024\/09\/Kanazo\u201a-Orkestra-Cedrick-Not-HD-11-scaled.jpg 780w, https:\/\/visionsdafrique.fr\/2024\/wp-content\/uploads\/sites\/9\/2024\/09\/Kanazo\u201a-Orkestra-Cedrick-Not-HD-11-scaled.jpg 360w\" sizes=\"auto, (max-width: 480px) 150px\" src=\"https:\/\/visionsdafrique.fr\/2024\/wp-content\/uploads\/sites\/9\/2024\/09\/Kanazo\u201a-Orkestra-Cedrick-Not-HD-11-1024x1024.jpg\" alt=\"\" class=\"uag-image-6314\" width=\"1024\" height=\"1024\" title=\"Kanazo\u201a-Orkestra-Cedrick-Not-HD (11)\" loading=\"lazy\" role=\"img\"\/><\/figure><\/div>\n<\/div>\n\n\n\n<div data-aos= \"fade-up\" data-aos-duration=\"400\" data-aos-delay=\"0\" data-aos-easing=\"ease\" data-aos-once=\"true\" class=\"wp-block-uagb-container uagb-block-c25ae26a\">\n<div class=\"wp-block-uagb-image uagb-block-c0bba96c wp-block-uagb-image--layout-default wp-block-uagb-image--effect-static wp-block-uagb-image--align-none\"><figure class=\"wp-block-uagb-image__figure\"><img decoding=\"async\" srcset=\"https:\/\/visionsdafrique.fr\/2024\/wp-content\/uploads\/sites\/9\/2024\/09\/Kanazo\u201a-Orkestra-Cedrick-Not-HD-4-1024x819.jpg ,https:\/\/visionsdafrique.fr\/2024\/wp-content\/uploads\/sites\/9\/2024\/09\/Kanazo\u201a-Orkestra-Cedrick-Not-HD-4-scaled.jpg 780w, https:\/\/visionsdafrique.fr\/2024\/wp-content\/uploads\/sites\/9\/2024\/09\/Kanazo\u201a-Orkestra-Cedrick-Not-HD-4-scaled.jpg 360w\" sizes=\"auto, (max-width: 480px) 150px\" src=\"https:\/\/visionsdafrique.fr\/2024\/wp-content\/uploads\/sites\/9\/2024\/09\/Kanazo\u201a-Orkestra-Cedrick-Not-HD-4-1024x819.jpg\" alt=\"\" class=\"uag-image-6323\" width=\"1024\" height=\"1024\" title=\"Kanazo\u201a-Orkestra-Cedrick-Not-HD (4)\" loading=\"lazy\" role=\"img\"\/><\/figure><\/div>\n<\/div>\n<\/div>\n<\/div><\/div>\n\n\n\n<div data-aos= \"fade-up\" data-aos-duration=\"400\" data-aos-delay=\"0\" data-aos-easing=\"ease\" data-aos-once=\"true\" class=\"wp-block-uagb-container uagb-block-ec698a84 alignfull uagb-is-root-container\"><div class=\"uagb-container-inner-blocks-wrap\">\n<div class=\"wp-block-media-text is-stacked-on-mobile is-image-fill border-right\" style=\"grid-template-columns:25% auto\"><figure class=\"wp-block-media-text__media\" style=\"background-image:url(https:\/\/visionsdafrique.fr\/2024\/wp-content\/uploads\/sites\/9\/2024\/09\/09_lhistoire-de-souleyman.jpg);background-position:50% 50%\"><a href=\"https:\/\/visionsdafrique.fr\/2024\/film\/lhistoire-de-souleyman\/\"><img loading=\"lazy\" decoding=\"async\" width=\"600\" height=\"592\" src=\"https:\/\/visionsdafrique.fr\/2024\/wp-content\/uploads\/sites\/9\/2024\/09\/09_lhistoire-de-souleyman.jpg\" alt=\"\" class=\"wp-image-5822 size-full\" srcset=\"https:\/\/visionsdafrique.fr\/2024\/wp-content\/uploads\/sites\/9\/2024\/09\/09_lhistoire-de-souleyman.jpg 600w, https:\/\/visionsdafrique.fr\/2024\/wp-content\/uploads\/sites\/9\/2024\/09\/09_lhistoire-de-souleyman-300x296.jpg 300w\" sizes=\"auto, (max-width: 600px) 100vw, 600px\" \/><\/a><\/figure><div class=\"wp-block-media-text__content\">\n<h2 class=\"wp-block-heading\">+ Projection du film<\/h2>\n\n\n\n<h3 class=\"wp-block-heading\"><a href=\"https:\/\/visionsdafrique.fr\/2024\/film\/lhistoire-de-souleyman\/\" data-type=\"film\" data-id=\"5926\">L&rsquo;Histoire de Souleymane<\/a><\/h3>\n\n\n\n<p><strong>de Boris Lojkine<br>France, Allemagne \u2022 2024 \u2022 Fiction \u2022 1 h 32 \u2022 VO fran\u00e7ais<\/strong><\/p>\n<\/div><\/div>\n<\/div><\/div>\n\n\n\n<div class=\"wp-block-uagb-container uagb-block-3f2f5235 alignfull uagb-is-root-container\"><div class=\"uagb-container-inner-blocks-wrap\">\n<div class=\"wp-block-uagb-advanced-heading uagb-block-4ffd6478\"><h2 class=\"uagb-heading-text\">Soir\u00e9e de cl\u00f4ture<\/h2><\/div>\n<\/div><\/div>\n\n\n\n<div class=\"wp-block-uagb-container uagb-block-b18c5fe0 alignfull uagb-is-root-container\"><div class=\"uagb-container-inner-blocks-wrap\">\n<div class=\"wp-block-uagb-container uagb-block-efdebc95\">\n<div class=\"wp-block-uagb-container uagb-block-c43fb405\">\n<div class=\"wp-block-uagb-advanced-heading uagb-block-849b30fc\"><p class=\"uagb-desc-text\">Concert<\/p><h2 class=\"uagb-heading-text\">Malick<br>Diaw<br>Trio<\/h2><\/div>\n<\/div>\n\n\n\n<div data-aos= \"fade-up\" data-aos-duration=\"400\" data-aos-delay=\"0\" data-aos-easing=\"ease\" data-aos-once=\"true\" class=\"wp-block-uagb-container uagb-block-8eca36d0\">\n<div class=\"wp-block-uagb-image uagb-block-3335ca13 wp-block-uagb-image--layout-default wp-block-uagb-image--effect-static wp-block-uagb-image--align-none\"><figure class=\"wp-block-uagb-image__figure\"><img decoding=\"async\" srcset=\"https:\/\/visionsdafrique.fr\/2024\/wp-content\/uploads\/sites\/9\/2024\/09\/FeullietEXTERIEURportada-1-1024x960.jpg ,https:\/\/visionsdafrique.fr\/2024\/wp-content\/uploads\/sites\/9\/2024\/09\/FeullietEXTERIEURportada-1.jpg 780w, https:\/\/visionsdafrique.fr\/2024\/wp-content\/uploads\/sites\/9\/2024\/09\/FeullietEXTERIEURportada-1.jpg 360w\" sizes=\"auto, (max-width: 480px) 150px\" src=\"https:\/\/visionsdafrique.fr\/2024\/wp-content\/uploads\/sites\/9\/2024\/09\/FeullietEXTERIEURportada-1-1024x960.jpg\" alt=\"\" class=\"uag-image-6359\" width=\"1024\" height=\"960\" title=\"FeullietEXTERIEUR(portada) (1)\" loading=\"lazy\" role=\"img\"\/><\/figure><\/div>\n\n\n\n<p class=\"p-5\"><strong>Malick a commenc\u00e9 l\u2019enregistrement de son prochain album depuis l\u2019\u00e9t\u00e9 2022 et compte le sortir au cours de l\u2019ann\u00e9e 2024.<\/strong><\/p>\n<\/div>\n<\/div>\n\n\n\n<div data-aos= \"fade-up\" data-aos-duration=\"400\" data-aos-delay=\"0\" data-aos-easing=\"ease\" data-aos-once=\"true\" class=\"wp-block-uagb-container uagb-block-3cb4c38e\">\n<div data-aos= \"fade-up\" data-aos-duration=\"400\" data-aos-delay=\"0\" data-aos-easing=\"ease\" data-aos-once=\"true\" class=\"wp-block-uagb-container uagb-block-fea4fe7f alignfull uagb-is-root-container\"><div class=\"uagb-container-inner-blocks-wrap\">\n<div class=\"wp-block-media-text is-stacked-on-mobile is-image-fill border-right border-bottom\" style=\"grid-template-columns:40% auto\"><figure class=\"wp-block-media-text__media\" style=\"background-image:url(https:\/\/visionsdafrique.fr\/2024\/wp-content\/uploads\/sites\/9\/2024\/09\/Malick-Diaw_1642-2-1-1024x682.jpg);background-position:50% 50%\"><a href=\"https:\/\/visionsdafrique.fr\/2024\/film\/lhistoire-de-souleyman\/\"><img loading=\"lazy\" decoding=\"async\" width=\"1024\" height=\"682\" src=\"https:\/\/visionsdafrique.fr\/2024\/wp-content\/uploads\/sites\/9\/2024\/09\/Malick-Diaw_1642-2-1-1024x682.jpg\" alt=\"\" class=\"wp-image-6347 size-full\" srcset=\"https:\/\/visionsdafrique.fr\/2024\/wp-content\/uploads\/sites\/9\/2024\/09\/Malick-Diaw_1642-2-1-1024x682.jpg 1024w, https:\/\/visionsdafrique.fr\/2024\/wp-content\/uploads\/sites\/9\/2024\/09\/Malick-Diaw_1642-2-1-300x200.jpg 300w, https:\/\/visionsdafrique.fr\/2024\/wp-content\/uploads\/sites\/9\/2024\/09\/Malick-Diaw_1642-2-1-768x512.jpg 768w, https:\/\/visionsdafrique.fr\/2024\/wp-content\/uploads\/sites\/9\/2024\/09\/Malick-Diaw_1642-2-1-1536x1024.jpg 1536w, https:\/\/visionsdafrique.fr\/2024\/wp-content\/uploads\/sites\/9\/2024\/09\/Malick-Diaw_1642-2-1.jpg 1772w\" sizes=\"auto, (max-width: 1024px) 100vw, 1024px\" \/><\/a><\/figure><div class=\"wp-block-media-text__content\">\n<div class=\"wp-block-uagb-advanced-heading uagb-block-5d5ec976\"><p class=\"uagb-desc-text\">Cin\u00e9ma l&rsquo;Estran<\/p><h2 class=\"uagb-heading-text\">Mar. 22 oct.<\/h2><\/div>\n<\/div><\/div>\n<\/div><\/div>\n\n\n\n<div class=\"wp-block-uagb-container uagb-block-703fd50e\">\n<p><strong>Malick Diaw en TRIO (Guitare \/ voix, calebasse, bassiste)<\/strong><\/p>\n\n\n\n<p>Guitariste, auteur, compositeur et interpr\u00e8te, Malick DIAW est un musicien s\u00e9n\u00e9galais install\u00e9 \u00e0 Paris. Sa musique penche vers l\u2019afro-folk, m\u00eal\u00e9e de sons touareg ou mandingue, mais aussi de blues, de rock et de jazz. Elle oscille entre rythmes africains et europ\u00e9ens et peut s\u2019accompagner de percussions (djemb\u00e9, sabar, calebasse\u2026), basse, batterie ou m\u00eame guitare acoustique et ch\u0153urs. Tout au long de son parcours, Malick a \u00e9t\u00e9 influenc\u00e9 par des musiciens tels qu\u2019Isma\u00ebl L\u00f4, Salif Keita, Ali Farka Tour\u00e9, Youssou Ndour \u2026<\/p>\n\n\n\n<p>Au cours de sa carri\u00e8re il a pu accompagner certaines personnalit\u00e9s de la musique Africaine comme Ghalia B\u00e9nali (Tunisie), Les Tour\u00e9 Kunda (S\u00e9n\u00e9gal), Mari\u00e9m Hassan (Sahara Occidental), Oumar P\u00e8ne (S\u00e9n\u00e9gal) \u2026..<br>Apr\u00e8s avoir particip\u00e9 \u00e0 une quinzaine d\u2019albums, et effectu\u00e9 plusieurs tourn\u00e9es en accompagnant de grandes stars de la musique africaine, Malick a travaill\u00e9 sur ses propres compositions. Il a pu pr\u00e9senter son premier album en solo intitul\u00e9 \u00ab Ainsi va la vie \u00bb en novembre 2015, puis son Ep sorti en avril 2018 intitul\u00e9 \u00ab Thiowli \u00bb. Il a ainsi pu pr\u00e9senter ses compositions dans plusieurs villes du monde : \u00c0 l\u2019Intruso Bar, \u00e0 Madrid, en 2015, en 2016, au Malandar Music Club de S\u00e9ville, au Pllek \u00e0 Amsterdam (Pays-Bas), et au Schn\u00fcrschuh Theater \u00e0 Bremen (Allemagne) le 2 Avril 2016. Puis au Studio de l\u2019Ermitage \u00e0 Paris en novembre 2018, \u00e0 l\u2019espace culturel l\u2019Arthuss \u00e0 Wintzenheim en Alsace (f\u00e9vrier 2022), au Festival Africlap de Toulouse (27 Ao\u00fbt 2022), au Jazz Caf\u00e9 Dizzy \u00e0 Rotterdam en novembre 2022 en enfin \u00e0 Dreux en Ao\u00fbt 2023 lors du Festival \u00ab L\u2019\u00e9t\u00e9 sous les charmes \u00bb .<\/p>\n<\/div>\n\n\n\n<div class=\"wp-block-uagb-container uagb-block-338df29f alignfull uagb-is-root-container\"><div class=\"uagb-container-inner-blocks-wrap\"><\/div><\/div>\n<\/div>\n<\/div><\/div>\n\n\n\n<div class=\"wp-block-uagb-container uagb-block-faf2aef0 alignfull uagb-is-root-container\"><div class=\"uagb-container-inner-blocks-wrap\">\n<div class=\"wp-block-media-text is-stacked-on-mobile is-image-fill border-right\" style=\"grid-template-columns:25% auto\"><figure class=\"wp-block-media-text__media\" style=\"background-image:url(https:\/\/visionsdafrique.fr\/2024\/wp-content\/uploads\/sites\/9\/2024\/09\/14_mami-wata.jpg);background-position:50% 50%\"><a href=\"https:\/\/visionsdafrique.fr\/2024\/film\/mami-wata\/\"><img loading=\"lazy\" decoding=\"async\" width=\"480\" height=\"720\" src=\"https:\/\/visionsdafrique.fr\/2024\/wp-content\/uploads\/sites\/9\/2024\/09\/14_mami-wata.jpg\" alt=\"\" class=\"wp-image-5826 size-full\" srcset=\"https:\/\/visionsdafrique.fr\/2024\/wp-content\/uploads\/sites\/9\/2024\/09\/14_mami-wata.jpg 480w, https:\/\/visionsdafrique.fr\/2024\/wp-content\/uploads\/sites\/9\/2024\/09\/14_mami-wata-200x300.jpg 200w\" sizes=\"auto, (max-width: 480px) 100vw, 480px\" \/><\/a><\/figure><div class=\"wp-block-media-text__content\">\n<h2 class=\"wp-block-heading\">+ Projection du film<\/h2>\n\n\n\n<h3 class=\"wp-block-heading\"><a href=\"https:\/\/visionsdafrique.fr\/2024\/film\/mami-wata\" data-type=\"film\" data-id=\"5926\">Mami Wata<\/a><\/h3>\n\n\n\n<p><strong>de Luck Razanajaona<br>Fiction &#8211; Drame &#8211; 2023 &#8211; 1 h 21 &#8211; Afrique du Sud, France, Madagascar &#8211; VO sous-titr\u00e9e, malgache &amp; fran\u00e7ais<\/strong><\/p>\n<\/div><\/div>\n<\/div><\/div>\n\n\n\n<div data-aos= \"fade-up\" data-aos-duration=\"400\" data-aos-delay=\"0\" data-aos-easing=\"ease\" data-aos-once=\"true\" class=\"wp-block-uagb-container bottom-link-section uagb-block-c2152a05 alignfull uagb-is-root-container\"><div class=\"uagb-container-inner-blocks-wrap\">\n<div class=\"wp-block-uagb-icon-list uagb-block-f9e30db5\"><div class=\"uagb-icon-list__wrap\">\n<div class=\"wp-block-uagb-icon-list-child uagb-block-6f6f1b1d\"><span class=\"uagb-icon-list__source-wrap\"><svg xmlns=\"https:\/\/www.w3.org\/2000\/svg\" viewBox=\"0 0 320 512\"><path d=\"M96 480c-8.188 0-16.38-3.125-22.62-9.375c-12.5-12.5-12.5-32.75 0-45.25L242.8 256L73.38 86.63c-12.5-12.5-12.5-32.75 0-45.25s32.75-12.5 45.25 0l192 192c12.5 12.5 12.5 32.75 0 45.25l-192 192C112.4 476.9 104.2 480 96 480z\"><\/path><\/svg><\/span><span class=\"uagb-icon-list__label\">Le programme complet<\/span><\/div>\n<\/div><\/div>\n<\/div><a class=\"spectra-container-link-overlay\" rel=\"noopener\" href=\"https:\/\/visionsdafrique.fr\/2024\/programme\/\"> <\/a><\/div>\n","protected":false},"excerpt":{"rendered":"<p>Deux soir\u00e9es festives : un concert plus un film \u00c0 l\u2019Eldorado, le vendredi 18 \u00e0 20 h 30, en collaboration avec le service culturel de la ville de Saint-Pierre&nbsp;: Concert Kanazo\u00e9 Orkestra, projection du film L\u2019Histoire de Souleymane.\u00c0 l\u2019Estran, le mardi 22, concert de cl\u00f4ture&nbsp;: Malick Diaw Trio, et le film Mami Wata. Soir\u00e9e d&rsquo;ouverture [&hellip;]<\/p>\n","protected":false},"author":1,"featured_media":6310,"parent":0,"menu_order":5,"comment_status":"closed","ping_status":"closed","template":"","meta":{"_acf_changed":false,"_uag_custom_page_level_css":"","footnotes":""},"class_list":["post-851","page","type-page","status-publish","has-post-thumbnail","hentry"],"acf":[],"uagb_featured_image_src":{"full":["https:\/\/visionsdafrique.fr\/2024\/wp-content\/uploads\/sites\/9\/2024\/09\/Kanazo\u201a-Orkestra-Cedrick-Not-HD-12-scaled.jpg",2560,2048,false],"thumbnail":["https:\/\/visionsdafrique.fr\/2024\/wp-content\/uploads\/sites\/9\/2024\/09\/Kanazo\u201a-Orkestra-Cedrick-Not-HD-12-150x150.jpg",150,150,true],"medium":["https:\/\/visionsdafrique.fr\/2024\/wp-content\/uploads\/sites\/9\/2024\/09\/Kanazo\u201a-Orkestra-Cedrick-Not-HD-12-300x240.jpg",300,240,true],"medium_large":["https:\/\/visionsdafrique.fr\/2024\/wp-content\/uploads\/sites\/9\/2024\/09\/Kanazo\u201a-Orkestra-Cedrick-Not-HD-12-768x614.jpg",768,614,true],"large":["https:\/\/visionsdafrique.fr\/2024\/wp-content\/uploads\/sites\/9\/2024\/09\/Kanazo\u201a-Orkestra-Cedrick-Not-HD-12-1024x819.jpg",1024,819,true],"1536x1536":["https:\/\/visionsdafrique.fr\/2024\/wp-content\/uploads\/sites\/9\/2024\/09\/Kanazo\u201a-Orkestra-Cedrick-Not-HD-12-1536x1229.jpg",1536,1229,true],"2048x2048":["https:\/\/visionsdafrique.fr\/2024\/wp-content\/uploads\/sites\/9\/2024\/09\/Kanazo\u201a-Orkestra-Cedrick-Not-HD-12-2048x1638.jpg",2048,1638,true]},"uagb_author_info":{"display_name":"Julien","author_link":"https:\/\/visionsdafrique.fr\/2024\/author\/hapi_admin\/"},"uagb_comment_info":0,"uagb_excerpt":"Deux soir\u00e9es festives : un concert plus un film \u00c0 l\u2019Eldorado, le vendredi 18 \u00e0 20 h 30, en collaboration avec le service culturel de la ville de Saint-Pierre&nbsp;: Concert Kanazo\u00e9 Orkestra, projection du film L\u2019Histoire de Souleymane.\u00c0 l\u2019Estran, le mardi 22, concert de cl\u00f4ture&nbsp;: Malick Diaw Trio, et le film Mami Wata. Soir\u00e9e d&rsquo;ouverture\u2026","_links":{"self":[{"href":"https:\/\/visionsdafrique.fr\/2024\/wp-json\/wp\/v2\/pages\/851","targetHints":{"allow":["GET"]}}],"collection":[{"href":"https:\/\/visionsdafrique.fr\/2024\/wp-json\/wp\/v2\/pages"}],"about":[{"href":"https:\/\/visionsdafrique.fr\/2024\/wp-json\/wp\/v2\/types\/page"}],"author":[{"embeddable":true,"href":"https:\/\/visionsdafrique.fr\/2024\/wp-json\/wp\/v2\/users\/1"}],"replies":[{"embeddable":true,"href":"https:\/\/visionsdafrique.fr\/2024\/wp-json\/wp\/v2\/comments?post=851"}],"version-history":[{"count":127,"href":"https:\/\/visionsdafrique.fr\/2024\/wp-json\/wp\/v2\/pages\/851\/revisions"}],"predecessor-version":[{"id":6718,"href":"https:\/\/visionsdafrique.fr\/2024\/wp-json\/wp\/v2\/pages\/851\/revisions\/6718"}],"wp:featuredmedia":[{"embeddable":true,"href":"https:\/\/visionsdafrique.fr\/2024\/wp-json\/wp\/v2\/media\/6310"}],"wp:attachment":[{"href":"https:\/\/visionsdafrique.fr\/2024\/wp-json\/wp\/v2\/media?parent=851"}],"curies":[{"name":"wp","href":"https:\/\/api.w.org\/{rel}","templated":true}]}}