{"id":110,"date":"2018-08-08T10:59:43","date_gmt":"2018-08-08T08:59:43","guid":{"rendered":"https:\/\/visionsdafrique.fr\/2024\/?page_id=110"},"modified":"2024-09-16T10:25:05","modified_gmt":"2024-09-16T08:25:05","slug":"autour-du-festival","status":"publish","type":"page","link":"https:\/\/visionsdafrique.fr\/2024\/autour-du-festival\/","title":{"rendered":"Autour du festival"},"content":{"rendered":"\n<div class=\"wp-block-uagb-container uagb-block-0ed8ce0c alignfull uagb-is-root-container\"><div class=\"uagb-container-inner-blocks-wrap\">\n<div class=\"wp-block-uagb-container uagb-block-3ef0480c\">\n<div class=\"wp-block-uagb-advanced-heading uagb-block-5d5ec976\"><h2 class=\"uagb-heading-text\">Cin\u00e9ma l&rsquo;Eldorado<\/h2><p class=\"uagb-desc-text\">Lundi 14 octobre, 15 h<\/p><\/div>\n\n\n\n<p><strong>Conf\u00e9rence de l\u2019Universit\u00e9 du Temps Libre Marennes-Ol\u00e9ron<\/strong><br>Les images rupestres du Sahara. D\u00e9couvertes et perspectives, par Jean-Lo\u00efc Le Quellec, anthropologue, pr\u00e9historien, mythologue.<\/p>\n\n\n\n<p>Depuis leur d\u00e9couverte en 1850, presque un si\u00e8cle avant celles de Lascaux, les images rupestres du Sahara, peintures et gravures, ont r\u00e9v\u00e9l\u00e9 un monde fascinant. Pourtant, il a fallu attendre les ann\u00e9es 1950 pour que le grand public soit inform\u00e9 de leur existence et prenne connaissance de la disparition d\u2019un ancien \u00ab Sahara vert \u00bb qui, aujourd\u2019hui, fait r\u00eaver. Au Sahara central, les \u00abfresques du Tassili\u00bb t\u00e9moignent d\u2019un changement climatique radical, d\u2019une ampleur comparable \u00e0 celui qui nous attend.<\/p>\n<\/div>\n\n\n\n<div class=\"wp-block-uagb-container uagb-block-d8562502\">\n<div class=\"wp-block-uagb-advanced-heading uagb-block-dc751a54\"><h2 class=\"uagb-heading-text\">Rochefort &#8211; Cin\u00e9ma l\u2019Apollo<\/h2><p class=\"uagb-desc-text\">Mardi 15 octobre, 20 h<\/p><\/div>\n\n\n\n<blockquote class=\"wp-block-quote is-layout-flow wp-block-quote-is-layout-flow\">\n<p>En partenariat avec l\u2019association <strong>Rochefort sur Toile,<\/strong> projection d\u2019un film de la S\u00e9lection 2024 de <em>Visions d\u2019Afrique.<\/em><\/p>\n<\/blockquote>\n\n\n\n<div style=\"height:5rem\" aria-hidden=\"true\" class=\"wp-block-spacer\"><\/div>\n\n\n\n<div class=\"wp-block-media-text is-stacked-on-mobile\"><figure class=\"wp-block-media-text__media\"><a href=\"https:\/\/visionsdafrique.fr\/2024\/film\/indivision\/\"><img loading=\"lazy\" decoding=\"async\" width=\"768\" height=\"1024\" src=\"https:\/\/visionsdafrique.fr\/2024\/wp-content\/uploads\/sites\/9\/2024\/08\/08_indivision-768x1024.jpg\" alt=\"\" class=\"wp-image-5738 size-full\" srcset=\"https:\/\/visionsdafrique.fr\/2024\/wp-content\/uploads\/sites\/9\/2024\/08\/08_indivision-768x1024.jpg 768w, https:\/\/visionsdafrique.fr\/2024\/wp-content\/uploads\/sites\/9\/2024\/08\/08_indivision-225x300.jpg 225w, https:\/\/visionsdafrique.fr\/2024\/wp-content\/uploads\/sites\/9\/2024\/08\/08_indivision-1152x1536.jpg 1152w, https:\/\/visionsdafrique.fr\/2024\/wp-content\/uploads\/sites\/9\/2024\/08\/08_indivision.jpg 1200w\" sizes=\"auto, (max-width: 768px) 100vw, 768px\" \/><\/a><\/figure><div class=\"wp-block-media-text__content\">\n<p><strong><em><a href=\"https:\/\/visionsdafrique.fr\/2024\/film\/indivision\/\" data-type=\"film\" data-id=\"5735\">Indivision<\/a><\/em><\/strong><br>de la cin\u00e9aste marocaine <strong>Le\u00efla Kilani<\/strong><br><em>Pr\u00e9sent\u00e9 par Catherine Ruelle<\/em><\/p>\n<\/div><\/div>\n\n\n\n<div style=\"height:5rem\" aria-hidden=\"true\" class=\"wp-block-spacer\"><\/div>\n\n\n\n<div class=\"wp-block-uagb-advanced-heading uagb-block-71a0a18b\"><h2 class=\"uagb-heading-text\">Dolus d\u2019Ol\u00e9ron<\/h2><p class=\"uagb-desc-text\">Regards d\u2019Ailleurs &#8211; Les 25 et 26 octobre<\/p><\/div>\n\n\n\n<p>Fin octobre 2024, \u00e0 la suite du festival <em>Visions d\u2019Afrique<\/em>, <strong>le tiers-lieu la Colo &amp; Co<\/strong> vous convie \u00e0 <strong>Regards d\u2019Ailleurs<\/strong>, \u00e0 Dolus-d\u2019Ol\u00e9ron, pour c\u00e9l\u00e9brer la diversit\u00e9 et les \u00e9changes dans une ambiance festive et inspirante \u00e0 travers des t\u00e9moignages sur l\u2019environnement, les traditions, les d\u00e9fis et les succ\u00e8s en Afrique et ailleurs. Explorer des expositions, participer \u00e0 des ateliers interactifs, plonger dans des projections de documentaires captivants\u2026<br>Une journ\u00e9e d\u00e9di\u00e9e \u00e0 la musique offrira rythmes envo\u00fbtants et deux grands concerts en soir\u00e9e.<\/p>\n<\/div>\n<\/div><\/div>\n\n\n\n<div class=\"wp-block-uagb-container bottom-link-section uagb-block-c2152a05 alignfull uagb-is-root-container\"><div class=\"uagb-container-inner-blocks-wrap\">\n<div class=\"wp-block-uagb-icon-list uagb-block-f9e30db5\"><div class=\"uagb-icon-list__wrap\">\n<div class=\"wp-block-uagb-icon-list-child uagb-block-6f6f1b1d\"><span class=\"uagb-icon-list__source-wrap\"><svg xmlns=\"https:\/\/www.w3.org\/2000\/svg\" viewBox=\"0 0 320 512\"><path d=\"M96 480c-8.188 0-16.38-3.125-22.62-9.375c-12.5-12.5-12.5-32.75 0-45.25L242.8 256L73.38 86.63c-12.5-12.5-12.5-32.75 0-45.25s32.75-12.5 45.25 0l192 192c12.5 12.5 12.5 32.75 0 45.25l-192 192C112.4 476.9 104.2 480 96 480z\"><\/path><\/svg><\/span><span class=\"uagb-icon-list__label\">Le programme complet<\/span><\/div>\n<\/div><\/div>\n<\/div><a class=\"spectra-container-link-overlay\" rel=\"noopener\" href=\"https:\/\/visionsdafrique.fr\/2024\/programme\/\"> <\/a><\/div>\n","protected":false},"excerpt":{"rendered":"<p>Cin\u00e9ma l&rsquo;Eldorado Lundi 14 octobre, 15 h Conf\u00e9rence de l\u2019Universit\u00e9 du Temps Libre Marennes-Ol\u00e9ronLes images rupestres du Sahara. D\u00e9couvertes et perspectives, par Jean-Lo\u00efc Le Quellec, anthropologue, pr\u00e9historien, mythologue. Depuis leur d\u00e9couverte en 1850, presque un si\u00e8cle avant celles de Lascaux, les images rupestres du Sahara, peintures et gravures, ont r\u00e9v\u00e9l\u00e9 un monde fascinant. Pourtant, il [&hellip;]<\/p>\n","protected":false},"author":1,"featured_media":0,"parent":0,"menu_order":9,"comment_status":"closed","ping_status":"closed","template":"","meta":{"_acf_changed":false,"_uag_custom_page_level_css":"","footnotes":""},"class_list":["post-110","page","type-page","status-publish","hentry"],"acf":[],"uagb_featured_image_src":{"full":false,"thumbnail":false,"medium":false,"medium_large":false,"large":false,"1536x1536":false,"2048x2048":false},"uagb_author_info":{"display_name":"Julien","author_link":"https:\/\/visionsdafrique.fr\/2024\/author\/hapi_admin\/"},"uagb_comment_info":0,"uagb_excerpt":"Cin\u00e9ma l&rsquo;Eldorado Lundi 14 octobre, 15 h Conf\u00e9rence de l\u2019Universit\u00e9 du Temps Libre Marennes-Ol\u00e9ronLes images rupestres du Sahara. D\u00e9couvertes et perspectives, par Jean-Lo\u00efc Le Quellec, anthropologue, pr\u00e9historien, mythologue. Depuis leur d\u00e9couverte en 1850, presque un si\u00e8cle avant celles de Lascaux, les images rupestres du Sahara, peintures et gravures, ont r\u00e9v\u00e9l\u00e9 un monde fascinant. Pourtant, il\u2026","_links":{"self":[{"href":"https:\/\/visionsdafrique.fr\/2024\/wp-json\/wp\/v2\/pages\/110","targetHints":{"allow":["GET"]}}],"collection":[{"href":"https:\/\/visionsdafrique.fr\/2024\/wp-json\/wp\/v2\/pages"}],"about":[{"href":"https:\/\/visionsdafrique.fr\/2024\/wp-json\/wp\/v2\/types\/page"}],"author":[{"embeddable":true,"href":"https:\/\/visionsdafrique.fr\/2024\/wp-json\/wp\/v2\/users\/1"}],"replies":[{"embeddable":true,"href":"https:\/\/visionsdafrique.fr\/2024\/wp-json\/wp\/v2\/comments?post=110"}],"version-history":[{"count":39,"href":"https:\/\/visionsdafrique.fr\/2024\/wp-json\/wp\/v2\/pages\/110\/revisions"}],"predecessor-version":[{"id":6391,"href":"https:\/\/visionsdafrique.fr\/2024\/wp-json\/wp\/v2\/pages\/110\/revisions\/6391"}],"wp:attachment":[{"href":"https:\/\/visionsdafrique.fr\/2024\/wp-json\/wp\/v2\/media?parent=110"}],"curies":[{"name":"wp","href":"https:\/\/api.w.org\/{rel}","templated":true}]}}