{"id":108,"date":"2018-08-08T10:59:17","date_gmt":"2018-08-08T08:59:17","guid":{"rendered":"https:\/\/visionsdafrique.fr\/2024\/?page_id=108"},"modified":"2024-09-22T12:37:46","modified_gmt":"2024-09-22T10:37:46","slug":"expositions-conferences","status":"publish","type":"page","link":"https:\/\/visionsdafrique.fr\/2024\/expositions-conferences\/","title":{"rendered":"Expositions"},"content":{"rendered":"\n<div class=\"wp-block-uagb-container uagb-block-e816fefa alignfull uagb-is-root-container\"><div class=\"uagb-container-inner-blocks-wrap\">\n<div class=\"wp-block-uagb-container uagb-block-e885dea3\"><\/div>\n\n\n\n<div class=\"wp-block-uagb-container uagb-block-11015ad1\">\n<div class=\"wp-block-uagb-advanced-heading uagb-block-9e3e36e1 p-5\"><p class=\"uagb-desc-text\">Des portraits,<br>des expositions,<br>l\u2019histoire de<\/p><h2 class=\"uagb-heading-text\">Visions d&rsquo;Afrique<\/h2><\/div>\n\n\n\n<hr class=\"wp-block-separator has-alpha-channel-opacity\"\/>\n\n\n\n<p class=\"p-5\"><strong>Les portraits sont ceux de la photographe ol\u00e9ronaise Odile Motelet. Depuis 2015, elle \u00ab tire le portrait \u00bb des cin\u00e9astes et \u00e9crivain.e.s invit\u00e9s \u00e0 Visions d\u2019Afrique, retournant l\u2019objectif de la cam\u00e9ra, pour mieux mettre en lumi\u00e8re tous ceux dont on conna\u00eet les films ou les livres, mais rarement les visages !<br>Le portrait, un genre, une forme particuli\u00e8re qui permet d\u2019appr\u00e9hender imm\u00e9diatement une personnalit\u00e9, \u00e0 travers l\u2019expression de son visage.<br>Cette collection de portraits ainsi rassembl\u00e9s m\u00e9ritait pour le moins plusieurs expositions !<\/strong><\/p>\n<\/div>\n<\/div><\/div>\n\n\n\n<div class=\"wp-block-uagb-container uagb-block-718cec17 alignfull uagb-is-root-container\"><div class=\"uagb-container-inner-blocks-wrap\">\n<div class=\"wp-block-uagb-container uagb-block-d292a77d\">\n<div class=\"wp-block-uagb-container uagb-block-c2e45376\">\n<div class=\"wp-block-uagb-advanced-heading uagb-block-cea303d7\"><h3 class=\"uagb-heading-text\">En int\u00e9rieur<\/h3><\/div>\n\n\n\n<div style=\"height:32px\" aria-hidden=\"true\" class=\"wp-block-spacer\"><\/div>\n\n\n\n<div class=\"wp-block-uagb-advanced-heading uagb-block-85031ebf\"><h3 class=\"uagb-heading-text\">\u00c0 Marennes, cin\u00e9ma L\u2019Estran<\/h3><p class=\"uagb-desc-text\">Portraits de cin\u00e9astes 2015-2024<\/p><\/div>\n\n\n\n<div style=\"height:32px\" aria-hidden=\"true\" class=\"wp-block-spacer\"><\/div>\n\n\n\n<p>Nous vous proposons de d\u00e9couvrir, \u00e0 travers le regard singulier de la portraitiste, les visages de tous nos visiteurs, celles et ceux qui font les cin\u00e9mas d\u2019Afrique, porteurs d\u2019un monde riche de spiritualit\u00e9 et d\u2019imaginaire, un monde o\u00f9 la dignit\u00e9 n\u2019est pas un vain mot. <br><\/p>\n\n\n\n<div style=\"height:32px\" aria-hidden=\"true\" class=\"wp-block-spacer\"><\/div>\n\n\n\n<div class=\"wp-block-uagb-advanced-heading uagb-block-6c212d41\"><h3 class=\"uagb-heading-text\">\u00c0 Saint-Pierre, cin\u00e9ma L\u2019Eldorado<\/h3><p class=\"uagb-desc-text\">Histoire d\u2019un festival, <em>Visions d\u2019Afrique<\/em><\/p><\/div>\n\n\n\n<div style=\"height:32px\" aria-hidden=\"true\" class=\"wp-block-spacer\"><\/div>\n\n\n\n<p>Le festival vu \u00e0 travers les photos prises dans les salles, pendant les d\u00e9bats, les rencontres, avec les invit\u00e9s, les b\u00e9n\u00e9voles, les intervenants.<\/p>\n\n\n\n<div style=\"height:32px\" aria-hidden=\"true\" class=\"wp-block-spacer\"><\/div>\n\n\n\n<div class=\"wp-block-uagb-advanced-heading uagb-block-dc733283\"><h3 class=\"uagb-heading-text\">M\u00e9diath\u00e8que de Saint-Pierre d\u2019Ol\u00e9ron et M\u00e9diath\u00e8que de Marennes<\/h3><p class=\"uagb-desc-text\">du 15 octobre au 2 novembre<\/p><\/div>\n\n\n\n<div style=\"height:32px\" aria-hidden=\"true\" class=\"wp-block-spacer\"><\/div>\n\n\n\n<p><strong>Petite histoire des litt\u00e9ratures d\u2019Afrique<\/strong><br>\u00c0 travers les portraits d\u2019auteurs(trices) pr\u00e9sent\u00e9s \u00e0 Visions d\u2019Afrique, toute la richesse des rencontres et \u00e9changes avec les scolaires et les spectateurs des m\u00e9diath\u00e8ques, de 2015 \u00e0 2024.<\/p>\n<\/div>\n<\/div>\n\n\n\n<div class=\"wp-block-uagb-container uagb-block-6c6b0c7b\">\n<div class=\"wp-block-uagb-container uagb-block-98e1afa1\">\n<div class=\"wp-block-uagb-image uagb-block-8c3e909d wp-block-uagb-image--layout-default wp-block-uagb-image--effect-static wp-block-uagb-image--align-none\"><figure class=\"wp-block-uagb-image__figure\"><img decoding=\"async\" srcset=\"https:\/\/visionsdafrique.fr\/2024\/wp-content\/uploads\/sites\/9\/2021\/09\/Souleymane-Cisse-Realisateur-2014.jpg ,https:\/\/visionsdafrique.fr\/2024\/wp-content\/uploads\/sites\/9\/2021\/09\/Souleymane-Cisse-Realisateur-2014.jpg 780w, https:\/\/visionsdafrique.fr\/2024\/wp-content\/uploads\/sites\/9\/2021\/09\/Souleymane-Cisse-Realisateur-2014.jpg 360w\" sizes=\"auto, (max-width: 480px) 150px\" src=\"https:\/\/visionsdafrique.fr\/2024\/wp-content\/uploads\/sites\/9\/2021\/09\/Souleymane-Cisse-Realisateur-2014.jpg\" alt=\"\" class=\"uag-image-3847\" width=\"798\" height=\"1200\" title=\"Souleymane-Ciss\u00e9,--R\u00e9alisateur,-2014\" loading=\"lazy\" role=\"img\"\/><figcaption class=\"uagb-image-caption\"><em>Souleymane Ciss\u00e9<br>photos \u00a9 Odile Motelet<\/em><\/figcaption><\/figure><\/div>\n\n\n\n<div class=\"wp-block-uagb-container uagb-block-926b6313\">\n<div class=\"wp-block-uagb-advanced-heading uagb-block-389784c0\"><h3 class=\"uagb-heading-text\">En ext\u00e9rieur<\/h3><\/div>\n\n\n\n<div style=\"height:32px\" aria-hidden=\"true\" class=\"wp-block-spacer\"><\/div>\n\n\n\n<div class=\"wp-block-uagb-advanced-heading uagb-block-539b80dd\"><h3 class=\"uagb-heading-text\">\u00c0 Saint-Pierre et Marennes<\/h3><\/div>\n\n\n\n<div style=\"height:32px\" aria-hidden=\"true\" class=\"wp-block-spacer\"><\/div>\n\n\n\n<p>Les portraits sortent en ville. Vous les trouverez au d\u00e9tour d\u2019une rue, sur des totems, aux murs des m\u00e9diath\u00e8ques, accroch\u00e9s aux arbres ; comme un jeu de piste conduisant aux salles. Laissez-vous surprendre !<\/p>\n<\/div>\n<\/div>\n<\/div>\n<\/div><\/div>\n\n\n\n<div class=\"wp-block-uagb-container uagb-block-013f617c alignfull uagb-is-root-container\"><div class=\"uagb-container-inner-blocks-wrap\">\t\t\t\t\t<div\n\t\t\t\t\t\tclass=\"wp-block-uagb-image-gallery uagb-block-60598553 image-gallery    \"\n\t\t\t\t\t\tstyle=\"\"\n\t\t\t\t\t>\n\t\t\t\t\t\t\t\t\t\t\t<div class=\"spectra-image-gallery spectra-image-gallery__layout--masonry spectra-image-gallery__layout--masonry-col-4 spectra-image-gallery__layout--masonry-col-tab-3 spectra-image-gallery__layout--masonry-col-mob-2\">\n\t\t\t\t\t\t\t\t\t\t\t<div class='spectra-image-gallery__media-wrapper--isotope'>\n\t\t\t\t\t\t\t<div class='spectra-image-gallery__media-wrapper' data-spectra-gallery-image-id='3820' tabindex=\"0\">\n\t\t\t\t\t\t\t<div class=\"spectra-image-gallery__media spectra-image-gallery__media--masonry\">\n\t\t\t\t<picture>\n\t\t\t\t\t<source media=\"(min-width: 1024px)\" srcset=\"https:\/\/visionsdafrique.fr\/2024\/wp-content\/uploads\/sites\/9\/2021\/09\/Binda-Ngazolo-Acteur-Conteur-2020.jpg\">\n\t\t\t\t\t<source media=\"(min-width: 768px)\" srcset=\"https:\/\/visionsdafrique.fr\/2024\/wp-content\/uploads\/sites\/9\/2021\/09\/Binda-Ngazolo-Acteur-Conteur-2020-683x1024.jpg\">\n\t\t\t\t\t<img decoding=\"async\" class=\"spectra-image-gallery__media-thumbnail spectra-image-gallery__media-thumbnail--masonry\" src=\"https:\/\/visionsdafrique.fr\/2024\/wp-content\/uploads\/sites\/9\/2021\/09\/Binda-Ngazolo-Acteur-Conteur-2020-200x300.jpg\" alt=\"\" loading=\"lazy\" \/>\n\t\t\t\t<\/picture>\n\t\t\t\t<div class=\"spectra-image-gallery__media-thumbnail-blurrer\"><\/div>\n\t\t\t\t\t\t\t\t\t\t\t<div class=\"spectra-image-gallery__media-thumbnail-caption-wrapper spectra-image-gallery__media-thumbnail-caption-wrapper--overlay\">\n\t\t\t\t\t\t\t\t\t\t\t<div class=\"spectra-image-gallery__media-thumbnail-caption spectra-image-gallery__media-thumbnail-caption--overlay\">\n\t\t\t\t\tBinda NGazola\t\t\t\t<\/div>\n\t\t\t\t\t\t\t\t\t\t<\/div>\n\t\t\t\t\t\t\t\t\t<\/div>\n\t\t\t\t\t\t<\/div>\n\t\t\t\t\t\t<\/div>\n\t\t\t\t\t\t<div class='spectra-image-gallery__media-wrapper--isotope'>\n\t\t\t\t\t\t\t<div class='spectra-image-gallery__media-wrapper' data-spectra-gallery-image-id='3845' tabindex=\"0\">\n\t\t\t\t\t\t\t<div class=\"spectra-image-gallery__media spectra-image-gallery__media--masonry\">\n\t\t\t\t<picture>\n\t\t\t\t\t<source media=\"(min-width: 1024px)\" srcset=\"https:\/\/visionsdafrique.fr\/2024\/wp-content\/uploads\/sites\/9\/2021\/09\/Sofia-Aouine-Ecrivaine-2020-.jpg\">\n\t\t\t\t\t<source media=\"(min-width: 768px)\" srcset=\"https:\/\/visionsdafrique.fr\/2024\/wp-content\/uploads\/sites\/9\/2021\/09\/Sofia-Aouine-Ecrivaine-2020--683x1024.jpg\">\n\t\t\t\t\t<img decoding=\"async\" class=\"spectra-image-gallery__media-thumbnail spectra-image-gallery__media-thumbnail--masonry\" src=\"https:\/\/visionsdafrique.fr\/2024\/wp-content\/uploads\/sites\/9\/2021\/09\/Sofia-Aouine-Ecrivaine-2020--200x300.jpg\" alt=\"\" loading=\"lazy\" \/>\n\t\t\t\t<\/picture>\n\t\t\t\t<div class=\"spectra-image-gallery__media-thumbnail-blurrer\"><\/div>\n\t\t\t\t\t\t\t\t\t\t\t<div class=\"spectra-image-gallery__media-thumbnail-caption-wrapper spectra-image-gallery__media-thumbnail-caption-wrapper--overlay\">\n\t\t\t\t\t\t\t\t\t\t\t<div class=\"spectra-image-gallery__media-thumbnail-caption spectra-image-gallery__media-thumbnail-caption--overlay\">\n\t\t\t\t\tSofia Aouine\t\t\t\t<\/div>\n\t\t\t\t\t\t\t\t\t\t<\/div>\n\t\t\t\t\t\t\t\t\t<\/div>\n\t\t\t\t\t\t<\/div>\n\t\t\t\t\t\t<\/div>\n\t\t\t\t\t\t<div class='spectra-image-gallery__media-wrapper--isotope'>\n\t\t\t\t\t\t\t<div class='spectra-image-gallery__media-wrapper' data-spectra-gallery-image-id='6435' tabindex=\"0\">\n\t\t\t\t\t\t\t<div class=\"spectra-image-gallery__media spectra-image-gallery__media--masonry\">\n\t\t\t\t<picture>\n\t\t\t\t\t<source media=\"(min-width: 1024px)\" srcset=\"https:\/\/visionsdafrique.fr\/2024\/wp-content\/uploads\/sites\/9\/2024\/09\/wifried-n-sonde.jpg\">\n\t\t\t\t\t<source media=\"(min-width: 768px)\" srcset=\"https:\/\/visionsdafrique.fr\/2024\/wp-content\/uploads\/sites\/9\/2024\/09\/wifried-n-sonde-691x1024.jpg\">\n\t\t\t\t\t<img decoding=\"async\" class=\"spectra-image-gallery__media-thumbnail spectra-image-gallery__media-thumbnail--masonry\" src=\"https:\/\/visionsdafrique.fr\/2024\/wp-content\/uploads\/sites\/9\/2024\/09\/wifried-n-sonde-202x300.jpg\" alt=\"\" loading=\"lazy\" \/>\n\t\t\t\t<\/picture>\n\t\t\t\t<div class=\"spectra-image-gallery__media-thumbnail-blurrer\"><\/div>\n\t\t\t\t\t\t\t\t\t\t\t<div class=\"spectra-image-gallery__media-thumbnail-caption-wrapper spectra-image-gallery__media-thumbnail-caption-wrapper--overlay\">\n\t\t\t\t\t\t\t\t\t\t\t<div class=\"spectra-image-gallery__media-thumbnail-caption spectra-image-gallery__media-thumbnail-caption--overlay\">\n\t\t\t\t\tWilfried N\u2019 Sond\u00e9\t\t\t\t<\/div>\n\t\t\t\t\t\t\t\t\t\t<\/div>\n\t\t\t\t\t\t\t\t\t<\/div>\n\t\t\t\t\t\t<\/div>\n\t\t\t\t\t\t<\/div>\n\t\t\t\t\t\t<div class='spectra-image-gallery__media-wrapper--isotope'>\n\t\t\t\t\t\t\t<div class='spectra-image-gallery__media-wrapper' data-spectra-gallery-image-id='3838' tabindex=\"0\">\n\t\t\t\t\t\t\t<div class=\"spectra-image-gallery__media spectra-image-gallery__media--masonry\">\n\t\t\t\t<picture>\n\t\t\t\t\t<source media=\"(min-width: 1024px)\" srcset=\"https:\/\/visionsdafrique.fr\/2024\/wp-content\/uploads\/sites\/9\/2021\/09\/Muriel-Diallo-Ecrivaine-Artiste-peintre-Illustratrice-Conteuse-2014.jpg\">\n\t\t\t\t\t<source media=\"(min-width: 768px)\" srcset=\"https:\/\/visionsdafrique.fr\/2024\/wp-content\/uploads\/sites\/9\/2021\/09\/Muriel-Diallo-Ecrivaine-Artiste-peintre-Illustratrice-Conteuse-2014-684x1024.jpg\">\n\t\t\t\t\t<img decoding=\"async\" class=\"spectra-image-gallery__media-thumbnail spectra-image-gallery__media-thumbnail--masonry\" src=\"https:\/\/visionsdafrique.fr\/2024\/wp-content\/uploads\/sites\/9\/2021\/09\/Muriel-Diallo-Ecrivaine-Artiste-peintre-Illustratrice-Conteuse-2014-200x300.jpg\" alt=\"\" loading=\"lazy\" \/>\n\t\t\t\t<\/picture>\n\t\t\t\t<div class=\"spectra-image-gallery__media-thumbnail-blurrer\"><\/div>\n\t\t\t\t\t\t\t\t\t\t\t<div class=\"spectra-image-gallery__media-thumbnail-caption-wrapper spectra-image-gallery__media-thumbnail-caption-wrapper--overlay\">\n\t\t\t\t\t\t\t\t\t\t\t<div class=\"spectra-image-gallery__media-thumbnail-caption spectra-image-gallery__media-thumbnail-caption--overlay\">\n\t\t\t\t\tMuriel Diallo\t\t\t\t<\/div>\n\t\t\t\t\t\t\t\t\t\t<\/div>\n\t\t\t\t\t\t\t\t\t<\/div>\n\t\t\t\t\t\t<\/div>\n\t\t\t\t\t\t<\/div>\n\t\t\t\t\t\t\t\t\t\t<\/div>\n\t\t\t\t\t\t\t\t\t\t\t\t\t\t\t\t\t\t<\/div>\n\t\t\t\t\t\t\t\t\t<\/div><\/div>\n\n\n\n<div data-aos= \"fade-up\" data-aos-duration=\"400\" data-aos-delay=\"0\" data-aos-easing=\"ease\" data-aos-once=\"true\" class=\"wp-block-uagb-container bottom-link-section uagb-block-c2152a05 alignfull uagb-is-root-container\"><div class=\"uagb-container-inner-blocks-wrap\">\n<div class=\"wp-block-uagb-icon-list uagb-block-f9e30db5\"><div class=\"uagb-icon-list__wrap\">\n<div class=\"wp-block-uagb-icon-list-child uagb-block-6f6f1b1d\"><span class=\"uagb-icon-list__source-wrap\"><svg xmlns=\"https:\/\/www.w3.org\/2000\/svg\" viewBox=\"0 0 320 512\"><path d=\"M96 480c-8.188 0-16.38-3.125-22.62-9.375c-12.5-12.5-12.5-32.75 0-45.25L242.8 256L73.38 86.63c-12.5-12.5-12.5-32.75 0-45.25s32.75-12.5 45.25 0l192 192c12.5 12.5 12.5 32.75 0 45.25l-192 192C112.4 476.9 104.2 480 96 480z\"><\/path><\/svg><\/span><span class=\"uagb-icon-list__label\">Le programme complet<\/span><\/div>\n<\/div><\/div>\n<\/div><a class=\"spectra-container-link-overlay\" rel=\"noopener\" href=\"https:\/\/visionsdafrique.fr\/2024\/programme\/\"> <\/a><\/div>\n","protected":false},"excerpt":{"rendered":"<p>Des portraits,des expositions,l\u2019histoire de Visions d&rsquo;Afrique Les portraits sont ceux de la photographe ol\u00e9ronaise Odile Motelet. Depuis 2015, elle \u00ab tire le portrait \u00bb des cin\u00e9astes et \u00e9crivain.e.s invit\u00e9s \u00e0 Visions d\u2019Afrique, retournant l\u2019objectif de la cam\u00e9ra, pour mieux mettre en lumi\u00e8re tous ceux dont on conna\u00eet les films ou les livres, mais rarement les [&hellip;]<\/p>\n","protected":false},"author":1,"featured_media":6035,"parent":0,"menu_order":8,"comment_status":"closed","ping_status":"closed","template":"","meta":{"_acf_changed":false,"_uag_custom_page_level_css":"","footnotes":""},"class_list":["post-108","page","type-page","status-publish","has-post-thumbnail","hentry"],"acf":[],"uagb_featured_image_src":{"full":["https:\/\/visionsdafrique.fr\/2024\/wp-content\/uploads\/sites\/9\/2024\/09\/A91s1213g_e1c1hu_eww-e1726489678620.jpg",652,649,false],"thumbnail":["https:\/\/visionsdafrique.fr\/2024\/wp-content\/uploads\/sites\/9\/2024\/09\/A91s1213g_e1c1hu_eww-e1726489678620-150x150.jpg",150,150,true],"medium":["https:\/\/visionsdafrique.fr\/2024\/wp-content\/uploads\/sites\/9\/2024\/09\/A91s1213g_e1c1hu_eww-e1726489678620-300x300.jpg",300,300,true],"medium_large":["https:\/\/visionsdafrique.fr\/2024\/wp-content\/uploads\/sites\/9\/2024\/09\/A91s1213g_e1c1hu_eww-e1726489678620.jpg",652,649,false],"large":["https:\/\/visionsdafrique.fr\/2024\/wp-content\/uploads\/sites\/9\/2024\/09\/A91s1213g_e1c1hu_eww-e1726489678620.jpg",652,649,false],"1536x1536":["https:\/\/visionsdafrique.fr\/2024\/wp-content\/uploads\/sites\/9\/2024\/09\/A91s1213g_e1c1hu_eww-e1726489678620.jpg",652,649,false],"2048x2048":["https:\/\/visionsdafrique.fr\/2024\/wp-content\/uploads\/sites\/9\/2024\/09\/A91s1213g_e1c1hu_eww-e1726489678620.jpg",652,649,false]},"uagb_author_info":{"display_name":"Julien","author_link":"https:\/\/visionsdafrique.fr\/2024\/author\/hapi_admin\/"},"uagb_comment_info":0,"uagb_excerpt":"Des portraits,des expositions,l\u2019histoire de Visions d&rsquo;Afrique Les portraits sont ceux de la photographe ol\u00e9ronaise Odile Motelet. Depuis 2015, elle \u00ab tire le portrait \u00bb des cin\u00e9astes et \u00e9crivain.e.s invit\u00e9s \u00e0 Visions d\u2019Afrique, retournant l\u2019objectif de la cam\u00e9ra, pour mieux mettre en lumi\u00e8re tous ceux dont on conna\u00eet les films ou les livres, mais rarement les\u2026","_links":{"self":[{"href":"https:\/\/visionsdafrique.fr\/2024\/wp-json\/wp\/v2\/pages\/108","targetHints":{"allow":["GET"]}}],"collection":[{"href":"https:\/\/visionsdafrique.fr\/2024\/wp-json\/wp\/v2\/pages"}],"about":[{"href":"https:\/\/visionsdafrique.fr\/2024\/wp-json\/wp\/v2\/types\/page"}],"author":[{"embeddable":true,"href":"https:\/\/visionsdafrique.fr\/2024\/wp-json\/wp\/v2\/users\/1"}],"replies":[{"embeddable":true,"href":"https:\/\/visionsdafrique.fr\/2024\/wp-json\/wp\/v2\/comments?post=108"}],"version-history":[{"count":77,"href":"https:\/\/visionsdafrique.fr\/2024\/wp-json\/wp\/v2\/pages\/108\/revisions"}],"predecessor-version":[{"id":6743,"href":"https:\/\/visionsdafrique.fr\/2024\/wp-json\/wp\/v2\/pages\/108\/revisions\/6743"}],"wp:featuredmedia":[{"embeddable":true,"href":"https:\/\/visionsdafrique.fr\/2024\/wp-json\/wp\/v2\/media\/6035"}],"wp:attachment":[{"href":"https:\/\/visionsdafrique.fr\/2024\/wp-json\/wp\/v2\/media?parent=108"}],"curies":[{"name":"wp","href":"https:\/\/api.w.org\/{rel}","templated":true}]}}