{"id":106,"date":"2018-08-08T10:58:48","date_gmt":"2018-08-08T08:58:48","guid":{"rendered":"https:\/\/visionsdafrique.fr\/2024\/?page_id=106"},"modified":"2024-09-16T14:02:46","modified_gmt":"2024-09-16T12:02:46","slug":"rencontres-litteraires","status":"publish","type":"page","link":"https:\/\/visionsdafrique.fr\/2024\/rencontres-litteraires\/","title":{"rendered":"Les Rencontres Litt\u00e9raires"},"content":{"rendered":"\n<h2 class=\"wp-block-heading p-5\">Autour de leur imaginaire et de leur cr\u00e9ativit\u00e9, trois auteurs pour des rencontres.<\/h2>\n\n\n\n<div class=\"wp-block-uagb-container uagb-block-5f8e0bb9 alignfull uagb-is-root-container\"><div class=\"uagb-container-inner-blocks-wrap\">\n<div class=\"wp-block-uagb-container uagb-block-826be034\"><\/div>\n\n\n\n<div class=\"wp-block-uagb-container uagb-block-4e000184\">\n<h3 class=\"wp-block-heading\">Fanta Dram\u00e9<\/h3>\n\n\n\n<p>N\u00e9e \u00e0 Paris, d\u2019un p\u00e8re mauritanien et d\u2019une m\u00e8re s\u00e9n\u00e9galaise, elle a grandi dans le 20e arrondissement de la capitale. Apr\u00e8s un master de lettres modernes, elle obtient le CAPES et enseigne en tant que professeur de fran\u00e7ais dans un coll\u00e8ge de Pantin (Seine-Saint-Denis). Elle nous offre dans son premier roman, <em>Ajar-Paris<\/em>, sa rencontre avec le pays de son p\u00e8re, le village d\u2019Ajar en Mauritanie et \u00ab narre le destin modeste et h\u00e9ro\u00efque d\u2019un p\u00e8re immigr\u00e9 \u00bb (Kidi Bebey, Le Monde).<br>En 2013, apr\u00e8s le d\u00e9c\u00e8s de sa grand-m\u00e8re, Fanta Dram\u00e9 se rend pour la premi\u00e8re fois \u00e0 Ajar, lieu de s\u00e9pulture de la d\u00e9funte. De retour \u00e0 Paris, boulevers\u00e9e d\u2019avoir foul\u00e9 la terre de ses anc\u00eatres, elle d\u00e9cide de poursuivre le chemin et d\u2019aller \u00e0 la rencontre de ses origines. Pour la premi\u00e8re fois, son p\u00e8re \u00e9voque les doutes et les \u00e9preuves qui ont marqu\u00e9 sa d\u00e9cision de quitter son pays et jalonn\u00e9 son existence au c\u0153ur d\u2019une culture si diff\u00e9rente de la sienne, dans laquelle il \u00e9l\u00e8vera finalement ses enfants alors qu\u2019il n\u2019aurait d\u00fb y \u00eatre que de passage. Un r\u00e9cit sensible o\u00f9 les g\u00e9n\u00e9rations se confrontent, dans l\u2019\u00e9motion, l\u2019incompr\u00e9hension parfois, retra\u00e7ant un itin\u00e9raire personnel et intime qui s\u2019inscrit pleinement dans la grande histoire nationale.<br><strong>Fanta Dram\u00e9 rencontrera les coll\u00e9giens du Pays Marennes Ol\u00e9ron.<\/strong><\/p>\n<\/div>\n<\/div><\/div>\n\n\n\n<div class=\"wp-block-uagb-container uagb-block-5143201a alignfull uagb-is-root-container\"><div class=\"uagb-container-inner-blocks-wrap\">\n<div class=\"wp-block-uagb-container uagb-block-304a4385\">\n<h3 class=\"wp-block-heading\">Johary Ravaloson<\/h3>\n\n\n\n<p>Originaire du pays zafimaniry, dans le centre-est de Madagascar, il appartient \u00e0 la g\u00e9n\u00e9ration de la malgachisation de l\u2019enseignement dans les ann\u00e9es 1970 ; il sera pourtant \u00e9tudiant et \u00e9ducateur, \u00e0 Paris dans les ann\u00e9es 1980 et 1990, puis \u00e0 Saint-Pierre de La R\u00e9union de 1998 \u00e0 2007, avant de soutenir une th\u00e8se de droit en 2004 \u00e0 La R\u00e9union. \u00c9crivain, conteur, auteur d\u2019ouvrages pour la jeunesse souvent bilingues et merveilleusement illustr\u00e9s, ainsi que de romans pour adultes comme <em>Amour, patrie et soupe de crabes, Vol \u00e0 vif, Le tribunal des cailloux,<\/em> Johary Ravaloson est le co cr\u00e9ateur des \u00e9ditions Dodo Vole n\u00e9es d\u2019une association d\u2019artistes d\u00e9sireux de promouvoir les cultures et les artistes du sud-ouest de l\u2019oc\u00e9an Indien. Pour faire d\u00e9couvrir l\u2019art d\u00e8s les premi\u00e8res ann\u00e9es de la vie, Dodo vole produit des livres-objets, s\u00e9duisants et robustes, pour le plaisir des enfants, mais aussi pour le bonheur de leurs parents.<br><strong>Johary Ravaloson entra\u00eenera les scolaires \u00e0 la d\u00e9couverte de son \u00eele, Madagascar et de l\u2019univers des oc\u00e9ans.<\/strong><\/p>\n<\/div>\n\n\n\n<div class=\"wp-block-uagb-container uagb-block-40b0e9d0\"><\/div>\n<\/div><\/div>\n\n\n\n<div class=\"wp-block-uagb-container uagb-block-ae06461d alignfull uagb-is-root-container\"><div class=\"uagb-container-inner-blocks-wrap\">\n<div class=\"wp-block-uagb-container uagb-block-4a5f93da\"><\/div>\n\n\n\n<div class=\"wp-block-uagb-container uagb-block-edb51821\">\n<h3 class=\"wp-block-heading\">Osvalde Lewat<\/h3>\n\n\n\n<p>Photographe, r\u00e9alisatrice, \u00e9crivaine camerounaise, a commenc\u00e9 sa carri\u00e8re par des films documentaires et des expos photos. En 2021, elle publie son premier roman, <em>Les Aquatiques<\/em>, aux \u00e9ditions Les Escales. Elle y raconte l\u2019histoire de Katm\u00e9, une femme d\u2019une trentaine d\u2019ann\u00e9es, enseignante, mari\u00e9e \u00e0 un homme de pouvoir, dont la vie bascule le jour o\u00f9 son meilleur ami est emprisonn\u00e9 par les autorit\u00e9s du Zambuena, le pays (fictif) d\u2019Afrique subsaharienne o\u00f9 ils vivent. Elle d\u00e9cide alors de se battre pour le faire lib\u00e9rer. Son premier adversaire sera son mari, membre du parti au pouvoir. Elle trouvera sur sa route un adversaire encore plus inattendu, elle-m\u00eame, \u00e9lev\u00e9e \u00e0 l\u2019ombre du patriarcat et de la masculinit\u00e9, pour accepter d\u2019\u00eatre \u00ab une vraie femme \u00bb.<br><strong>Osvalde Lewat ira \u00e0 la rencontre des auditeurs adultes dans les m\u00e9diath\u00e8ques.<\/strong><br><em>Grand Prix Panafricain de Litt\u00e9rature 2022, Prix Kourouma 2022 et Prix du rayonnement de la langue et de la litt\u00e9rature fran\u00e7aises 2022.<\/em><\/p>\n<\/div>\n<\/div><\/div>\n\n\n\n<div class=\"wp-block-uagb-container uagb-block-f245a499 alignfull uagb-is-root-container\"><div class=\"uagb-container-inner-blocks-wrap\">\n<div class=\"wp-block-uagb-container uagb-block-28db5ab2\">\n<h2 class=\"wp-block-heading\">Quelques ouvrages&#8230;<\/h2>\n\n\n\t\t\t\t\t<div\n\t\t\t\t\t\tclass=\"wp-block-uagb-image-gallery uagb-block-cdb740bc     \"\n\t\t\t\t\t\tstyle=\"\"\n\t\t\t\t\t>\n\t\t\t\t\t\t\t\t\t\t\t<div class=\"spectra-image-gallery spectra-image-gallery__layout--masonry spectra-image-gallery__layout--masonry-col-3 spectra-image-gallery__layout--masonry-col-tab-3 spectra-image-gallery__layout--masonry-col-mob-3\">\n\t\t\t\t\t\t\t\t\t\t\t<div class='spectra-image-gallery__media-wrapper--isotope'>\n\t\t\t\t\t\t\t<div class='spectra-image-gallery__media-wrapper' data-spectra-gallery-image-id='6399' tabindex=\"0\">\n\t\t\t\t\t\t\t<div class=\"spectra-image-gallery__media spectra-image-gallery__media--masonry\">\n\t\t\t\t<picture>\n\t\t\t\t\t<source media=\"(min-width: 1024px)\" srcset=\"https:\/\/visionsdafrique.fr\/2024\/wp-content\/uploads\/sites\/9\/2024\/09\/ajar-paris_fanta-drame.jpg\">\n\t\t\t\t\t<source media=\"(min-width: 768px)\" srcset=\"https:\/\/visionsdafrique.fr\/2024\/wp-content\/uploads\/sites\/9\/2024\/09\/ajar-paris_fanta-drame.jpg\">\n\t\t\t\t\t<img decoding=\"async\" class=\"spectra-image-gallery__media-thumbnail spectra-image-gallery__media-thumbnail--masonry\" src=\"https:\/\/visionsdafrique.fr\/2024\/wp-content\/uploads\/sites\/9\/2024\/09\/ajar-paris_fanta-drame-181x300.jpg\" alt=\"\" loading=\"lazy\" \/>\n\t\t\t\t<\/picture>\n\t\t\t\t<div class=\"spectra-image-gallery__media-thumbnail-blurrer\"><\/div>\n\t\t\t\t\t\t\t\t\t\t\t<div class=\"spectra-image-gallery__media-thumbnail-caption-wrapper spectra-image-gallery__media-thumbnail-caption-wrapper--overlay\"><\/div>\n\t\t\t\t\t\t\t\t<\/div>\n\t\t\t\t\t\t<\/div>\n\t\t\t\t\t\t<\/div>\n\t\t\t\t\t\t<div class='spectra-image-gallery__media-wrapper--isotope'>\n\t\t\t\t\t\t\t<div class='spectra-image-gallery__media-wrapper' data-spectra-gallery-image-id='6400' tabindex=\"0\">\n\t\t\t\t\t\t\t<div class=\"spectra-image-gallery__media spectra-image-gallery__media--masonry\">\n\t\t\t\t<picture>\n\t\t\t\t\t<source media=\"(min-width: 1024px)\" srcset=\"https:\/\/visionsdafrique.fr\/2024\/wp-content\/uploads\/sites\/9\/2024\/09\/les-aquatiques_osvalde-lewat-638x1024.jpg\">\n\t\t\t\t\t<source media=\"(min-width: 768px)\" srcset=\"https:\/\/visionsdafrique.fr\/2024\/wp-content\/uploads\/sites\/9\/2024\/09\/les-aquatiques_osvalde-lewat-638x1024.jpg\">\n\t\t\t\t\t<img decoding=\"async\" class=\"spectra-image-gallery__media-thumbnail spectra-image-gallery__media-thumbnail--masonry\" src=\"https:\/\/visionsdafrique.fr\/2024\/wp-content\/uploads\/sites\/9\/2024\/09\/les-aquatiques_osvalde-lewat-187x300.jpg\" alt=\"\" loading=\"lazy\" \/>\n\t\t\t\t<\/picture>\n\t\t\t\t<div class=\"spectra-image-gallery__media-thumbnail-blurrer\"><\/div>\n\t\t\t\t\t\t\t\t\t\t\t<div class=\"spectra-image-gallery__media-thumbnail-caption-wrapper spectra-image-gallery__media-thumbnail-caption-wrapper--overlay\"><\/div>\n\t\t\t\t\t\t\t\t<\/div>\n\t\t\t\t\t\t<\/div>\n\t\t\t\t\t\t<\/div>\n\t\t\t\t\t\t<div class='spectra-image-gallery__media-wrapper--isotope'>\n\t\t\t\t\t\t\t<div class='spectra-image-gallery__media-wrapper' data-spectra-gallery-image-id='6398' tabindex=\"0\">\n\t\t\t\t\t\t\t<div class=\"spectra-image-gallery__media spectra-image-gallery__media--masonry\">\n\t\t\t\t<picture>\n\t\t\t\t\t<source media=\"(min-width: 1024px)\" srcset=\"https:\/\/visionsdafrique.fr\/2024\/wp-content\/uploads\/sites\/9\/2024\/09\/412rgBUEwxL._SX195_.jpg\">\n\t\t\t\t\t<source media=\"(min-width: 768px)\" srcset=\"https:\/\/visionsdafrique.fr\/2024\/wp-content\/uploads\/sites\/9\/2024\/09\/412rgBUEwxL._SX195_.jpg\">\n\t\t\t\t\t<img decoding=\"async\" class=\"spectra-image-gallery__media-thumbnail spectra-image-gallery__media-thumbnail--masonry\" src=\"https:\/\/visionsdafrique.fr\/2024\/wp-content\/uploads\/sites\/9\/2024\/09\/412rgBUEwxL._SX195_-151x300.jpg\" alt=\"\" loading=\"lazy\" \/>\n\t\t\t\t<\/picture>\n\t\t\t\t<div class=\"spectra-image-gallery__media-thumbnail-blurrer\"><\/div>\n\t\t\t\t\t\t\t\t\t\t\t<div class=\"spectra-image-gallery__media-thumbnail-caption-wrapper spectra-image-gallery__media-thumbnail-caption-wrapper--overlay\"><\/div>\n\t\t\t\t\t\t\t\t<\/div>\n\t\t\t\t\t\t<\/div>\n\t\t\t\t\t\t<\/div>\n\t\t\t\t\t\t\t\t\t\t<\/div>\n\t\t\t\t\t\t\t\t\t\t\t\t\t\t\t\t\t\t<\/div>\n\t\t\t\t\t\t\t\t\t<\/div>\n\n\n\n<div class=\"wp-block-uagb-container uagb-block-e300b6cd\">\n<div class=\"wp-block-uagb-advanced-heading uagb-block-8ed6f6ee\"><h3 class=\"uagb-heading-text\">Les trois auteurs<br>se retrouveront \u00e0 l\u2019Eldorado autour de Bernard Magnier le samedi 19 \u00e0 10h pour une rencontre avec le public, \u00e0 la d\u00e9couverte de leurs univers culturels.<\/h3><\/div>\n<\/div>\n<\/div><\/div>\n\n\n\n<div class=\"wp-block-uagb-container uagb-block-a230145e alignfull uagb-is-root-container\"><div class=\"uagb-container-inner-blocks-wrap\">\n<div class=\"wp-block-uagb-container uagb-block-1515e21b\"><\/div>\n\n\n\n<div class=\"wp-block-uagb-container uagb-block-7bee1235\">\n<h2 class=\"wp-block-heading light\" style=\"font-style:normal;font-weight:300\">L&rsquo;intervenant litt\u00e9raire<\/h2>\n\n\n\n<h3 class=\"wp-block-heading\">Bernard Magnier<\/h3>\n\n\n\n<p><strong>Journaliste litt\u00e9raire<\/strong><\/p>\n\n\n\n<p>Sp\u00e9cialiste des litt\u00e9ratures d\u2019Afrique et des litt\u00e9ratures m\u00e9tisses, collaborateur de plusieurs revues et radios, cr\u00e9ateur de la collection Lettres africaines aux \u00e9ditions Actes Sud, programmateur de festivals litt\u00e9raires (<em>Litt\u00e9rature m\u00e9tisse<\/em> \u00e0 Angoul\u00eame, <em>Au fil des ailes <\/em>dans le Grand Est), conf\u00e9rencier, mod\u00e9rateur de d\u00e9bats \u00e0 l\u2019Alliance fran\u00e7aise et \u00e0 l\u2019Institut du monde arabe, il est \u00e9galement le concepteur des expositions Th\u00e9\u00e2tres africains au centre Pompidou et Litt\u00e9rature africaine de A \u00e0 Z, \u00c9crire en fran\u00e7ais, Alliance fran\u00e7aise de Paris.<br><strong>Depuis 2014, il est le programmateur et l\u2019animateur du volet litt\u00e9raire de <em>Visions d\u2019Afrique<\/em>.<\/strong><\/p>\n<\/div>\n<\/div><\/div>\n\n\n\n<div class=\"wp-block-uagb-container uagb-block-f45cd79b alignfull uagb-is-root-container\"><div class=\"uagb-container-inner-blocks-wrap\">\n<div class=\"wp-block-uagb-container uagb-block-9815c97a\">\n<div class=\"wp-block-uagb-image uagb-block-c5b7f8ef wp-block-uagb-image--layout-default wp-block-uagb-image--effect-static wp-block-uagb-image--align-none\"><figure class=\"wp-block-uagb-image__figure\"><img decoding=\"async\" srcset=\"https:\/\/visionsdafrique.fr\/2024\/wp-content\/uploads\/sites\/9\/2024\/09\/libe-pertuis-705x1024.jpg ,https:\/\/visionsdafrique.fr\/2024\/wp-content\/uploads\/sites\/9\/2024\/09\/libe-pertuis-scaled.jpg 780w, https:\/\/visionsdafrique.fr\/2024\/wp-content\/uploads\/sites\/9\/2024\/09\/libe-pertuis-scaled.jpg 360w\" sizes=\"auto, (max-width: 480px) 150px\" src=\"https:\/\/visionsdafrique.fr\/2024\/wp-content\/uploads\/sites\/9\/2024\/09\/libe-pertuis-705x1024.jpg\" alt=\"\" class=\"uag-image-6410\" width=\"1790\" height=\"500\" title=\"libe pertuis\" loading=\"lazy\" role=\"img\"\/><\/figure><\/div>\n<\/div>\n\n\n\n<div class=\"wp-block-uagb-container uagb-block-1d0cafc0\">\n<div class=\"wp-block-uagb-image uagb-block-fb12fc46 wp-block-uagb-image--layout-default wp-block-uagb-image--effect-static wp-block-uagb-image--align-none\"><figure class=\"wp-block-uagb-image__figure\"><img decoding=\"async\" srcset=\"https:\/\/visionsdafrique.fr\/2024\/wp-content\/uploads\/sites\/9\/2024\/09\/Encart-Librairie-Le-Coureau-535x1024.jpg ,https:\/\/visionsdafrique.fr\/2024\/wp-content\/uploads\/sites\/9\/2024\/09\/Encart-Librairie-Le-Coureau.jpg 780w, https:\/\/visionsdafrique.fr\/2024\/wp-content\/uploads\/sites\/9\/2024\/09\/Encart-Librairie-Le-Coureau.jpg 360w\" sizes=\"auto, (max-width: 480px) 150px\" src=\"https:\/\/visionsdafrique.fr\/2024\/wp-content\/uploads\/sites\/9\/2024\/09\/Encart-Librairie-Le-Coureau-535x1024.jpg\" alt=\"\" class=\"uag-image-6411\" width=\"555\" height=\"500\" title=\"xr:d:DAF8z5cEZxY:43,j:6433811675492957852,t:24022317\" loading=\"lazy\" role=\"img\"\/><\/figure><\/div>\n<\/div>\n<\/div><\/div>\n\n\n\n<div data-aos= \"fade-up\" data-aos-duration=\"400\" data-aos-delay=\"0\" data-aos-easing=\"ease\" data-aos-once=\"true\" class=\"wp-block-uagb-container bottom-link-section uagb-block-c2152a05 alignfull uagb-is-root-container\"><div class=\"uagb-container-inner-blocks-wrap\">\n<div class=\"wp-block-uagb-icon-list uagb-block-f9e30db5\"><div class=\"uagb-icon-list__wrap\">\n<div class=\"wp-block-uagb-icon-list-child uagb-block-6f6f1b1d\"><span class=\"uagb-icon-list__source-wrap\"><svg xmlns=\"https:\/\/www.w3.org\/2000\/svg\" viewBox=\"0 0 320 512\"><path d=\"M96 480c-8.188 0-16.38-3.125-22.62-9.375c-12.5-12.5-12.5-32.75 0-45.25L242.8 256L73.38 86.63c-12.5-12.5-12.5-32.75 0-45.25s32.75-12.5 45.25 0l192 192c12.5 12.5 12.5 32.75 0 45.25l-192 192C112.4 476.9 104.2 480 96 480z\"><\/path><\/svg><\/span><span class=\"uagb-icon-list__label\">Le programme complet<\/span><\/div>\n<\/div><\/div>\n<\/div><a class=\"spectra-container-link-overlay\" rel=\"noopener\" href=\"https:\/\/visionsdafrique.fr\/2024\/programme\/\"> <\/a><\/div>\n","protected":false},"excerpt":{"rendered":"<p>Autour de leur imaginaire et de leur cr\u00e9ativit\u00e9, trois auteurs pour des rencontres. Fanta Dram\u00e9 N\u00e9e \u00e0 Paris, d\u2019un p\u00e8re mauritanien et d\u2019une m\u00e8re s\u00e9n\u00e9galaise, elle a grandi dans le 20e arrondissement de la capitale. Apr\u00e8s un master de lettres modernes, elle obtient le CAPES et enseigne en tant que professeur de fran\u00e7ais dans un [&hellip;]<\/p>\n","protected":false},"author":1,"featured_media":5050,"parent":0,"menu_order":7,"comment_status":"closed","ping_status":"closed","template":"","meta":{"_acf_changed":false,"_uag_custom_page_level_css":"","footnotes":""},"class_list":["post-106","page","type-page","status-publish","has-post-thumbnail","hentry"],"acf":[],"uagb_featured_image_src":{"full":["https:\/\/visionsdafrique.fr\/2024\/wp-content\/uploads\/sites\/9\/2023\/09\/rencontres-litteraires-2023.jpg",1200,488,false],"thumbnail":["https:\/\/visionsdafrique.fr\/2024\/wp-content\/uploads\/sites\/9\/2023\/09\/rencontres-litteraires-2023-150x150.jpg",150,150,true],"medium":["https:\/\/visionsdafrique.fr\/2024\/wp-content\/uploads\/sites\/9\/2023\/09\/rencontres-litteraires-2023-300x122.jpg",300,122,true],"medium_large":["https:\/\/visionsdafrique.fr\/2024\/wp-content\/uploads\/sites\/9\/2023\/09\/rencontres-litteraires-2023-768x312.jpg",768,312,true],"large":["https:\/\/visionsdafrique.fr\/2024\/wp-content\/uploads\/sites\/9\/2023\/09\/rencontres-litteraires-2023-1024x416.jpg",1024,416,true],"1536x1536":["https:\/\/visionsdafrique.fr\/2024\/wp-content\/uploads\/sites\/9\/2023\/09\/rencontres-litteraires-2023.jpg",1200,488,false],"2048x2048":["https:\/\/visionsdafrique.fr\/2024\/wp-content\/uploads\/sites\/9\/2023\/09\/rencontres-litteraires-2023.jpg",1200,488,false]},"uagb_author_info":{"display_name":"Julien","author_link":"https:\/\/visionsdafrique.fr\/2024\/author\/hapi_admin\/"},"uagb_comment_info":0,"uagb_excerpt":"Autour de leur imaginaire et de leur cr\u00e9ativit\u00e9, trois auteurs pour des rencontres. Fanta Dram\u00e9 N\u00e9e \u00e0 Paris, d\u2019un p\u00e8re mauritanien et d\u2019une m\u00e8re s\u00e9n\u00e9galaise, elle a grandi dans le 20e arrondissement de la capitale. Apr\u00e8s un master de lettres modernes, elle obtient le CAPES et enseigne en tant que professeur de fran\u00e7ais dans un\u2026","_links":{"self":[{"href":"https:\/\/visionsdafrique.fr\/2024\/wp-json\/wp\/v2\/pages\/106","targetHints":{"allow":["GET"]}}],"collection":[{"href":"https:\/\/visionsdafrique.fr\/2024\/wp-json\/wp\/v2\/pages"}],"about":[{"href":"https:\/\/visionsdafrique.fr\/2024\/wp-json\/wp\/v2\/types\/page"}],"author":[{"embeddable":true,"href":"https:\/\/visionsdafrique.fr\/2024\/wp-json\/wp\/v2\/users\/1"}],"replies":[{"embeddable":true,"href":"https:\/\/visionsdafrique.fr\/2024\/wp-json\/wp\/v2\/comments?post=106"}],"version-history":[{"count":97,"href":"https:\/\/visionsdafrique.fr\/2024\/wp-json\/wp\/v2\/pages\/106\/revisions"}],"predecessor-version":[{"id":6434,"href":"https:\/\/visionsdafrique.fr\/2024\/wp-json\/wp\/v2\/pages\/106\/revisions\/6434"}],"wp:featuredmedia":[{"embeddable":true,"href":"https:\/\/visionsdafrique.fr\/2024\/wp-json\/wp\/v2\/media\/5050"}],"wp:attachment":[{"href":"https:\/\/visionsdafrique.fr\/2024\/wp-json\/wp\/v2\/media?parent=106"}],"curies":[{"name":"wp","href":"https:\/\/api.w.org\/{rel}","templated":true}]}}