{"id":104,"date":"2018-08-08T10:58:16","date_gmt":"2018-08-08T08:58:16","guid":{"rendered":"https:\/\/visionsdafrique.fr\/2024\/?page_id=104"},"modified":"2024-09-17T15:05:14","modified_gmt":"2024-09-17T13:05:14","slug":"partenaires","status":"publish","type":"page","link":"https:\/\/visionsdafrique.fr\/2024\/partenaires\/","title":{"rendered":"Ils soutiennent Visions d&rsquo;Afrique"},"content":{"rendered":"\n<div class=\"wp-block-uagb-container uagb-block-3374c328 alignfull uagb-is-root-container\"><div class=\"uagb-container-inner-blocks-wrap\">\n<h3 class=\"wp-block-heading\">Les partenaires institutionnels<\/h3>\n\n\n\n<p>Minist\u00e8re de la Culture, ADRC (Agence pour le d\u00e9veloppement r\u00e9gional du cin\u00e9ma) Communaut\u00e9 de Communes Marennes \/ Bourcefranc, Communaut\u00e9 de Communes de l\u2019\u00cele d\u2019Ol\u00e9ron, Conseil D\u00e9partemental, Drac, Education Nationale, Fonds d\u2019aide \u00e0 la lecture Cr\u00e9dit Mutuel, Fonds pour le d\u00e9veloppement de la Vie Associative, Fonds d\u2019aide \u00e0 la Vie Associative, Institut Fran\u00e7ais, Mairie de Marennes-Hiers-Brouage, Mairie de St-Pierre d\u2019Ol\u00e9ron, M\u00e9diath\u00e8que de Marennes, M\u00e9diath\u00e8que de Saint-Pierre, M\u00e9diath\u00e8que Saint-Georges d\u2019Ol\u00e9ron, R\u00e9gion Nouvelle-Aquitaine<\/p>\n\n\n\n<h3 class=\"wp-block-heading\">Les producteurs et distributeurs<\/h3>\n\n\n\n<p>Arizona Distribution, Anasanders Films, Carlotta, Condor distribution, DDM<br>Cin\u00e9ma, DKB Productions, Films du Losange, JHR, Jour2fete, Kori Kaxoru Films, KMBO, Luxbox Films, N\u00e9on Rouge, Pyramide Films, Sudu Film, Temps Noir, Trigon, Urugori Films, Velvet films, Vrai Vrai films, Vivement lundi, We film, CNCA, Centre Alg\u00e9rien de d\u00e9veloppement du Cin\u00e9ma<\/p>\n\n\n\n<h3 class=\"wp-block-heading\">Les festivals et associations<\/h3>\n\n\n\n<p>Afriques en vision Bordeaux, Institut des Afriques Bordeaux, Cin\u00e9Mondes Berck-sur-Mer, Cin\u00e9 Regards Africains 94, Festival Aflam Marseille, Festival de Lausanne. Rochefort sur Toile, Universit\u00e9 du Temps Libre Marennes Ol\u00e9ron, Association RACINES<\/p>\n\n\n\n<h3 class=\"wp-block-heading\">Les partenaires m\u00e9dias<\/h3>\n\n\n\n<p>Africultures et Africin\u00e9, Ch\u00e9rie FM, Demoiselle de Rochefort FM, France Bleue La Rochelle, France 3 Atlantique, France M\u00e9dia Monde, le Groupe Sud-Ouest, le Littoral, Radio France Internationale, Vogue Radio<\/p>\n\n\n\n<h3 class=\"wp-block-heading\">Les annonceurs<\/h3>\n\n\n\n<p>Chez Suz\u2019Yles, Le Square, Librairie des Pertuis, Librairie Le Coureau, Marennes Impression, Odile Motelet, La Chi\u2019gniole<\/p>\n\n\n\n<div style=\"height:3rem\" aria-hidden=\"true\" class=\"wp-block-spacer\"><\/div>\n\n\n\n<div class=\"wp-block-uagb-image alignleft uagb-block-da443a57 wp-block-uagb-image--layout-default wp-block-uagb-image--effect-static wp-block-uagb-image--align-left\"><figure class=\"wp-block-uagb-image__figure\"><img decoding=\"async\" srcset=\"https:\/\/visionsdafrique.fr\/2024\/wp-content\/uploads\/sites\/9\/2024\/09\/partenaires_2024-1024x674.jpg ,https:\/\/visionsdafrique.fr\/2024\/wp-content\/uploads\/sites\/9\/2024\/09\/partenaires_2024.jpg 780w, https:\/\/visionsdafrique.fr\/2024\/wp-content\/uploads\/sites\/9\/2024\/09\/partenaires_2024.jpg 360w\" sizes=\"auto, (max-width: 480px) 150px\" src=\"https:\/\/visionsdafrique.fr\/2024\/wp-content\/uploads\/sites\/9\/2024\/09\/partenaires_2024-1024x674.jpg\" alt=\"\" class=\"uag-image-6662\" width=\"1024\" height=\"674\" title=\"partenaires_2024\" loading=\"lazy\" role=\"img\"\/><\/figure><\/div>\n\n\n\n<div style=\"height:3rem\" aria-hidden=\"true\" class=\"wp-block-spacer\"><\/div>\n\n\n\n<div class=\"wp-block-uagb-image alignleft uagb-block-355c6b01 wp-block-uagb-image--layout-default wp-block-uagb-image--effect-grayscale wp-block-uagb-image--align-left\"><figure class=\"wp-block-uagb-image__figure\"><a class=\"\" href=\"https:\/\/visionsdafrique.fr\/2024\/soutenir-le-festival-visions-dafrique\/\" target=\"\" rel=\"noopener\"><img decoding=\"async\" srcset=\"https:\/\/visionsdafrique.fr\/2024\/wp-content\/uploads\/sites\/9\/2024\/06\/HELLOASSO_BANNIERE_CAMPAGNE-1024x576.jpg ,https:\/\/visionsdafrique.fr\/2024\/wp-content\/uploads\/sites\/9\/2024\/06\/HELLOASSO_BANNIERE_CAMPAGNE.jpg 780w, https:\/\/visionsdafrique.fr\/2024\/wp-content\/uploads\/sites\/9\/2024\/06\/HELLOASSO_BANNIERE_CAMPAGNE.jpg 360w\" sizes=\"auto, (max-width: 480px) 150px\" src=\"https:\/\/visionsdafrique.fr\/2024\/wp-content\/uploads\/sites\/9\/2024\/06\/HELLOASSO_BANNIERE_CAMPAGNE-1024x576.jpg\" alt=\"\" class=\"uag-image-5347\" width=\"1920\" height=\"674\" title=\"HELLOASSO_BANNIERE_CAMPAGNE\" loading=\"lazy\" role=\"img\"\/><\/a><\/figure><\/div>\n<\/div><\/div>\n","protected":false},"excerpt":{"rendered":"<p>Les partenaires institutionnels Minist\u00e8re de la Culture, ADRC (Agence pour le d\u00e9veloppement r\u00e9gional du cin\u00e9ma) Communaut\u00e9 de Communes Marennes \/ Bourcefranc, Communaut\u00e9 de Communes de l\u2019\u00cele d\u2019Ol\u00e9ron, Conseil D\u00e9partemental, Drac, Education Nationale, Fonds d\u2019aide \u00e0 la lecture Cr\u00e9dit Mutuel, Fonds pour le d\u00e9veloppement de la Vie Associative, Fonds d\u2019aide \u00e0 la Vie Associative, Institut Fran\u00e7ais, [&hellip;]<\/p>\n","protected":false},"author":1,"featured_media":5347,"parent":0,"menu_order":13,"comment_status":"closed","ping_status":"closed","template":"","meta":{"_acf_changed":false,"_uag_custom_page_level_css":"","footnotes":""},"class_list":["post-104","page","type-page","status-publish","has-post-thumbnail","hentry"],"acf":[],"uagb_featured_image_src":{"full":["https:\/\/visionsdafrique.fr\/2024\/wp-content\/uploads\/sites\/9\/2024\/06\/HELLOASSO_BANNIERE_CAMPAGNE.jpg",1920,1080,false],"thumbnail":["https:\/\/visionsdafrique.fr\/2024\/wp-content\/uploads\/sites\/9\/2024\/06\/HELLOASSO_BANNIERE_CAMPAGNE-150x150.jpg",150,150,true],"medium":["https:\/\/visionsdafrique.fr\/2024\/wp-content\/uploads\/sites\/9\/2024\/06\/HELLOASSO_BANNIERE_CAMPAGNE-300x169.jpg",300,169,true],"medium_large":["https:\/\/visionsdafrique.fr\/2024\/wp-content\/uploads\/sites\/9\/2024\/06\/HELLOASSO_BANNIERE_CAMPAGNE-768x432.jpg",768,432,true],"large":["https:\/\/visionsdafrique.fr\/2024\/wp-content\/uploads\/sites\/9\/2024\/06\/HELLOASSO_BANNIERE_CAMPAGNE-1024x576.jpg",1024,576,true],"1536x1536":["https:\/\/visionsdafrique.fr\/2024\/wp-content\/uploads\/sites\/9\/2024\/06\/HELLOASSO_BANNIERE_CAMPAGNE-1536x864.jpg",1536,864,true],"2048x2048":["https:\/\/visionsdafrique.fr\/2024\/wp-content\/uploads\/sites\/9\/2024\/06\/HELLOASSO_BANNIERE_CAMPAGNE.jpg",1920,1080,false]},"uagb_author_info":{"display_name":"Julien","author_link":"https:\/\/visionsdafrique.fr\/2024\/author\/hapi_admin\/"},"uagb_comment_info":0,"uagb_excerpt":"Les partenaires institutionnels Minist\u00e8re de la Culture, ADRC (Agence pour le d\u00e9veloppement r\u00e9gional du cin\u00e9ma) Communaut\u00e9 de Communes Marennes \/ Bourcefranc, Communaut\u00e9 de Communes de l\u2019\u00cele d\u2019Ol\u00e9ron, Conseil D\u00e9partemental, Drac, Education Nationale, Fonds d\u2019aide \u00e0 la lecture Cr\u00e9dit Mutuel, Fonds pour le d\u00e9veloppement de la Vie Associative, Fonds d\u2019aide \u00e0 la Vie Associative, Institut Fran\u00e7ais,\u2026","_links":{"self":[{"href":"https:\/\/visionsdafrique.fr\/2024\/wp-json\/wp\/v2\/pages\/104","targetHints":{"allow":["GET"]}}],"collection":[{"href":"https:\/\/visionsdafrique.fr\/2024\/wp-json\/wp\/v2\/pages"}],"about":[{"href":"https:\/\/visionsdafrique.fr\/2024\/wp-json\/wp\/v2\/types\/page"}],"author":[{"embeddable":true,"href":"https:\/\/visionsdafrique.fr\/2024\/wp-json\/wp\/v2\/users\/1"}],"replies":[{"embeddable":true,"href":"https:\/\/visionsdafrique.fr\/2024\/wp-json\/wp\/v2\/comments?post=104"}],"version-history":[{"count":13,"href":"https:\/\/visionsdafrique.fr\/2024\/wp-json\/wp\/v2\/pages\/104\/revisions"}],"predecessor-version":[{"id":6668,"href":"https:\/\/visionsdafrique.fr\/2024\/wp-json\/wp\/v2\/pages\/104\/revisions\/6668"}],"wp:featuredmedia":[{"embeddable":true,"href":"https:\/\/visionsdafrique.fr\/2024\/wp-json\/wp\/v2\/media\/5347"}],"wp:attachment":[{"href":"https:\/\/visionsdafrique.fr\/2024\/wp-json\/wp\/v2\/media?parent=104"}],"curies":[{"name":"wp","href":"https:\/\/api.w.org\/{rel}","templated":true}]}}