{"id":102,"date":"2018-08-08T10:57:25","date_gmt":"2018-08-08T08:57:25","guid":{"rendered":"https:\/\/visionsdafrique.fr\/2024\/?page_id=102"},"modified":"2024-09-16T21:32:33","modified_gmt":"2024-09-16T19:32:33","slug":"jeune-public","status":"publish","type":"page","link":"https:\/\/visionsdafrique.fr\/2024\/jeune-public\/","title":{"rendered":"Jeune public \/ Scolaires"},"content":{"rendered":"\n<div class=\"wp-block-uagb-container uagb-block-3e0495c8 alignfull uagb-is-root-container\"><div class=\"uagb-container-inner-blocks-wrap\">\n<div class=\"wp-block-uagb-advanced-heading uagb-block-849b30fc\"><p class=\"uagb-desc-text\">Visions d&rsquo;Afrique, c&rsquo;est aussi<\/p><h2 class=\"uagb-heading-text\">Pour les scolaires<\/h2><\/div>\n<\/div><\/div>\n\n\n\n<div class=\"wp-block-uagb-container uagb-block-ec698a84 alignfull uagb-is-root-container\"><div class=\"uagb-container-inner-blocks-wrap\">\n<div class=\"wp-block-media-text is-stacked-on-mobile border-right\" style=\"grid-template-columns:30% auto\"><figure class=\"wp-block-media-text__media\"><img loading=\"lazy\" decoding=\"async\" width=\"600\" height=\"800\" src=\"https:\/\/visionsdafrique.fr\/2024\/wp-content\/uploads\/sites\/9\/2024\/09\/20017639.jpg\" alt=\"\" class=\"wp-image-6383 size-full\" srcset=\"https:\/\/visionsdafrique.fr\/2024\/wp-content\/uploads\/sites\/9\/2024\/09\/20017639.jpg 600w, https:\/\/visionsdafrique.fr\/2024\/wp-content\/uploads\/sites\/9\/2024\/09\/20017639-225x300.jpg 225w\" sizes=\"auto, (max-width: 600px) 100vw, 600px\" \/><\/figure><div class=\"wp-block-media-text__content\">\n<div class=\"wp-block-group p-5\"><div class=\"wp-block-group__inner-container is-layout-constrained wp-block-group-is-layout-constrained\">\n<p><strong>Faire conna\u00eetre aux \u00e9l\u00e8ves, aux coll\u00e9giens et aux lyc\u00e9ens d\u2019autres r\u00e9alit\u00e9s, d\u2019autres visions du monde, d\u2019autres relations humaines, d\u2019autres cultures souvent tr\u00e8s anciennes et tr\u00e8s riches, \u00e0 contre-courant des clich\u00e9s souvent v\u00e9hicul\u00e9s sur les r\u00e9seaux sociaux et leur faire d\u00e9couvrir le cin\u00e9ma, et les cin\u00e9mas d\u2019Afrique, tels sont les objectifs des s\u00e9ances scolaires, propos\u00e9es pendant <em>Visions d\u2019Afrique.<\/em><\/strong><\/p>\n\n\n\n<p><strong>Cin\u00e9astes et intervenants se d\u00e9placent \u00e0 leur rencontre, dans tout le pays Marennes Ol\u00e9ron, et bien au del\u00e0&nbsp;!<\/strong> Mais avec leurs enseignants nous leur offrons aussi l\u2019occasion de d\u00e9couvrir les films dans une vraie belle salle de cin\u00e9ma, sans pop corn ou boissons gazeuses, mais avec l\u2019\u00e9motion irrempla\u00e7able de voir un film sur grand \u00e9cran et de le partager avec les autres&nbsp;!<\/p>\n\n\n\n<p>Quant \u00e0 la classe cin\u00e9ma du lyc\u00e9e Merleau Ponty, l\u2019occasion lui est donn\u00e9e chaque ann\u00e9e de d\u00e9couvrir un cin\u00e9aste, cette ann\u00e9e la cin\u00e9aste marocaine <strong><a href=\"https:\/\/visionsdafrique.fr\/2024\/intervenant\/leila-kilani\/\" data-type=\"intervenants\" data-id=\"5736\">Le\u00efla Kilani<\/a><\/strong>. Apr\u00e8s avoir vu <em>Sur la planche<\/em> au lyc\u00e9e en pr\u00e9sence de Le\u00efla Kilani, direction l\u2019Eldorado pour d\u00e9couvrir son nouveau film <em><a href=\"https:\/\/visionsdafrique.fr\/2024\/film\/indivision\/\" data-type=\"film\" data-id=\"5735\">Indivision (Birdland)<\/a><\/em>.<\/p>\n<\/div><\/div>\n<\/div><\/div>\n<\/div><\/div>\n\n\n\n<div data-aos= \"fade-up\" data-aos-duration=\"400\" data-aos-delay=\"0\" data-aos-easing=\"ease\" data-aos-once=\"true\" class=\"wp-block-uagb-container bottom-link-section uagb-block-c2152a05 alignfull uagb-is-root-container\"><div class=\"uagb-container-inner-blocks-wrap\">\n<div class=\"wp-block-uagb-icon-list uagb-block-f9e30db5\"><div class=\"uagb-icon-list__wrap\">\n<div class=\"wp-block-uagb-icon-list-child uagb-block-6f6f1b1d\"><span class=\"uagb-icon-list__source-wrap\"><svg xmlns=\"https:\/\/www.w3.org\/2000\/svg\" viewBox=\"0 0 320 512\"><path d=\"M96 480c-8.188 0-16.38-3.125-22.62-9.375c-12.5-12.5-12.5-32.75 0-45.25L242.8 256L73.38 86.63c-12.5-12.5-12.5-32.75 0-45.25s32.75-12.5 45.25 0l192 192c12.5 12.5 12.5 32.75 0 45.25l-192 192C112.4 476.9 104.2 480 96 480z\"><\/path><\/svg><\/span><span class=\"uagb-icon-list__label\">Le programme complet<\/span><\/div>\n<\/div><\/div>\n<\/div><a class=\"spectra-container-link-overlay\" rel=\"noopener\" href=\"https:\/\/visionsdafrique.fr\/2024\/programme\/\"> <\/a><\/div>\n","protected":false},"excerpt":{"rendered":"<p>Visions d&rsquo;Afrique, c&rsquo;est aussi Pour les scolaires Faire conna\u00eetre aux \u00e9l\u00e8ves, aux coll\u00e9giens et aux lyc\u00e9ens d\u2019autres r\u00e9alit\u00e9s, d\u2019autres visions du monde, d\u2019autres relations humaines, d\u2019autres cultures souvent tr\u00e8s anciennes et tr\u00e8s riches, \u00e0 contre-courant des clich\u00e9s souvent v\u00e9hicul\u00e9s sur les r\u00e9seaux sociaux et leur faire d\u00e9couvrir le cin\u00e9ma, et les cin\u00e9mas d\u2019Afrique, tels sont [&hellip;]<\/p>\n","protected":false},"author":1,"featured_media":4877,"parent":0,"menu_order":6,"comment_status":"closed","ping_status":"closed","template":"","meta":{"_acf_changed":false,"_uag_custom_page_level_css":"","footnotes":""},"class_list":["post-102","page","type-page","status-publish","has-post-thumbnail","hentry"],"acf":[],"uagb_featured_image_src":{"full":["https:\/\/visionsdafrique.fr\/2024\/wp-content\/uploads\/sites\/9\/2023\/09\/affiche-modifiee-pantheon-de-la-joie-scaled-2.jpg",1358,1920,false],"thumbnail":["https:\/\/visionsdafrique.fr\/2024\/wp-content\/uploads\/sites\/9\/2023\/09\/affiche-modifiee-pantheon-de-la-joie-scaled-2-150x150.jpg",150,150,true],"medium":["https:\/\/visionsdafrique.fr\/2024\/wp-content\/uploads\/sites\/9\/2023\/09\/affiche-modifiee-pantheon-de-la-joie-scaled-2-212x300.jpg",212,300,true],"medium_large":["https:\/\/visionsdafrique.fr\/2024\/wp-content\/uploads\/sites\/9\/2023\/09\/affiche-modifiee-pantheon-de-la-joie-scaled-2-768x1086.jpg",768,1086,true],"large":["https:\/\/visionsdafrique.fr\/2024\/wp-content\/uploads\/sites\/9\/2023\/09\/affiche-modifiee-pantheon-de-la-joie-scaled-2-724x1024.jpg",724,1024,true],"1536x1536":["https:\/\/visionsdafrique.fr\/2024\/wp-content\/uploads\/sites\/9\/2023\/09\/affiche-modifiee-pantheon-de-la-joie-scaled-2-1086x1536.jpg",1086,1536,true],"2048x2048":["https:\/\/visionsdafrique.fr\/2024\/wp-content\/uploads\/sites\/9\/2023\/09\/affiche-modifiee-pantheon-de-la-joie-scaled-2.jpg",1358,1920,false]},"uagb_author_info":{"display_name":"Julien","author_link":"https:\/\/visionsdafrique.fr\/2024\/author\/hapi_admin\/"},"uagb_comment_info":0,"uagb_excerpt":"Visions d&rsquo;Afrique, c&rsquo;est aussi Pour les scolaires Faire conna\u00eetre aux \u00e9l\u00e8ves, aux coll\u00e9giens et aux lyc\u00e9ens d\u2019autres r\u00e9alit\u00e9s, d\u2019autres visions du monde, d\u2019autres relations humaines, d\u2019autres cultures souvent tr\u00e8s anciennes et tr\u00e8s riches, \u00e0 contre-courant des clich\u00e9s souvent v\u00e9hicul\u00e9s sur les r\u00e9seaux sociaux et leur faire d\u00e9couvrir le cin\u00e9ma, et les cin\u00e9mas d\u2019Afrique, tels sont\u2026","_links":{"self":[{"href":"https:\/\/visionsdafrique.fr\/2024\/wp-json\/wp\/v2\/pages\/102","targetHints":{"allow":["GET"]}}],"collection":[{"href":"https:\/\/visionsdafrique.fr\/2024\/wp-json\/wp\/v2\/pages"}],"about":[{"href":"https:\/\/visionsdafrique.fr\/2024\/wp-json\/wp\/v2\/types\/page"}],"author":[{"embeddable":true,"href":"https:\/\/visionsdafrique.fr\/2024\/wp-json\/wp\/v2\/users\/1"}],"replies":[{"embeddable":true,"href":"https:\/\/visionsdafrique.fr\/2024\/wp-json\/wp\/v2\/comments?post=102"}],"version-history":[{"count":64,"href":"https:\/\/visionsdafrique.fr\/2024\/wp-json\/wp\/v2\/pages\/102\/revisions"}],"predecessor-version":[{"id":6552,"href":"https:\/\/visionsdafrique.fr\/2024\/wp-json\/wp\/v2\/pages\/102\/revisions\/6552"}],"wp:featuredmedia":[{"embeddable":true,"href":"https:\/\/visionsdafrique.fr\/2024\/wp-json\/wp\/v2\/media\/4877"}],"wp:attachment":[{"href":"https:\/\/visionsdafrique.fr\/2024\/wp-json\/wp\/v2\/media?parent=102"}],"curies":[{"name":"wp","href":"https:\/\/api.w.org\/{rel}","templated":true}]}}