{"id":94,"date":"2018-08-08T10:55:23","date_gmt":"2018-08-08T08:55:23","guid":{"rendered":"https:\/\/visionsdafrique.fr\/2023\/?page_id=94"},"modified":"2023-09-19T10:06:36","modified_gmt":"2023-09-19T08:06:36","slug":"infos-pratiques-contact","status":"publish","type":"page","link":"https:\/\/visionsdafrique.fr\/2023\/infos-pratiques-contact\/","title":{"rendered":"Infos pratiques \/ contact"},"content":{"rendered":"\n<h2 class=\"wp-block-heading\">Les s\u00e9ances<\/h2>\n\n\n\n<blockquote class=\"wp-block-quote is-layout-flow wp-block-quote-is-layout-flow\">\n<p><strong>Les Rencontres se d\u00e9roulent dans les salles de cin\u00e9ma de l&rsquo;Eldorado \u00e0 Saint-Pierre d&rsquo;Ol\u00e9ron et de l&rsquo;Estran \u00e0 Marennes.<\/strong><\/p>\n<\/blockquote>\n\n\n\n<div class=\"wp-block-columns is-layout-flex wp-container-core-columns-is-layout-9d6595d7 wp-block-columns-is-layout-flex\">\n<div class=\"wp-block-column is-layout-flow wp-block-column-is-layout-flow\">\n<h3 class=\"wp-block-heading\">Cin\u00e9ma l&rsquo;Eldorado<\/h3>\n\n\n\n<p>5, rue de la R\u00e9publique<br>17310 St Pierre d\u2019Oleron<br>05 46 47 82 31<br><i class=\"fab fa-facebook-f\"><\/i> local.marennes@bbox.fr<br>@cin\u00e9ma.eldorado.7<\/p>\n<\/div>\n\n\n\n<div class=\"wp-block-column is-layout-flow wp-block-column-is-layout-flow\">\n<h3 class=\"wp-block-heading\">Cin\u00e9ma&nbsp;l\u2019Estran<\/h3>\n\n\n\n<p>Place Carnot<br>17320 Marennes<br>05 46 36 30 61<br>local.marennes@gmail.com<br>@estran.marennes<\/p>\n<\/div>\n<\/div>\n\n\n\n<div class=\"wp-block-group p-5 has-background\" style=\"background-color:#f1f1f1\"><div class=\"wp-block-group__inner-container is-layout-constrained wp-block-group-is-layout-constrained\">\n<h2 class=\"wp-block-heading mt-0\">Tarifs<\/h2>\n\n\n\n<p><strong>Cin\u00e9ma<\/strong><br>8 \u20ac \/ 6,50 \u20ac adh\u00e9rent LOCAL \/ 4,50 \u20ac moins de 14 ans<\/p>\n\n\n\n<p><strong>Abonnement 5 films :<\/strong> 25 \u20ac<\/p>\n\n\n\n<p><strong>Soir\u00e9e de la 14e \u00e9dition &#8211; mercredi 18 octobre &#8211; Eldorado<\/strong><br>19,00 \u20ac \/ 16,00 \u20ac adh\u00e9rent LOCAL, Afrique en sc\u00e8ne \/ 13,00 \u20ac -25 ans<\/p>\n\n\n\n<p><strong>Soir\u00e9e de cl\u00f4ture &#8211; mardi 24 octobre &#8211; Estran<br><\/strong>15,00 \u20ac tarif normal \/ 13,00 \u20ac tarif r\u00e9duit<\/p>\n\n\n\n<p><strong>\u00c0 l\u2019Eldorado &#8211; Du mercredi 18 au mardi 24 octobre<br><em>Chez Suz\u2019Iles<\/em><\/strong> vous proposera un menu \u00e0 16 \u20ac entre 19h30 et 21h00, chaque jour.<\/p>\n<\/div><\/div>\n\n\n\n<h2 class=\"wp-block-heading\">Contacter l&rsquo;organisation du festival<\/h2>\n\n\n\n<p>www.local-oleron-marennes.fr<\/p>\n\n\n\n<h3 class=\"wp-block-heading\">Afriques en sc\u00e8ne et Le Local<\/h3>\n\n\n\n<p>5, rue de la R\u00e9publique<br>17310 Saint Pierre d\u2019Ol\u00e9ron<br>06 19 29 52 71<br>afriques_en_scene@yahoo.fr<\/p>\n\n\n\n<h2 class=\"wp-block-heading\">Informations sur le pays Marennes Ol\u00e9ron,<br>ses villes et ses villages<\/h2>\n\n\n\n<blockquote class=\"wp-block-quote is-layout-flow wp-block-quote-is-layout-flow\">\n<p>Toutes les informations pour le s\u00e9jour sur les 6 sites suivants qui vous disent tout sur le Pays Marennes Ol\u00e9ron et ses charmes :<\/p>\n<\/blockquote>\n\n\n\n<p><strong>Le Pays<\/strong><br>www.marennes-oleron.com<\/p>\n\n\n\n<p><strong>Le tourisme<\/strong><br>www.ile-oleron-marennes.com<\/p>\n\n\n\n<p><strong>Les hu\u00eetres<\/strong><br>www.huitresmarennesoleron.info<\/p>\n\n\n\n<p><strong>Le Bassin de Marennes<\/strong><br>www.bassin-de-marennes.com<\/p>\n\n\n\n<p><strong>L&rsquo;\u00eele et ses villages<\/strong><br>www.cdc-oleron.com<\/p>\n\n\n\n<p><strong>La cit\u00e9 de Marennes<\/strong><br>www.marennes.fr<\/p>\n\n\n\n<p><strong>La ville de Saint Pierre d&rsquo;Ol\u00e9ron<\/strong><br>www.saint-pierre-oleron.com<\/p>\n","protected":false},"excerpt":{"rendered":"<p>Les s\u00e9ances Les Rencontres se d\u00e9roulent dans les salles de cin\u00e9ma de l&rsquo;Eldorado \u00e0 Saint-Pierre d&rsquo;Ol\u00e9ron et de l&rsquo;Estran \u00e0 Marennes. Cin\u00e9ma l&rsquo;Eldorado 5, rue de la R\u00e9publique17310 St Pierre d\u2019Oleron05 46 47 82 31 local.marennes@bbox.fr@cin\u00e9ma.eldorado.7 Cin\u00e9ma&nbsp;l\u2019Estran Place Carnot17320 Marennes05 46 36 30 61local.marennes@gmail.com@estran.marennes Tarifs Cin\u00e9ma8 \u20ac \/ 6,50 \u20ac adh\u00e9rent LOCAL \/ 4,50 \u20ac [&hellip;]<\/p>\n","protected":false},"author":1,"featured_media":0,"parent":0,"menu_order":11,"comment_status":"closed","ping_status":"closed","template":"","meta":{"_acf_changed":false,"_uag_custom_page_level_css":"","footnotes":""},"class_list":["post-94","page","type-page","status-publish","hentry"],"acf":[],"uagb_featured_image_src":{"full":false,"thumbnail":false,"medium":false,"medium_large":false,"large":false,"1536x1536":false,"2048x2048":false},"uagb_author_info":{"display_name":"Julien","author_link":"https:\/\/visionsdafrique.fr\/2023\/author\/hapi_admin\/"},"uagb_comment_info":0,"uagb_excerpt":"Les s\u00e9ances Les Rencontres se d\u00e9roulent dans les salles de cin\u00e9ma de l&rsquo;Eldorado \u00e0 Saint-Pierre d&rsquo;Ol\u00e9ron et de l&rsquo;Estran \u00e0 Marennes. Cin\u00e9ma l&rsquo;Eldorado 5, rue de la R\u00e9publique17310 St Pierre d\u2019Oleron05 46 47 82 31 local.marennes@bbox.fr@cin\u00e9ma.eldorado.7 Cin\u00e9ma&nbsp;l\u2019Estran Place Carnot17320 Marennes05 46 36 30 61local.marennes@gmail.com@estran.marennes Tarifs Cin\u00e9ma8 \u20ac \/ 6,50 \u20ac adh\u00e9rent LOCAL \/ 4,50 \u20ac\u2026","_links":{"self":[{"href":"https:\/\/visionsdafrique.fr\/2023\/wp-json\/wp\/v2\/pages\/94","targetHints":{"allow":["GET"]}}],"collection":[{"href":"https:\/\/visionsdafrique.fr\/2023\/wp-json\/wp\/v2\/pages"}],"about":[{"href":"https:\/\/visionsdafrique.fr\/2023\/wp-json\/wp\/v2\/types\/page"}],"author":[{"embeddable":true,"href":"https:\/\/visionsdafrique.fr\/2023\/wp-json\/wp\/v2\/users\/1"}],"replies":[{"embeddable":true,"href":"https:\/\/visionsdafrique.fr\/2023\/wp-json\/wp\/v2\/comments?post=94"}],"version-history":[{"count":14,"href":"https:\/\/visionsdafrique.fr\/2023\/wp-json\/wp\/v2\/pages\/94\/revisions"}],"predecessor-version":[{"id":4712,"href":"https:\/\/visionsdafrique.fr\/2023\/wp-json\/wp\/v2\/pages\/94\/revisions\/4712"}],"wp:attachment":[{"href":"https:\/\/visionsdafrique.fr\/2023\/wp-json\/wp\/v2\/media?parent=94"}],"curies":[{"name":"wp","href":"https:\/\/api.w.org\/{rel}","templated":true}]}}