{"id":2299,"date":"2020-02-20T10:52:53","date_gmt":"2020-02-20T09:52:53","guid":{"rendered":"https:\/\/visionsdafrique.fr\/2023\/?page_id=2299"},"modified":"2023-09-19T10:06:36","modified_gmt":"2023-09-19T08:06:36","slug":"videos","status":"publish","type":"page","link":"https:\/\/visionsdafrique.fr\/2023\/videos\/","title":{"rendered":"Vid\u00e9os"},"content":{"rendered":"\n<h2 class=\"wp-block-heading\">1. Masterclasse avec Newton Aduaka &#8211; 18\/10\/19<\/h2>\n\n\n\n<p>Le r\u00e9alisateur Newton Aduaka<\/p>\n\n\n\n<figure class=\"wp-block-embed is-type-video is-provider-youtube wp-block-embed-youtube wp-embed-aspect-16-9 wp-has-aspect-ratio\"><div class=\"wp-block-embed__wrapper\">\n<iframe loading=\"lazy\" title=\"MASTERCLASSE NEWTON ADUAKA\" width=\"1170\" height=\"658\" src=\"https:\/\/www.youtube.com\/embed\/2yw06bbKIBM?feature=oembed\" frameborder=\"0\" allow=\"accelerometer; autoplay; encrypted-media; gyroscope; picture-in-picture\" allowfullscreen><\/iframe>\n<\/div><figcaption> Vid\u00e9o &#8211; <a rel=\"noreferrer noopener\" href=\"http:\/\/antoinesabourin.com\/\" target=\"_blank\">Antoine Sabourin<\/a> <\/figcaption><\/figure>\n\n\n\n<h2 class=\"wp-block-heading\">2. Masterclasse avec Z\u00e9z\u00e9 Gamboa &#8211; 20\/10\/19<\/h2>\n\n\n\n<p>Le r\u00e9alisateur Z\u00e9z\u00e9 Gamboa<\/p>\n\n\n\n<figure class=\"wp-block-embed is-type-video is-provider-youtube wp-block-embed-youtube wp-embed-aspect-16-9 wp-has-aspect-ratio\"><div class=\"wp-block-embed__wrapper\">\n<iframe loading=\"lazy\" title=\"MASTERCLASSE ZEZE GAMBOA\" width=\"1170\" height=\"658\" src=\"https:\/\/www.youtube.com\/embed\/pEES-X8Srnw?feature=oembed\" frameborder=\"0\" allow=\"accelerometer; autoplay; encrypted-media; gyroscope; picture-in-picture\" allowfullscreen><\/iframe>\n<\/div><figcaption>Vid\u00e9o &#8211; <a href=\"http:\/\/antoinesabourin.com\/\" target=\"_blank\" rel=\"noreferrer noopener\" aria-label=\"Antoine Sabourin (s\u2019ouvre dans un nouvel onglet)\">Antoine Sabourin<\/a><\/figcaption><\/figure>\n","protected":false},"excerpt":{"rendered":"<p>1. Masterclasse avec Newton Aduaka &#8211; 18\/10\/19 Le r\u00e9alisateur Newton Aduaka 2. Masterclasse avec Z\u00e9z\u00e9 Gamboa &#8211; 20\/10\/19 Le r\u00e9alisateur Z\u00e9z\u00e9 Gamboa<\/p>\n","protected":false},"author":1,"featured_media":0,"parent":0,"menu_order":25,"comment_status":"closed","ping_status":"closed","template":"","meta":{"_acf_changed":false,"_uag_custom_page_level_css":"","footnotes":""},"class_list":["post-2299","page","type-page","status-publish","hentry"],"acf":[],"uagb_featured_image_src":{"full":false,"thumbnail":false,"medium":false,"medium_large":false,"large":false,"1536x1536":false,"2048x2048":false},"uagb_author_info":{"display_name":"Julien","author_link":"https:\/\/visionsdafrique.fr\/2023\/author\/hapi_admin\/"},"uagb_comment_info":0,"uagb_excerpt":"1. Masterclasse avec Newton Aduaka &#8211; 18\/10\/19 Le r\u00e9alisateur Newton Aduaka 2. Masterclasse avec Z\u00e9z\u00e9 Gamboa &#8211; 20\/10\/19 Le r\u00e9alisateur Z\u00e9z\u00e9 Gamboa","_links":{"self":[{"href":"https:\/\/visionsdafrique.fr\/2023\/wp-json\/wp\/v2\/pages\/2299","targetHints":{"allow":["GET"]}}],"collection":[{"href":"https:\/\/visionsdafrique.fr\/2023\/wp-json\/wp\/v2\/pages"}],"about":[{"href":"https:\/\/visionsdafrique.fr\/2023\/wp-json\/wp\/v2\/types\/page"}],"author":[{"embeddable":true,"href":"https:\/\/visionsdafrique.fr\/2023\/wp-json\/wp\/v2\/users\/1"}],"replies":[{"embeddable":true,"href":"https:\/\/visionsdafrique.fr\/2023\/wp-json\/wp\/v2\/comments?post=2299"}],"version-history":[{"count":4,"href":"https:\/\/visionsdafrique.fr\/2023\/wp-json\/wp\/v2\/pages\/2299\/revisions"}],"predecessor-version":[{"id":4478,"href":"https:\/\/visionsdafrique.fr\/2023\/wp-json\/wp\/v2\/pages\/2299\/revisions\/4478"}],"wp:attachment":[{"href":"https:\/\/visionsdafrique.fr\/2023\/wp-json\/wp\/v2\/media?parent=2299"}],"curies":[{"name":"wp","href":"https:\/\/api.w.org\/{rel}","templated":true}]}}