{"id":1190,"date":"2018-09-26T09:42:33","date_gmt":"2018-09-26T07:42:33","guid":{"rendered":"https:\/\/visionsdafrique.fr\/2023\/?page_id=1190"},"modified":"2023-09-19T10:06:36","modified_gmt":"2023-09-19T08:06:36","slug":"a-propos","status":"publish","type":"page","link":"https:\/\/visionsdafrique.fr\/2023\/a-propos\/","title":{"rendered":"A propos de Visions d&rsquo;Afrique"},"content":{"rendered":"\n<h2 class=\"mb-4 wp-block-heading\">Qui sommes-nous ?<\/h2>\n\n\n\n<div class=\"wp-block-media-text alignwide is-stacked-on-mobile\" style=\"grid-template-columns:24% auto\"><figure class=\"wp-block-media-text__media\"><img loading=\"lazy\" decoding=\"async\" width=\"667\" height=\"1024\" src=\"https:\/\/visionsdafrique.fr\/2023\/wp-content\/uploads\/sites\/8\/2018\/08\/LOGO-2018_VISIONSDAFRIQUE_couleur-667x1024.jpg\" alt=\"\" class=\"wp-image-82 size-full\" srcset=\"https:\/\/visionsdafrique.fr\/2023\/wp-content\/uploads\/sites\/8\/2018\/08\/LOGO-2018_VISIONSDAFRIQUE_couleur-667x1024.jpg 667w, https:\/\/visionsdafrique.fr\/2023\/wp-content\/uploads\/sites\/8\/2018\/08\/LOGO-2018_VISIONSDAFRIQUE_couleur-195x300.jpg 195w, https:\/\/visionsdafrique.fr\/2023\/wp-content\/uploads\/sites\/8\/2018\/08\/LOGO-2018_VISIONSDAFRIQUE_couleur-768x1179.jpg 768w, https:\/\/visionsdafrique.fr\/2023\/wp-content\/uploads\/sites\/8\/2018\/08\/LOGO-2018_VISIONSDAFRIQUE_couleur.jpg 1024w\" sizes=\"auto, (max-width: 667px) 100vw, 667px\" \/><\/figure><div class=\"wp-block-media-text__content\">\n<p><strong>\u00ab\u00a0VISIONS D&rsquo;AFRIQUE\u00a0\u00bb, Rencontres Cin\u00e9matographiques du Pays Marennes Ol\u00e9ron<\/strong>, sont n\u00e9es de la volont\u00e9 partag\u00e9e de deux associations, Le LOCAL (Lien Ol\u00e9ronais pour la Culture, l&rsquo;Animation et les Loisirs ) association n\u00e9e en 1982, qui assure la gestion des salles de Marennes et de Saint Pierre d&rsquo;Ol\u00e9ron, et AFRIQUES EN SCENE, n\u00e9e en 2010, de consacrer une semaine de l&rsquo;automne \u00e0 faire mieux conna\u00eetre et appr\u00e9cier les cin\u00e9astes africains et leurs films dans les salles de l&rsquo;Eldorado et de l&rsquo;Estran.<\/p>\n<\/div><\/div>\n\n\n\n<div style=\"height:60px\" aria-hidden=\"true\" class=\"wp-block-spacer\"><\/div>\n\n\n\n<h3 class=\"mb-4 wp-block-heading\">Organisateurs de Visions d&rsquo;Afrique<\/h3>\n\n\n\n<p><strong>VISIONS D&rsquo;AFRIQUES<\/strong> est le fruit de la collaboration et du partenariat instaur\u00e9s depuis 2010 entre deux associations, <strong>le LOCAL<\/strong> et <strong>AFRIQUES EN SC\u00c8NE<\/strong>.<\/p>\n\n\n\n<div class=\"wp-block-media-text alignwide is-stacked-on-mobile is-vertically-aligned-top mb-4\" style=\"grid-template-columns:19% auto\"><figure class=\"wp-block-media-text__media\"><img loading=\"lazy\" decoding=\"async\" width=\"200\" height=\"195\" src=\"https:\/\/visionsdafrique.fr\/2023\/wp-content\/uploads\/sites\/8\/2018\/09\/logo-LOCAL.png\" alt=\"\" class=\"wp-image-1191 size-full\" srcset=\"https:\/\/visionsdafrique.fr\/2023\/wp-content\/uploads\/sites\/8\/2018\/09\/logo-LOCAL.png 200w, https:\/\/visionsdafrique.fr\/2023\/wp-content\/uploads\/sites\/8\/2018\/09\/logo-LOCAL-24x24.png 24w, https:\/\/visionsdafrique.fr\/2023\/wp-content\/uploads\/sites\/8\/2018\/09\/logo-LOCAL-36x36.png 36w, https:\/\/visionsdafrique.fr\/2023\/wp-content\/uploads\/sites\/8\/2018\/09\/logo-LOCAL-48x48.png 48w\" sizes=\"auto, (max-width: 200px) 100vw, 200px\" \/><\/figure><div class=\"wp-block-media-text__content\">\n<p><strong>Le LOCAL (Lien Ol\u00e9ronais pour la Culture, l&rsquo;Animation et les Loisirs) a \u00e9t\u00e9 cr\u00e9e en 1982. Elle s&rsquo;est donn\u00e9e pour but la promotion et l&rsquo;organisation, dans le Pays Marennes Ol\u00e9ron, de toute forme d&rsquo;activit\u00e9 culturelle. Le LOCAL a deux activit\u00e9s :<\/strong><\/p>\n<\/div><\/div>\n\n\n\n<ol class=\"wp-block-list\" id=\"block-e424361a-313c-4ab1-977f-559c815b391b\"><li>Le cin\u00e9ma: L&rsquo;association assure la gestion du cin\u00e9ma Eldorado (3 salles) de Saint Pierre d&rsquo;Ol\u00e9ron depuis 1983 et du cin\u00e9ma l&rsquo;Estran de Marennes (1 salle) depuis son ouverture en 2007. Ces cin\u00e9mas font partie du r\u00e9seau des cin\u00e9mas \u00ab Art et d&rsquo;Essai \u00bb.<\/li><li>L&rsquo;\u00e9dition et la diffusion d&rsquo;ouvrages relatifs au Pays Marennes Ol\u00e9ron.<\/li><\/ol>\n\n\n\n<p>L&rsquo;\u00e9quipe du LOCAL est compos\u00e9e de salari\u00e9s et de b\u00e9n\u00e9voles motiv\u00e9s pour participer aux animations propos\u00e9es dans les deux cin\u00e9mas.<\/p>\n\n\n\n<p>L&rsquo;association rassemble 1101 adh\u00e9rents en 2018. Son activit\u00e9 cin\u00e9matographique a fortement progress\u00e9 ces derni\u00e8res ann\u00e9es, passant de 70 000 entr\u00e9es en 2009 \u00e0 plus de 100 000 entr\u00e9es en 2017 pour les deux cin\u00e9mas. La pr\u00e9sidence de l&rsquo;association est assur\u00e9e par Robert Veillerot. La responsabilit\u00e9 des salles incombe \u00e0 Philippe Chagneau et pour l&rsquo;Estran \u00e0 Yvonnic Wahl.<\/p>\n\n\n\n<div style=\"height:60px\" aria-hidden=\"true\" class=\"wp-block-spacer\"><\/div>\n\n\n\n<h3 class=\"wp-block-heading\"><strong>Pour contacter l&rsquo;association :<\/strong><\/h3>\n\n\n\n<blockquote class=\"wp-block-quote is-layout-flow wp-block-quote-is-layout-flow\"><p>Adresse : Cin\u00e9ma Eldorado<br>5 rue de la R\u00e9publique,<br>17310 Saint Pierre d&rsquo;Ol\u00e9ron<br>05 46 47 83 31<br>www.local-oleron-marennes.fr<\/p><\/blockquote>\n\n\n\n<div class=\"wp-block-group\"><div class=\"wp-block-group__inner-container is-layout-flow wp-block-group-is-layout-flow\"><div class=\"wp-block-image\">\n<figure class=\"alignleft\"><img loading=\"lazy\" decoding=\"async\" width=\"217\" height=\"113\" src=\"https:\/\/visionsdafrique.fr\/2023\/wp-content\/uploads\/sites\/8\/2018\/09\/afriques-en-scene.png\" alt=\"\" class=\"wp-image-1192\" srcset=\"https:\/\/visionsdafrique.fr\/2023\/wp-content\/uploads\/sites\/8\/2018\/09\/afriques-en-scene.png 217w, https:\/\/visionsdafrique.fr\/2023\/wp-content\/uploads\/sites\/8\/2018\/09\/afriques-en-scene-24x12.png 24w, https:\/\/visionsdafrique.fr\/2023\/wp-content\/uploads\/sites\/8\/2018\/09\/afriques-en-scene-36x19.png 36w, https:\/\/visionsdafrique.fr\/2023\/wp-content\/uploads\/sites\/8\/2018\/09\/afriques-en-scene-48x25.png 48w\" sizes=\"auto, (max-width: 217px) 100vw, 217px\" \/><\/figure>\n<\/div>\n\n\n<p><strong>AFRIQUES EN SCENE est une association cr\u00e9e en juillet 2010 par 4 membres fondateurs, ayant, \u00e0 des titres divers, des relations privil\u00e9gi\u00e9es avec le continent africain.<\/strong><\/p>\n<\/div><\/div>\n\n\n\n<p><\/p>\n\n\n\n<p>Son si\u00e8ge est au Cin\u00e9ma Eldorado, 5 rue de la r\u00e9publique \u00e0 Saint-Pierre d&rsquo;Ol\u00e9ron. Elle s&rsquo;est donn\u00e9e pour objet, comme le pr\u00e9cise ses statuts, \u00abde promouvoir la connaissance des soci\u00e9t\u00e9s et des cultures africaines par l&rsquo;organisation de rencontres cin\u00e9matographiques, de conf\u00e9rences, de colloques et de manifestations culturelles\u00bb. L&rsquo;association compte 59 membres en 2018. Elle a \u00e0 sa t\u00eate un conseil d&rsquo;administration qui compte actuellement 10 membres et est pr\u00e9sid\u00e9 par G\u00e9rard La Cognata.<\/p>\n","protected":false},"excerpt":{"rendered":"<p>Qui sommes-nous ? \u00ab\u00a0VISIONS D&rsquo;AFRIQUE\u00a0\u00bb, Rencontres Cin\u00e9matographiques du Pays Marennes Ol\u00e9ron, sont n\u00e9es de la volont\u00e9 partag\u00e9e de deux associations, Le LOCAL (Lien Ol\u00e9ronais pour la Culture, l&rsquo;Animation et les Loisirs ) association n\u00e9e en 1982, qui assure la gestion des salles de Marennes et de Saint Pierre d&rsquo;Ol\u00e9ron, et AFRIQUES EN SCENE, n\u00e9e en [&hellip;]<\/p>\n","protected":false},"author":1,"featured_media":0,"parent":0,"menu_order":10,"comment_status":"closed","ping_status":"closed","template":"","meta":{"_acf_changed":false,"_uag_custom_page_level_css":"","footnotes":""},"class_list":["post-1190","page","type-page","status-publish","hentry"],"acf":[],"uagb_featured_image_src":{"full":false,"thumbnail":false,"medium":false,"medium_large":false,"large":false,"1536x1536":false,"2048x2048":false},"uagb_author_info":{"display_name":"Julien","author_link":"https:\/\/visionsdafrique.fr\/2023\/author\/hapi_admin\/"},"uagb_comment_info":0,"uagb_excerpt":"Qui sommes-nous ? \u00ab\u00a0VISIONS D&rsquo;AFRIQUE\u00a0\u00bb, Rencontres Cin\u00e9matographiques du Pays Marennes Ol\u00e9ron, sont n\u00e9es de la volont\u00e9 partag\u00e9e de deux associations, Le LOCAL (Lien Ol\u00e9ronais pour la Culture, l&rsquo;Animation et les Loisirs ) association n\u00e9e en 1982, qui assure la gestion des salles de Marennes et de Saint Pierre d&rsquo;Ol\u00e9ron, et AFRIQUES EN SCENE, n\u00e9e en\u2026","_links":{"self":[{"href":"https:\/\/visionsdafrique.fr\/2023\/wp-json\/wp\/v2\/pages\/1190","targetHints":{"allow":["GET"]}}],"collection":[{"href":"https:\/\/visionsdafrique.fr\/2023\/wp-json\/wp\/v2\/pages"}],"about":[{"href":"https:\/\/visionsdafrique.fr\/2023\/wp-json\/wp\/v2\/types\/page"}],"author":[{"embeddable":true,"href":"https:\/\/visionsdafrique.fr\/2023\/wp-json\/wp\/v2\/users\/1"}],"replies":[{"embeddable":true,"href":"https:\/\/visionsdafrique.fr\/2023\/wp-json\/wp\/v2\/comments?post=1190"}],"version-history":[{"count":11,"href":"https:\/\/visionsdafrique.fr\/2023\/wp-json\/wp\/v2\/pages\/1190\/revisions"}],"predecessor-version":[{"id":4040,"href":"https:\/\/visionsdafrique.fr\/2023\/wp-json\/wp\/v2\/pages\/1190\/revisions\/4040"}],"wp:attachment":[{"href":"https:\/\/visionsdafrique.fr\/2023\/wp-json\/wp\/v2\/media?parent=1190"}],"curies":[{"name":"wp","href":"https:\/\/api.w.org\/{rel}","templated":true}]}}