{"id":110,"date":"2018-08-08T10:59:43","date_gmt":"2018-08-08T08:59:43","guid":{"rendered":"https:\/\/visionsdafrique.fr\/2023\/?page_id=110"},"modified":"2023-09-19T10:06:36","modified_gmt":"2023-09-19T08:06:36","slug":"autour-du-festival","status":"publish","type":"page","link":"https:\/\/visionsdafrique.fr\/2023\/autour-du-festival\/","title":{"rendered":"Autour du festival"},"content":{"rendered":"\n<h2 class=\"wp-block-heading icon-title\">Une s\u00e9ance de Visions d&rsquo;Afrique \u00e0 l&rsquo;Apollo Cin\u00e9 8 de Rochefort<\/h2>\n\n\n\n<p>avec <strong>Rochefort sur Toile<\/strong><\/p>\n\n\n\n<div class=\"wp-block-media-text alignwide is-stacked-on-mobile rounded has-background\" style=\"background-color:#f1f1f1;grid-template-columns:35% auto\"><figure class=\"wp-block-media-text__media\"><a href=\"https:\/\/visionsdafrique.fr\/2023\/film\/shimoni\/\"><img loading=\"lazy\" decoding=\"async\" width=\"719\" height=\"1024\" src=\"https:\/\/visionsdafrique.fr\/2023\/wp-content\/uploads\/sites\/8\/2023\/09\/Shimoni-Poste-719x1024.jpg\" alt=\"\" class=\"wp-image-4794 size-full\" srcset=\"https:\/\/visionsdafrique.fr\/2023\/wp-content\/uploads\/sites\/8\/2023\/09\/Shimoni-Poste-719x1024.jpg 719w, https:\/\/visionsdafrique.fr\/2023\/wp-content\/uploads\/sites\/8\/2023\/09\/Shimoni-Poste-211x300.jpg 211w, https:\/\/visionsdafrique.fr\/2023\/wp-content\/uploads\/sites\/8\/2023\/09\/Shimoni-Poste-768x1093.jpg 768w, https:\/\/visionsdafrique.fr\/2023\/wp-content\/uploads\/sites\/8\/2023\/09\/Shimoni-Poste-1079x1536.jpg 1079w, https:\/\/visionsdafrique.fr\/2023\/wp-content\/uploads\/sites\/8\/2023\/09\/Shimoni-Poste-17x24.jpg 17w, https:\/\/visionsdafrique.fr\/2023\/wp-content\/uploads\/sites\/8\/2023\/09\/Shimoni-Poste-25x36.jpg 25w, https:\/\/visionsdafrique.fr\/2023\/wp-content\/uploads\/sites\/8\/2023\/09\/Shimoni-Poste-34x48.jpg 34w, https:\/\/visionsdafrique.fr\/2023\/wp-content\/uploads\/sites\/8\/2023\/09\/Shimoni-Poste.jpg 1200w\" sizes=\"auto, (max-width: 719px) 100vw, 719px\" \/><\/a><\/figure><div class=\"wp-block-media-text__content\">\n<h3 class=\"wp-block-heading icon-title has-text-color\" style=\"color:#fc222a\">Mardi 10 octobre \u00e0 20 h<\/h3>\n\n\n\n<h3 class=\"wp-block-heading\"><a href=\"https:\/\/visionsdafrique.fr\/2023\/film\/shimoni\/\" data-type=\"film\" data-id=\"4793\">Shimoni<\/a><\/h3>\n\n\n\n<p>de <strong><a href=\"https:\/\/visionsdafrique.fr\/2023\/intervenant\/angela-wanjiku-wamai\/\" data-type=\"intervenants\" data-id=\"4792\">Angela Wanjiku Wamai<\/a><\/strong><\/p>\n\n\n\n<p><strong>L&rsquo;association Rochefort sur Toile<\/strong> organise, en relation avec le Festival Visions d&rsquo;Afrique , une soir\u00e9e consacr\u00e9e \u00e0 la projection du film <strong><em><a href=\"https:\/\/visionsdafrique.fr\/2023\/film\/shimoni\/\" data-type=\"film\" data-id=\"4793\">Shimoni <\/a><\/em><\/strong>de <strong>Angela Wanjiku Wamai<\/strong> qui a obtenu<strong> l\u2019\u00c9talon de Bronze au Fespaco 2023 et le Grand Prix Semb\u00e8ne Ousmane du Festival international du cin\u00e9ma africain de Khouribga (FICAK), 2023.<\/strong><\/p>\n<\/div><\/div>\n\n\n\n<div style=\"height:80px\" aria-hidden=\"true\" class=\"wp-block-spacer\"><\/div>\n\n\n\n<h2 class=\"wp-block-heading icon-title\">Conf\u00e9rence de l\u2019Universit\u00e9 du Temps Libre Marennes Ol\u00e9ron<\/h2>\n\n\n\n<h3 class=\"wp-block-heading\"><strong>Les images rupestres du Sahara\u00a0<br><\/strong>D\u00e9couvertes et perspectives<\/h3>\n\n\n\n<h3 class=\"wp-block-heading icon-title has-text-color\" style=\"color:#fc222a\">Cin\u00e9ma Eldorado &#8211; Lundi 16 octobre 15h<\/h3>\n\n\n\n<figure class=\"wp-block-image size-large rounded\"><img loading=\"lazy\" decoding=\"async\" width=\"1024\" height=\"768\" src=\"https:\/\/visionsdafrique.fr\/2023\/wp-content\/uploads\/sites\/8\/2023\/09\/peinture-tassilienne-1024x768.jpg\" alt=\"\" class=\"wp-image-5065\" title=\"\" srcset=\"https:\/\/visionsdafrique.fr\/2023\/wp-content\/uploads\/sites\/8\/2023\/09\/peinture-tassilienne-1024x768.jpg 1024w, https:\/\/visionsdafrique.fr\/2023\/wp-content\/uploads\/sites\/8\/2023\/09\/peinture-tassilienne-300x225.jpg 300w, https:\/\/visionsdafrique.fr\/2023\/wp-content\/uploads\/sites\/8\/2023\/09\/peinture-tassilienne-768x576.jpg 768w, https:\/\/visionsdafrique.fr\/2023\/wp-content\/uploads\/sites\/8\/2023\/09\/peinture-tassilienne.jpg 1280w\" sizes=\"auto, (max-width: 1024px) 100vw, 1024px\" \/><figcaption class=\"wp-element-caption\"><sup>Illustration\u00a0: b\u0153uf porteur peint sur une paroi tassilienne dans le style\u00a0d\u2019Iheran.<\/sup><\/figcaption><\/figure>\n\n\n\n<p>Depuis leur d\u00e9couverte en 1850, une trentaine d&rsquo;ann\u00e9es avant celle de l\u2019art des cavernes \u00e0 Altamira et presque un si\u00e8cle avant celles de Lascaux, les images rupestres du Sahara, peintures et gravures, ont r\u00e9v\u00e9l\u00e9 un monde fascinant. Pourtant, il a fallu attendre les ann\u00e9es 1950 pour que le grand public soit inform\u00e9 de leur existence et prenne connaissance de la disparition d\u2019un ancien \u00ab\u00a0Sahara vert\u00a0\u00bb qui, aujourd\u2019hui, fait r\u00eaver. Au Sahara central, sur les parois orn\u00e9es du plateau tassilien, les ensembles qu\u2019on a surnomm\u00e9s \u00ab\u00a0fresques du Tassili\u00a0\u00bb montrent en effet des repr\u00e9sentations de girafes, \u00e9l\u00e9phants, crocodiles, rhinoc\u00e9ros et hippopotames c\u00f4toyant des sc\u00e8nes illustrant la vie quotidienne des populations disparues qui nous ont l\u00e9gu\u00e9 ces milliers de chefs-d\u2019\u0153uvre. Cet ensemble t\u00e9moigne d\u2019un changement climatique radical, d\u2019une ampleur comparable \u00e0 celui qui nous attend. Ce changement a-t-il \u00e9t\u00e9 abrupt ou progressif\u00a0? Ces images t\u00e9moignent-elles du pass\u00e9 d\u2019une ou plusieurs civilisations\u00a0? Quand celles-ci ont-elles v\u00e9cu\u2026 et disparu\u00a0?\u00a0Ces figures ont fait l\u2019objet de tr\u00e8s nombreuses sp\u00e9culations (certains les ont m\u00eame attribu\u00e9es \u00e0 des extraterrestres\u00a0!), mais c\u2019est depuis quelques ann\u00e9es seulement que cette \u00e9norme documentation, d\u00e9sormais \u00e9tendue \u00e0 l\u2019ensemble du Sahara,\u00a0commence \u00e0 r\u00e9ellement livrer ses secrets.<\/p>\n\n\n\n<div class=\"wp-block-media-text is-stacked-on-mobile is-image-fill rounded has-background\" style=\"background-color:#f1f1f1;grid-template-columns:34% auto\"><figure class=\"wp-block-media-text__media\" style=\"background-image:url(https:\/\/visionsdafrique.fr\/2023\/wp-content\/uploads\/sites\/8\/2023\/09\/JL-Le-Quellec-708x1024.jpg);background-position:46% 18%\"><img loading=\"lazy\" decoding=\"async\" width=\"708\" height=\"1024\" src=\"https:\/\/visionsdafrique.fr\/2023\/wp-content\/uploads\/sites\/8\/2023\/09\/JL-Le-Quellec-708x1024.jpg\" alt=\"\" class=\"wp-image-5064 size-full\" srcset=\"https:\/\/visionsdafrique.fr\/2023\/wp-content\/uploads\/sites\/8\/2023\/09\/JL-Le-Quellec-708x1024.jpg 708w, https:\/\/visionsdafrique.fr\/2023\/wp-content\/uploads\/sites\/8\/2023\/09\/JL-Le-Quellec-208x300.jpg 208w, https:\/\/visionsdafrique.fr\/2023\/wp-content\/uploads\/sites\/8\/2023\/09\/JL-Le-Quellec-768x1110.jpg 768w, https:\/\/visionsdafrique.fr\/2023\/wp-content\/uploads\/sites\/8\/2023\/09\/JL-Le-Quellec-1062x1536.jpg 1062w, https:\/\/visionsdafrique.fr\/2023\/wp-content\/uploads\/sites\/8\/2023\/09\/JL-Le-Quellec.jpg 1328w\" sizes=\"auto, (max-width: 708px) 100vw, 708px\" \/><\/figure><div class=\"wp-block-media-text__content\">\n<h4 class=\"wp-block-heading\">Jean-Lo\u00efc Le Quellec<\/h4>\n\n\n\n<p><strong>anthropologue, pr\u00e9historien, mythologue<\/strong><\/p>\n\n\n\n<p>Jean-Lo\u00efc Le Quellec est directeur de recherche \u00e9m\u00e9rite \u00e0 l\u2019Institut des Mondes africains (CNRS). S\u2019int\u00e9ressant notamment aux relations entre mythes et images rupestres, il est l\u2019auteur de nombreuses publications dans des revues scientifiques et a sign\u00e9 une quarantaine de livres, dont\u00a0Arts rupestres et mythologies en Afrique\u00a0(2004),\u00a0Dictionnaire critique de mythologie\u00a0(2017, avec Bernard Sergent),L\u2019Homme de Lascaux et l\u2019\u00e9nigme du puits\u00a0(2018),\u00a0Avant nous le d\u00e9luge\u00a0!\u00a0(2021),\u00a0La Caverne originelle\u00a0(2022) et\u00a0Des Martiens au Sahara\u00a0(2023).<\/p>\n<\/div><\/div>\n\n\n\n<div style=\"height:39px\" aria-hidden=\"true\" class=\"wp-block-spacer\"><\/div>\n\n\n\n<div style=\"height:80px\" aria-hidden=\"true\" class=\"wp-block-spacer\"><\/div>\n\n\n\n<div class=\"wp-block-group d-none uag-hide-desktop uag-hide-tab uag-hide-mob\"><div class=\"wp-block-group__inner-container is-layout-constrained wp-block-group-is-layout-constrained\">\n<h1 class=\"wp-block-heading\">Atelier d\u00e9couverte du Kamalen\u2019goni<\/h1>\n\n\n\n<span class=\"separator-big-horiz\"><\/span>\n\n\n\n<h3 class=\"wp-block-heading has-text-color\" style=\"color:#fc222a\">Samedi 22 octobre 2022 \u00e0 10h \u00e0 l\u2019Eldorado<\/h3>\n\n\n\n<p>Le N&rsquo;Goni est un instrument \u00e0 cordes pinc\u00e9es, l&rsquo;un des tr\u00e9sors de l&rsquo;Afrique, plus particuli\u00e8rement dans la r\u00e9gion de Wassoulou au Mali. Instrument de musique incontournable de la culture des griots et du monde des chasseurs(Dozo), il existe depuis la nuit de temps. Le kam\u00e9len\u2019ngoni (\u00ab instrument des jeunes hommes \u00bb) compte g\u00e9n\u00e9ralement de six \u00e0 douze cordes. On consid\u00e8re les kamalen\u2019ngoni comme des harpes-luths cousines de la kora).<\/p>\n\n\n\n<figure class=\"wp-block-image size-full is-resized\"><img loading=\"lazy\" decoding=\"async\" src=\"https:\/\/visionsdafrique.fr\/2023\/wp-content\/uploads\/sites\/8\/2020\/10\/kamalengoni.jpg\" alt=\"\" class=\"wp-image-2876\" style=\"width:667px;height:500px\" width=\"667\" height=\"500\" srcset=\"https:\/\/visionsdafrique.fr\/2023\/wp-content\/uploads\/sites\/8\/2020\/10\/kamalengoni.jpg 667w, https:\/\/visionsdafrique.fr\/2023\/wp-content\/uploads\/sites\/8\/2020\/10\/kamalengoni-300x225.jpg 300w, https:\/\/visionsdafrique.fr\/2023\/wp-content\/uploads\/sites\/8\/2020\/10\/kamalengoni-24x18.jpg 24w, https:\/\/visionsdafrique.fr\/2023\/wp-content\/uploads\/sites\/8\/2020\/10\/kamalengoni-36x27.jpg 36w, https:\/\/visionsdafrique.fr\/2023\/wp-content\/uploads\/sites\/8\/2020\/10\/kamalengoni-48x36.jpg 48w\" sizes=\"auto, (max-width: 667px) 100vw, 667px\" \/><\/figure>\n\n\n\n<p><strong>Kamalen\u2019goni<br><\/strong>L\u2019atelier d&rsquo;initiation sera anim\u00e9 par <strong>Joris Feuill\u00e2tre<\/strong> (musicien et facteur de Kamalen&rsquo;goni) qui a \u00e9tudi\u00e9 aupr\u00e8s de Abou Diarra, l\u2019un des ma\u00eetres maliens du Kamalen\u2019goni,.<\/p>\n\n\n\n<blockquote class=\"wp-block-quote is-layout-flow wp-block-quote-is-layout-flow\">\n<p><strong>Atelier gratuit et limit\u00e9 \u00e0 10 personnes<\/strong><br>Samedi 22 octobre \u00e0 l&rsquo;Eldorado \u00e0 partir de 10h.<br>Inscription aupr\u00e8s du LOCAL : 05 47 46 82 31<\/p>\n<\/blockquote>\n\n\n\n<figure class=\"wp-block-image size-full\"><img loading=\"lazy\" decoding=\"async\" width=\"1024\" height=\"685\" src=\"https:\/\/visionsdafrique.fr\/2023\/wp-content\/uploads\/sites\/8\/2023\/09\/image.jpeg\" alt=\"L\u2019attribut alt de cette image est vide, son nom de fichier est kamalengoni2-1024x685.jpg.\" class=\"wp-image-5063\" srcset=\"https:\/\/visionsdafrique.fr\/2023\/wp-content\/uploads\/sites\/8\/2023\/09\/image.jpeg 1024w, https:\/\/visionsdafrique.fr\/2023\/wp-content\/uploads\/sites\/8\/2023\/09\/image-300x201.jpeg 300w, https:\/\/visionsdafrique.fr\/2023\/wp-content\/uploads\/sites\/8\/2023\/09\/image-768x514.jpeg 768w\" sizes=\"auto, (max-width: 1024px) 100vw, 1024px\" \/><\/figure>\n<\/div><\/div>\n","protected":false},"excerpt":{"rendered":"<p>Une s\u00e9ance de Visions d&rsquo;Afrique \u00e0 l&rsquo;Apollo Cin\u00e9 8 de Rochefort avec Rochefort sur Toile Mardi 10 octobre \u00e0 20 h Shimoni de Angela Wanjiku Wamai L&rsquo;association Rochefort sur Toile organise, en relation avec le Festival Visions d&rsquo;Afrique , une soir\u00e9e consacr\u00e9e \u00e0 la projection du film Shimoni de Angela Wanjiku Wamai qui a obtenu [&hellip;]<\/p>\n","protected":false},"author":1,"featured_media":0,"parent":0,"menu_order":9,"comment_status":"closed","ping_status":"closed","template":"","meta":{"_acf_changed":false,"_uag_custom_page_level_css":"","footnotes":""},"class_list":["post-110","page","type-page","status-publish","hentry"],"acf":[],"uagb_featured_image_src":{"full":false,"thumbnail":false,"medium":false,"medium_large":false,"large":false,"1536x1536":false,"2048x2048":false},"uagb_author_info":{"display_name":"Julien","author_link":"https:\/\/visionsdafrique.fr\/2023\/author\/hapi_admin\/"},"uagb_comment_info":0,"uagb_excerpt":"Une s\u00e9ance de Visions d&rsquo;Afrique \u00e0 l&rsquo;Apollo Cin\u00e9 8 de Rochefort avec Rochefort sur Toile Mardi 10 octobre \u00e0 20 h Shimoni de Angela Wanjiku Wamai L&rsquo;association Rochefort sur Toile organise, en relation avec le Festival Visions d&rsquo;Afrique , une soir\u00e9e consacr\u00e9e \u00e0 la projection du film Shimoni de Angela Wanjiku Wamai qui a obtenu\u2026","_links":{"self":[{"href":"https:\/\/visionsdafrique.fr\/2023\/wp-json\/wp\/v2\/pages\/110","targetHints":{"allow":["GET"]}}],"collection":[{"href":"https:\/\/visionsdafrique.fr\/2023\/wp-json\/wp\/v2\/pages"}],"about":[{"href":"https:\/\/visionsdafrique.fr\/2023\/wp-json\/wp\/v2\/types\/page"}],"author":[{"embeddable":true,"href":"https:\/\/visionsdafrique.fr\/2023\/wp-json\/wp\/v2\/users\/1"}],"replies":[{"embeddable":true,"href":"https:\/\/visionsdafrique.fr\/2023\/wp-json\/wp\/v2\/comments?post=110"}],"version-history":[{"count":34,"href":"https:\/\/visionsdafrique.fr\/2023\/wp-json\/wp\/v2\/pages\/110\/revisions"}],"predecessor-version":[{"id":5068,"href":"https:\/\/visionsdafrique.fr\/2023\/wp-json\/wp\/v2\/pages\/110\/revisions\/5068"}],"wp:attachment":[{"href":"https:\/\/visionsdafrique.fr\/2023\/wp-json\/wp\/v2\/media?parent=110"}],"curies":[{"name":"wp","href":"https:\/\/api.w.org\/{rel}","templated":true}]}}