{"id":108,"date":"2018-08-08T10:59:17","date_gmt":"2018-08-08T08:59:17","guid":{"rendered":"https:\/\/visionsdafrique.fr\/2023\/?page_id=108"},"modified":"2023-09-19T10:06:36","modified_gmt":"2023-09-19T08:06:36","slug":"expositions-conferences","status":"publish","type":"page","link":"https:\/\/visionsdafrique.fr\/2023\/expositions-conferences\/","title":{"rendered":"Expositions"},"content":{"rendered":"\n<h2 class=\"wp-block-heading icon-title\">J\u00e9r\u00f4me Plon : <em>Les solitaires de Nouadhibou<\/em><\/h2>\n\n\n\n<h3 class=\"wp-block-heading\">M\u00e9diath\u00e8que de Marennes<\/h3>\n\n\n\n<h3 class=\"wp-block-heading icon-title has-text-color\" style=\"color:#e20019\">Vernissage jeudi 19 octobre \u00e0 18 h<\/h3>\n\n\n\n<figure class=\"wp-block-image size-large rounded\"><img loading=\"lazy\" decoding=\"async\" width=\"1024\" height=\"681\" src=\"https:\/\/visionsdafrique.fr\/2023\/wp-content\/uploads\/sites\/8\/2023\/09\/photo-plon1-1024x681.jpg\" alt=\"\" class=\"wp-image-5031\" srcset=\"https:\/\/visionsdafrique.fr\/2023\/wp-content\/uploads\/sites\/8\/2023\/09\/photo-plon1-1024x681.jpg 1024w, https:\/\/visionsdafrique.fr\/2023\/wp-content\/uploads\/sites\/8\/2023\/09\/photo-plon1-300x199.jpg 300w, https:\/\/visionsdafrique.fr\/2023\/wp-content\/uploads\/sites\/8\/2023\/09\/photo-plon1-768x510.jpg 768w, https:\/\/visionsdafrique.fr\/2023\/wp-content\/uploads\/sites\/8\/2023\/09\/photo-plon1-1536x1021.jpg 1536w, https:\/\/visionsdafrique.fr\/2023\/wp-content\/uploads\/sites\/8\/2023\/09\/photo-plon1.jpg 1920w\" sizes=\"auto, (max-width: 1024px) 100vw, 1024px\" \/><\/figure>\n\n\n\n<p>Photographe, R\u00e9alisateur de plusieurs courts m\u00e9trages, il est \u00e9galement sc\u00e9nariste, docteur en Physique et intervient r\u00e9guli\u00e8rement dans le cadre des dispositifs d\u2019\u00e9ducation \u00e0 l\u2019image comme Lyc\u00e9ens au cin\u00e9ma. Photographe de plateau sur une trentaine de long-m\u00e9trages,\u00a0il a collabor\u00e9 pendant plus de dix ans avec C\u00e9dric Klapisch, en tant que photographe et r\u00e9alisateur de making-of.\u00a0 Il r\u00e9alise r\u00e9guli\u00e8rement des reportages pour le site <em>Solidarum<\/em>, les <em>\u00e9ditions Hachette<\/em> ou des soci\u00e9t\u00e9s. Il a expos\u00e9 ses photographies dans les galeries <em>Fnac <\/em>et \u00e0 la <em>BIFI <\/em>notamment.<\/p>\n\n\n\n<div class=\"wp-block-media-text is-stacked-on-mobile is-vertically-aligned-top is-image-fill\" style=\"grid-template-columns:40% auto\"><figure class=\"wp-block-media-text__media\" style=\"background-image:url(https:\/\/visionsdafrique.fr\/2023\/wp-content\/uploads\/sites\/8\/2023\/09\/phto-plon-2-1-678x1024.jpg);background-position:50% 50%\"><img loading=\"lazy\" decoding=\"async\" width=\"678\" height=\"1024\" src=\"https:\/\/visionsdafrique.fr\/2023\/wp-content\/uploads\/sites\/8\/2023\/09\/phto-plon-2-1-678x1024.jpg\" alt=\"\" class=\"wp-image-5033 size-full\" srcset=\"https:\/\/visionsdafrique.fr\/2023\/wp-content\/uploads\/sites\/8\/2023\/09\/phto-plon-2-1-678x1024.jpg 678w, https:\/\/visionsdafrique.fr\/2023\/wp-content\/uploads\/sites\/8\/2023\/09\/phto-plon-2-1-199x300.jpg 199w, https:\/\/visionsdafrique.fr\/2023\/wp-content\/uploads\/sites\/8\/2023\/09\/phto-plon-2-1-768x1159.jpg 768w, https:\/\/visionsdafrique.fr\/2023\/wp-content\/uploads\/sites\/8\/2023\/09\/phto-plon-2-1.jpg 795w\" sizes=\"auto, (max-width: 678px) 100vw, 678px\" \/><\/figure><div class=\"wp-block-media-text__content\">\n<p><em>\u00ab\u00a0Je suis parti en Mauritanie, \u00e0 Nouadhibou, travailler sur le tournage du film d\u2019Abderrahmane Sissoko, en attendant le bonheur (Heremakono). Rapidement, les difficult\u00e9s avec les autorit\u00e9s et la censure perturbent le tournage qui s\u2019arr\u00eate et reprend\u2026Pour moi cela signifie beaucoup d\u2019attente, et du temps libre. Je me perds dans Bagdad, le quartier o\u00f9 l\u2019on tourne.<br>Au d\u00e9but je n\u2019arrive pas \u00e0 photographier dans la rue, les regards sont durs. Je sympathise avec les figurants, je rencontre les habitants du quartier : des Maures, mais aussi des S\u00e9n\u00e9galais, Maliens, Gambiens, Guin\u00e9ens\u2026 Nouadhibou est une ville d\u2019exil, tourn\u00e9e vers l\u2019oc\u00e9an avec le d\u00e9sert dans le dos. On y vient pour gagner un peu d\u2019argent avant de partir vers un ailleurs.<br>Je crois pouvoir passer de l\u2019autre c\u00f4t\u00e9 du miroir et comprendre cette ville. Mais avec les vents de sable, les certitudes s\u2019envolent comme les d\u00e9tritus, les bo\u00eetiers s\u2019enrayent et les id\u00e9es aussi.<br>Finalement je m\u2019allonge, je prends le th\u00e9, \u00e0 l\u2019abri du vent, du soleil et de sa lumi\u00e8re blanche. Et je me sens seul, comme tous les autres ici dans cette ville, \u00e7a doit \u00eatre le d\u00e9sert.\u00a0\u00bb<\/em><\/p>\n\n\n\n<p>J\u00e9r\u00f4me Plon<\/p>\n<\/div><\/div>\n\n\n\n<div style=\"height:50px\" aria-hidden=\"true\" class=\"wp-block-spacer\"><\/div>\n\n\n\n<h2 class=\"wp-block-heading icon-title\">Exposition de photographies de Catherine, Bernard et Eric Desjeux\u00a0: <em>S\u00e9n\u00e9gal instants d\u2019ann\u00e9es<\/em><\/h2>\n\n\n\n<h3 class=\"wp-block-heading\">Cin\u00e9ma l\u2019Eldorado &#8211; St-Pierre d\u2019Ol\u00e9ron<\/h3>\n\n\n\n<h3 class=\"wp-block-heading icon-title has-text-color\" style=\"color:#e20019\">Vernissage samedi 21 octobre \u00e0 12 h<\/h3>\n\n\n\n<p><em>\u00ab\u00a0Ces images capturent magnifiquement les sens multiples du S\u00e9n\u00e9gal. S\u00e9n\u00e9gal instants d\u2019ann\u00e9es est un regard attentif et aimant qui a laiss\u00e9 venir \u00e0 lui la vie de ce pays, et a su se couler dans son mouvement pour mieux le traduire en images et en mots.\u00a0\u00bb<\/em><br>Souleymane Bachir Diagne<br>Columbia University, Director of the Institute of African Studies, New York, USA<\/p>\n\n\n\n<div class=\"wp-block-media-text is-stacked-on-mobile\"><figure class=\"wp-block-media-text__media\"><img loading=\"lazy\" decoding=\"async\" width=\"602\" height=\"830\" src=\"https:\/\/visionsdafrique.fr\/2023\/wp-content\/uploads\/sites\/8\/2023\/09\/Senegal-expo.jpg\" alt=\"\" class=\"wp-image-5036 size-full\" srcset=\"https:\/\/visionsdafrique.fr\/2023\/wp-content\/uploads\/sites\/8\/2023\/09\/Senegal-expo.jpg 602w, https:\/\/visionsdafrique.fr\/2023\/wp-content\/uploads\/sites\/8\/2023\/09\/Senegal-expo-218x300.jpg 218w\" sizes=\"auto, (max-width: 602px) 100vw, 602px\" \/><\/figure><div class=\"wp-block-media-text__content\">\n<p>Cette exposition, qui accompagne le livre S\u00e9n\u00e9gal instants d\u2019ann\u00e9es, rassemble des photographies prises au cours de nombreuses ann\u00e9es, mettant en perspective une nation en pleine \u00e9volution et abordant divers aspects du pays de mani\u00e8re vivante et sensible\u2009: l\u2019agriculture, la p\u00eache, l\u2019\u00e9conomie, l\u2019artisanat, la musique, la vie quotidienne, la religion, la g\u00e9ographie\u2026<br>Dans ce pays du Sahel, sont mis en valeur l\u2019accueil, l\u2019hospitalit\u00e9. Pour les S\u00e9n\u00e9galais, il n\u2019est de vraie richesse que dans les rapports avec l\u2019autre, l\u2019ouverture sur le monde. C\u2019est pourquoi une large part est donn\u00e9e \u00e0 l\u2019humain o\u00f9 la jeunesse majoritaire d\u00e9borde de vitalit\u00e9, joyeuse et r\u00e2leuse.<br>Un S\u00e9n\u00e9gal vu \u00e0 hauteur d\u2019homme, dans sa diversit\u00e9. Des instants d\u2019ann\u00e9es.<\/p>\n<\/div><\/div>\n\n\n\n<p><strong>Catherine et Bernard Desjeux<\/strong>, journalistes reporters photographes ind\u00e9pendants, sont connus pour leur regard humaniste sur le monde.\u2008Ils s\u2019int\u00e9ressent plus particuli\u00e8rement aux rapports de l\u2019homme et de l\u2019environnement au Sahara, en Afrique noire et en France. Curieux de tout, ils effectuent de longs s\u00e9jours, attentifs aux autres, ce qui leur vaut de nombreuses amiti\u00e9s.<br>Nous avons id\u00e9e de donner du sens au monde, l\u2019Europe n\u2019en \u00e9tant pas le centre. Concern\u00e9s, nous nous impliquons autant que faire se peut, essayant de d\u00e9tricoter la pens\u00e9e toute faite, de faire un pas de c\u00f4t\u00e9, de s\u2019enrichir des autres si diff\u00e9rents, et c\u2019est tant mieux. Imaginez un monde o\u00f9 tous penseraient pareil, quelle tristesse ! Passeurs, nous \u00e9coutons beaucoup\u2009: la Loire, les Touaregs et le grand Sahara, le vaudou, le monde rural, une Afrique plurielle, l\u2019environnement\u2026<br>Alors photographes ? S\u00fbrement, peut-\u00eatre un petit peu, mais travers\u00e9s par la musique, la litt\u00e9rature, la peinture\u2026 On brouille les pistes avec une signature commune. Qui fait quoi ? Va savoir ! Nous avons toujours eu beaucoup de mal \u00e0 nous mettre dans une case.<br>Auteurs de nombreux livres, parmi lesquels\u2009: Afriques, tout partout partager (pr\u00e9face Ray L\u00e9ma)\u00a0 Grandvaux ; Sahara, la passion de la vie, Nathan-image, Fleuve Niger, c\u0153ur du Mali\u2009; Sine Saloum, terre et mer, S\u00e9n\u00e9gal, Grandvaux. Ils ont obtenu le Grand Prix beau-livre de la Presse panafricaine en 2019 pour Kankan Nabaya, la ville de l\u2019hospitalit\u00e9, Guin\u00e9e (avec un film d\u2019Eric Desjeux).<\/p>\n","protected":false},"excerpt":{"rendered":"<p>J\u00e9r\u00f4me Plon : Les solitaires de Nouadhibou M\u00e9diath\u00e8que de Marennes Vernissage jeudi 19 octobre \u00e0 18 h Photographe, R\u00e9alisateur de plusieurs courts m\u00e9trages, il est \u00e9galement sc\u00e9nariste, docteur en Physique et intervient r\u00e9guli\u00e8rement dans le cadre des dispositifs d\u2019\u00e9ducation \u00e0 l\u2019image comme Lyc\u00e9ens au cin\u00e9ma. Photographe de plateau sur une trentaine de long-m\u00e9trages,\u00a0il a collabor\u00e9 [&hellip;]<\/p>\n","protected":false},"author":1,"featured_media":5031,"parent":0,"menu_order":8,"comment_status":"closed","ping_status":"closed","template":"","meta":{"_acf_changed":false,"_uag_custom_page_level_css":"","footnotes":""},"class_list":["post-108","page","type-page","status-publish","has-post-thumbnail","hentry"],"acf":[],"uagb_featured_image_src":{"full":["https:\/\/visionsdafrique.fr\/2023\/wp-content\/uploads\/sites\/8\/2023\/09\/photo-plon1.jpg",1920,1276,false],"thumbnail":["https:\/\/visionsdafrique.fr\/2023\/wp-content\/uploads\/sites\/8\/2023\/09\/photo-plon1-150x150.jpg",150,150,true],"medium":["https:\/\/visionsdafrique.fr\/2023\/wp-content\/uploads\/sites\/8\/2023\/09\/photo-plon1-300x199.jpg",300,199,true],"medium_large":["https:\/\/visionsdafrique.fr\/2023\/wp-content\/uploads\/sites\/8\/2023\/09\/photo-plon1-768x510.jpg",768,510,true],"large":["https:\/\/visionsdafrique.fr\/2023\/wp-content\/uploads\/sites\/8\/2023\/09\/photo-plon1-1024x681.jpg",1024,681,true],"1536x1536":["https:\/\/visionsdafrique.fr\/2023\/wp-content\/uploads\/sites\/8\/2023\/09\/photo-plon1-1536x1021.jpg",1536,1021,true],"2048x2048":["https:\/\/visionsdafrique.fr\/2023\/wp-content\/uploads\/sites\/8\/2023\/09\/photo-plon1.jpg",1920,1276,false]},"uagb_author_info":{"display_name":"Julien","author_link":"https:\/\/visionsdafrique.fr\/2023\/author\/hapi_admin\/"},"uagb_comment_info":0,"uagb_excerpt":"J\u00e9r\u00f4me Plon : Les solitaires de Nouadhibou M\u00e9diath\u00e8que de Marennes Vernissage jeudi 19 octobre \u00e0 18 h Photographe, R\u00e9alisateur de plusieurs courts m\u00e9trages, il est \u00e9galement sc\u00e9nariste, docteur en Physique et intervient r\u00e9guli\u00e8rement dans le cadre des dispositifs d\u2019\u00e9ducation \u00e0 l\u2019image comme Lyc\u00e9ens au cin\u00e9ma. Photographe de plateau sur une trentaine de long-m\u00e9trages,\u00a0il a collabor\u00e9\u2026","_links":{"self":[{"href":"https:\/\/visionsdafrique.fr\/2023\/wp-json\/wp\/v2\/pages\/108","targetHints":{"allow":["GET"]}}],"collection":[{"href":"https:\/\/visionsdafrique.fr\/2023\/wp-json\/wp\/v2\/pages"}],"about":[{"href":"https:\/\/visionsdafrique.fr\/2023\/wp-json\/wp\/v2\/types\/page"}],"author":[{"embeddable":true,"href":"https:\/\/visionsdafrique.fr\/2023\/wp-json\/wp\/v2\/users\/1"}],"replies":[{"embeddable":true,"href":"https:\/\/visionsdafrique.fr\/2023\/wp-json\/wp\/v2\/comments?post=108"}],"version-history":[{"count":61,"href":"https:\/\/visionsdafrique.fr\/2023\/wp-json\/wp\/v2\/pages\/108\/revisions"}],"predecessor-version":[{"id":5045,"href":"https:\/\/visionsdafrique.fr\/2023\/wp-json\/wp\/v2\/pages\/108\/revisions\/5045"}],"wp:featuredmedia":[{"embeddable":true,"href":"https:\/\/visionsdafrique.fr\/2023\/wp-json\/wp\/v2\/media\/5031"}],"wp:attachment":[{"href":"https:\/\/visionsdafrique.fr\/2023\/wp-json\/wp\/v2\/media?parent=108"}],"curies":[{"name":"wp","href":"https:\/\/api.w.org\/{rel}","templated":true}]}}