{"id":104,"date":"2018-08-08T10:58:16","date_gmt":"2018-08-08T08:58:16","guid":{"rendered":"https:\/\/visionsdafrique.fr\/2023\/?page_id=104"},"modified":"2023-09-19T10:06:36","modified_gmt":"2023-09-19T08:06:36","slug":"partenaires","status":"publish","type":"page","link":"https:\/\/visionsdafrique.fr\/2023\/partenaires\/","title":{"rendered":"Partenaires"},"content":{"rendered":"\n<h2 class=\"wp-block-heading\">ls soutiennent Visions d&rsquo;Afrique\u00a0<\/h2>\n\n\n\n<p><strong>Les partenaires \ufb01nanciers : <\/strong>DRAC \/ R\u00e9gion Nouvelle-Aquitaine \/ Conseil d\u00e9partemental 17 \/ Communaut\u00e9 de Communes du Bassin de Marennes \/ Communaut\u00e9 de Communes de l\u2019Ile d\u2019Ol\u00e9ron \/ Mairie Saint-Pierre-d\u2019Ol\u00e9ron \/ Mairie de Marennes-Hiers-Brouage \/ Fondation pour la lecture Cr\u00e9dit Mutuel \/ Agence pour le d\u00e9veloppement r\u00e9gional du cin\u00e9ma ADRC \/ les annonceurs : Odile Motelet \u2013 Chez Suz\u2019Yles \u2013 Librairies des Pertuis et Le Coureau \u2013 Marennes impression<\/p>\n\n\n\n<p><strong>Les partenaires :<\/strong> \u00c9ducation nationale \/ Institut fran\u00e7ais \/ Africultures \/ Demoiselle FM \/ Vogue Radio \/ Librairies des Pertuis et Le Coureau \/ les distributeurs : Ad Vitam \u2013 Sophie Dulac \u2013 Les Films du Paradoxe \u2013 Jour2f\u00eate \u2013 Pan distribution \u2013 Damned \u2013 Tandem \u2013 45rdlc \u2013 ARP \u2013 Sudu \ufb01lm \u2013 Singularis \ufb01lm \u2013 The Dark \u2013 Festival de Lausanne \u2013 Denis Cougnaud \/ h\u00f4tel Jardin d\u2019Ol\u00e9ron \/ UTL Marennes Ol\u00e9ron \/ Rochefort sur Toile<\/p>\n\n\n\n<figure class=\"wp-block-image size-full\"><img loading=\"lazy\" decoding=\"async\" width=\"1366\" height=\"95\" src=\"https:\/\/visionsdafrique.fr\/2023\/wp-content\/uploads\/sites\/8\/2023\/09\/visions-dafrique_partenaires.svg\" alt=\"\" class=\"wp-image-4845\"\/><\/figure>\n","protected":false},"excerpt":{"rendered":"<p>ls soutiennent Visions d&rsquo;Afrique\u00a0 Les partenaires \ufb01nanciers : DRAC \/ R\u00e9gion Nouvelle-Aquitaine \/ Conseil d\u00e9partemental 17 \/ Communaut\u00e9 de Communes du Bassin de Marennes \/ Communaut\u00e9 de Communes de l\u2019Ile d\u2019Ol\u00e9ron \/ Mairie Saint-Pierre-d\u2019Ol\u00e9ron \/ Mairie de Marennes-Hiers-Brouage \/ Fondation pour la lecture Cr\u00e9dit Mutuel \/ Agence pour le d\u00e9veloppement r\u00e9gional du cin\u00e9ma ADRC \/ [&hellip;]<\/p>\n","protected":false},"author":1,"featured_media":0,"parent":0,"menu_order":13,"comment_status":"closed","ping_status":"closed","template":"","meta":{"_acf_changed":false,"_uag_custom_page_level_css":"","footnotes":""},"class_list":["post-104","page","type-page","status-publish","hentry"],"acf":[],"uagb_featured_image_src":{"full":false,"thumbnail":false,"medium":false,"medium_large":false,"large":false,"1536x1536":false,"2048x2048":false},"uagb_author_info":{"display_name":"Julien","author_link":"https:\/\/visionsdafrique.fr\/2023\/author\/hapi_admin\/"},"uagb_comment_info":0,"uagb_excerpt":"ls soutiennent Visions d&rsquo;Afrique\u00a0 Les partenaires \ufb01nanciers : DRAC \/ R\u00e9gion Nouvelle-Aquitaine \/ Conseil d\u00e9partemental 17 \/ Communaut\u00e9 de Communes du Bassin de Marennes \/ Communaut\u00e9 de Communes de l\u2019Ile d\u2019Ol\u00e9ron \/ Mairie Saint-Pierre-d\u2019Ol\u00e9ron \/ Mairie de Marennes-Hiers-Brouage \/ Fondation pour la lecture Cr\u00e9dit Mutuel \/ Agence pour le d\u00e9veloppement r\u00e9gional du cin\u00e9ma ADRC \/\u2026","_links":{"self":[{"href":"https:\/\/visionsdafrique.fr\/2023\/wp-json\/wp\/v2\/pages\/104","targetHints":{"allow":["GET"]}}],"collection":[{"href":"https:\/\/visionsdafrique.fr\/2023\/wp-json\/wp\/v2\/pages"}],"about":[{"href":"https:\/\/visionsdafrique.fr\/2023\/wp-json\/wp\/v2\/types\/page"}],"author":[{"embeddable":true,"href":"https:\/\/visionsdafrique.fr\/2023\/wp-json\/wp\/v2\/users\/1"}],"replies":[{"embeddable":true,"href":"https:\/\/visionsdafrique.fr\/2023\/wp-json\/wp\/v2\/comments?post=104"}],"version-history":[{"count":7,"href":"https:\/\/visionsdafrique.fr\/2023\/wp-json\/wp\/v2\/pages\/104\/revisions"}],"predecessor-version":[{"id":4846,"href":"https:\/\/visionsdafrique.fr\/2023\/wp-json\/wp\/v2\/pages\/104\/revisions\/4846"}],"wp:attachment":[{"href":"https:\/\/visionsdafrique.fr\/2023\/wp-json\/wp\/v2\/media?parent=104"}],"curies":[{"name":"wp","href":"https:\/\/api.w.org\/{rel}","templated":true}]}}